{"id":10183,"date":"2020-03-13T16:17:54","date_gmt":"2020-03-13T16:17:54","guid":{"rendered":"https:\/\/www.treatwell.fr\/inspiration\/?page_id=10183"},"modified":"2024-08-14T15:31:13","modified_gmt":"2024-08-14T13:31:13","slug":"coronavirus","status":"publish","type":"page","link":"https:\/\/www.treatwell.fr/inspiration\/coronavirus\/","title":{"rendered":"Coronavirus"},"content":{"rendered":"\n\t\t\t\t<img loading=\"lazy\" decoding=\"async\" src=\"https:\/\/www.treatwell.fr/inspiration\/wp-content\/uploads\/sites\/4\/2020\/10\/FR_Corona_LP_mobile_EJ.png\" alt=\"FR_Corona_LP_mobile_EJ\" height=\"640\" width=\"1080\" title=\"FR_Corona_LP_mobile_EJ\" \/>\n\t<p>De retour au salon: le point sur la r\u00e9ouverture<\/p>\n\t<p>Comment se d\u00e9rouleront vos rendez-vous au salon ? Les mesures de distanciation sociale sont toujours en place, ainsi que les r\u00e8gles d&rsquo;hygi\u00e8ne et de s\u00e9curit\u00e9 et des limitations du nombre de personnes autoris\u00e9es. Dans cette optique, il est conseill\u00e9 de prendre rendez-vous en amont : la r\u00e9servation en ligne est la meilleure solution (vous pouvez le faire sur Treatwell jusqu&rsquo;\u00e0 trois mois \u00e0 l&rsquo;avance). Mais n&rsquo;attendez pas, les agendas des salons se remplissent vite.<\/p>\n<p>Nous continuons \u00e0 travailler en \u00e9troite collaboration avec nos salons partenaires pour assurer la sant\u00e9, la s\u00e9curit\u00e9 et le bien-\u00eatre de tous. Voici comment vous pouvez nous aider:<\/p>\n\t<p>Les bonnes nouvelles <strong>circulent<\/strong> vite ! Les agendas des salons sont d\u00e9j\u00e0 en train de se remplir, alors r\u00e9servez vite pour vous assurer de trouver un <strong>cr\u00e9neau<\/strong> disponible. Si vous devez d\u00e9caler un rendez-vous (si, par exemple, le soin beaut\u00e9 que vous avez r\u00e9serv\u00e9 n&rsquo;est actuellement pas disponible en raison de restrictions gouvernementales), vous pouvez le reporter en deux clics sur Treatwell.<\/p>\n\t<h4>Nous continuons \u00e0 travailler mains dans la main avec nos salons partenaires pour assurer la sant\u00e9, la s\u00e9curit\u00e9 et le bien-\u00eatre de tous. Voici comment vous pouvez nous aider:<\/h4>\n\t<p>1. <strong>Dans le respect des mesures de distanciation sociale<\/strong>, les salons peuvent \u00eatre amen\u00e9s \u00e0 limiter leur capacit\u00e9 d&rsquo;accueil ou \u00e0 refuser les clients n&rsquo;ayant pas r\u00e9serv\u00e9 au pr\u00e9alable. Pour vous garantir un rendez-vous, n&rsquo;oubliez pas de r\u00e9server en avance. <\/p>\n\t<p>2. <strong>Lavez et d\u00e9sinfectez vos mains r\u00e9guli\u00e8rement<\/strong> pour \u00e9viter la propagation des bact\u00e9ries. Essayez de le faire avant d&rsquo;arriver au salon et une fois que vous \u00eates \u00e0 l&rsquo;int\u00e9rieur (si possible). Pour bien laver vos mains, n&rsquo;oubliez pas la r\u00e8gle des 20 secondes.<\/p>\n\t<p>3. Si vous ne vous sentez pas bien, si vous avez \u00e9t\u00e9 malade r\u00e9cemment ou si vous avez \u00e9t\u00e9 en contact avec une personne atteinte du COVID-19, veuillez ne pas vous pr\u00e9senter \u00e0 votre rendez-vous. Ne vous inqui\u00e9tez pas, <strong>vous pouvez reporter vos rendez-vous en deux clics<\/strong> (m\u00eame si vous avez pr\u00e9pay\u00e9). Vous trouverez un lien pour reporter votre rendez-vous dans votre e-mail de confirmation ou dans la section \u00ab\u00a0Mes r\u00e9servations\u00a0\u00bb sur l&rsquo;app. <\/p>\n\t<p>4. M\u00eame si on sait que vous avez h\u00e2te de retrouver les \u00e9quipes de vos salons pr\u00e9f\u00e9r\u00e9s, \u00e9vitez les embrassades, les poign\u00e9es de main ou tout contact physique non n\u00e9cessaire. Assurons-nous tous de respecter les mesures de distanciation sociale.<\/p>\n\t<p>5. <strong>Pr\u00e9payez votre rendez-vous en avance (au moment de r\u00e9server)<\/strong> : c&rsquo;est la meilleure fa\u00e7on de ne pas avoir \u00e0 \u00e9changer de l&rsquo;argent au salon. En alternative, choisissez le paiement sans contact.<\/p>\n\t<p>6. Les salons partenaires peuvent d\u00e9cider de laisser leur porte d&rsquo;entr\u00e9e ouverte pour \u00e9viter que les clients ne touchent la poign\u00e9e. Si vous trouvez la porte ouverte en arrivant, demandez simplement \u00e0 un membre de l&rsquo;\u00e9quipe s&rsquo;il souhaite la garder ouverte.<\/p>\n\t<p>7. Nous vous conseillons d&#8217;emmener avec vous de quoi rester hydrat\u00e9s pendant votre rendez-vous (comme de l&rsquo;eau ou un caf\u00e9) et d&rsquo;\u00e9viter d&rsquo;utiliser les tasses du salon.<\/p>\n\t<p>8. <strong>Veillez \u00e0 bien respecter le port du masque.<\/strong> Vous remarquerez que toutes les \u00e9quipes de nos salons partenaires portent des masques pour assurer la sant\u00e9 et la s\u00e9curit\u00e9 de tous.<\/p>\n\tRendez-vous sur notre page consacr\u00e9e \u00e0 la communaut\u00e9 de la coiffure et de la beaut\u00e9 pour des mises \u00e0 jour r\u00e9guli\u00e8res sur la fa\u00e7on dont nous r\u00e9pondons aux directives du gouvernement et continuons \u00e0 soutenir le secteur.<br \/>\n\n\t<p>*les remboursements seront effectu\u00e9s dans un d\u00e9lai de 3 \u00e0 5 jours ouvr\u00e9s. Si vous avez pr\u00e9pay\u00e9 un rendez-vous avec une carte cadeau, le montant sera cr\u00e9dit\u00e9 sur votre compte Treatwell.<\/p>\n\t<h6>Derni\u00e8re mise \u00e0 jour : 21 \/ 07 \/ 2021<\/h6>\n","protected":false},"excerpt":{"rendered":"<p>De retour au salon: le point sur la r\u00e9ouverture Comment se d\u00e9rouleront vos rendez-vous au salon ? Les mesures de distanciation sociale sont toujours en place, ainsi que les r\u00e8gles d&rsquo;hygi\u00e8ne et de s\u00e9curit\u00e9 et des limitations du nombre de personnes autoris\u00e9es. Dans cette optique, il est conseill\u00e9 de prendre rendez-vous en amont : la&hellip;<\/p>\n","protected":false},"author":147,"featured_media":0,"parent":0,"menu_order":0,"comment_status":"closed","ping_status":"closed","template":"","meta":{"inline_featured_image":false,"footnotes":""},"class_list":["post-10183","page","type-page","status-publish","hentry"],"yoast_head":"<!-- This site is optimized with the Yoast SEO plugin v27.4 - https:\/\/yoast.com\/product\/yoast-seo-wordpress\/ -->\n<title>Coronavirus - Treatwell FR<\/title>\n<meta name=\"description\" content=\"Testing a change for SEO here\" \/>\n<meta name=\"robots\" content=\"index, follow, max-snippet:-1, max-image-preview:large, max-video-preview:-1\" \/>\n<link rel=\"canonical\" href=\"https:\/\/www.treatwell.fr/inspiration\/coronavirus\/\" \/>\n<meta property=\"og:locale\" content=\"fr_FR\" \/>\n<meta property=\"og:type\" content=\"article\" \/>\n<meta property=\"og:title\" content=\"Coronavirus - Treatwell FR\" \/>\n<meta property=\"og:description\" content=\"Testing a change for SEO here\" \/>\n<meta property=\"og:url\" content=\"https:\/\/www.treatwell.fr/inspiration\/coronavirus\/\" \/>\n<meta property=\"og:site_name\" content=\"Treatwell FR\" \/>\n<meta property=\"article:modified_time\" content=\"2024-08-14T13:31:13+00:00\" \/>\n<meta property=\"og:image\" content=\"https:\/\/www.treatwell.fr/inspiration\/wp-content\/uploads\/sites\/4\/2020\/10\/FR_Corona_LP_mobile_EJ.png\" \/>\n<meta name=\"twitter:card\" content=\"summary_large_image\" \/>\n<meta name=\"twitter:label1\" content=\"Dur\u00e9e de lecture estim\u00e9e\" \/>\n\t<meta name=\"twitter:data1\" content=\"3 minutes\" \/>\n<script type=\"application\/ld+json\" class=\"yoast-schema-graph\">{\"@context\":\"https:\\\/\\\/schema.org\",\"@graph\":[{\"@type\":\"WebPage\",\"@id\":\"https:\\\/\\\/www.treatwell.fr/inspiration\\\/coronavirus\\\/\",\"url\":\"https:\\\/\\\/www.treatwell.fr/inspiration\\\/coronavirus\\\/\",\"name\":\"Coronavirus - Treatwell FR\",\"isPartOf\":{\"@id\":\"https:\\\/\\\/www.treatwell.fr/inspiration\\\/#website\"},\"primaryImageOfPage\":{\"@id\":\"https:\\\/\\\/www.treatwell.fr/inspiration\\\/coronavirus\\\/#primaryimage\"},\"image\":{\"@id\":\"https:\\\/\\\/www.treatwell.fr/inspiration\\\/coronavirus\\\/#primaryimage\"},\"thumbnailUrl\":\"https:\\\/\\\/www.treatwell.fr/inspiration\\\/wp-content\\\/uploads\\\/sites\\\/4\\\/2020\\\/10\\\/FR_Corona_LP_mobile_EJ.png\",\"datePublished\":\"2020-03-13T16:17:54+00:00\",\"dateModified\":\"2024-08-14T13:31:13+00:00\",\"description\":\"Testing a change for SEO here\",\"breadcrumb\":{\"@id\":\"https:\\\/\\\/www.treatwell.fr/inspiration\\\/coronavirus\\\/#breadcrumb\"},\"inLanguage\":\"fr-FR\",\"potentialAction\":[{\"@type\":\"ReadAction\",\"target\":[\"https:\\\/\\\/www.treatwell.fr/inspiration\\\/coronavirus\\\/\"]}]},{\"@type\":\"ImageObject\",\"inLanguage\":\"fr-FR\",\"@id\":\"https:\\\/\\\/www.treatwell.fr/inspiration\\\/coronavirus\\\/#primaryimage\",\"url\":\"https:\\\/\\\/www.treatwell.fr/inspiration\\\/wp-content\\\/uploads\\\/sites\\\/4\\\/2020\\\/10\\\/FR_Corona_LP_mobile_EJ.png\",\"contentUrl\":\"https:\\\/\\\/www.treatwell.fr/inspiration\\\/wp-content\\\/uploads\\\/sites\\\/4\\\/2020\\\/10\\\/FR_Corona_LP_mobile_EJ.png\",\"width\":1080,\"height\":640},{\"@type\":\"BreadcrumbList\",\"@id\":\"https:\\\/\\\/www.treatwell.fr/inspiration\\\/coronavirus\\\/#breadcrumb\",\"itemListElement\":[{\"@type\":\"ListItem\",\"position\":1,\"name\":\"Home\",\"item\":\"https:\\\/\\\/www.treatwell.fr/inspiration\\\/\"},{\"@type\":\"ListItem\",\"position\":2,\"name\":\"Coronavirus\"}]},{\"@type\":\"WebSite\",\"@id\":\"https:\\\/\\\/www.treatwell.fr/inspiration\\\/#website\",\"url\":\"https:\\\/\\\/www.treatwell.fr/inspiration\\\/\",\"name\":\"Treatwell FR\",\"description\":\"\",\"potentialAction\":[{\"@type\":\"SearchAction\",\"target\":{\"@type\":\"EntryPoint\",\"urlTemplate\":\"https:\\\/\\\/www.treatwell.fr/inspiration\\\/?s={search_term_string}\"},\"query-input\":{\"@type\":\"PropertyValueSpecification\",\"valueRequired\":true,\"valueName\":\"search_term_string\"}}],\"inLanguage\":\"fr-FR\"}]}<\/script>\n<!-- \/ Yoast SEO plugin. -->","yoast_head_json":{"title":"Coronavirus - Treatwell FR","description":"Testing a change for SEO here","robots":{"index":"index","follow":"follow","max-snippet":"max-snippet:-1","max-image-preview":"max-image-preview:large","max-video-preview":"max-video-preview:-1"},"canonical":"https:\/\/www.treatwell.fr/inspiration\/coronavirus\/","og_locale":"fr_FR","og_type":"article","og_title":"Coronavirus - Treatwell FR","og_description":"Testing a change for SEO here","og_url":"https:\/\/www.treatwell.fr/inspiration\/coronavirus\/","og_site_name":"Treatwell FR","article_modified_time":"2024-08-14T13:31:13+00:00","og_image":[{"url":"https:\/\/www.treatwell.fr/inspiration\/wp-content\/uploads\/sites\/4\/2020\/10\/FR_Corona_LP_mobile_EJ.png","type":"","width":"","height":""}],"twitter_card":"summary_large_image","twitter_misc":{"Dur\u00e9e de lecture estim\u00e9e":"3 minutes"},"schema":{"@context":"https:\/\/schema.org","@graph":[{"@type":"WebPage","@id":"https:\/\/www.treatwell.fr/inspiration\/coronavirus\/","url":"https:\/\/www.treatwell.fr/inspiration\/coronavirus\/","name":"Coronavirus - Treatwell FR","isPartOf":{"@id":"https:\/\/www.treatwell.fr/inspiration\/#website"},"primaryImageOfPage":{"@id":"https:\/\/www.treatwell.fr/inspiration\/coronavirus\/#primaryimage"},"image":{"@id":"https:\/\/www.treatwell.fr/inspiration\/coronavirus\/#primaryimage"},"thumbnailUrl":"https:\/\/www.treatwell.fr/inspiration\/wp-content\/uploads\/sites\/4\/2020\/10\/FR_Corona_LP_mobile_EJ.png","datePublished":"2020-03-13T16:17:54+00:00","dateModified":"2024-08-14T13:31:13+00:00","description":"Testing a change for SEO here","breadcrumb":{"@id":"https:\/\/www.treatwell.fr/inspiration\/coronavirus\/#breadcrumb"},"inLanguage":"fr-FR","potentialAction":[{"@type":"ReadAction","target":["https:\/\/www.treatwell.fr/inspiration\/coronavirus\/"]}]},{"@type":"ImageObject","inLanguage":"fr-FR","@id":"https:\/\/www.treatwell.fr/inspiration\/coronavirus\/#primaryimage","url":"https:\/\/www.treatwell.fr/inspiration\/wp-content\/uploads\/sites\/4\/2020\/10\/FR_Corona_LP_mobile_EJ.png","contentUrl":"https:\/\/www.treatwell.fr/inspiration\/wp-content\/uploads\/sites\/4\/2020\/10\/FR_Corona_LP_mobile_EJ.png","width":1080,"height":640},{"@type":"BreadcrumbList","@id":"https:\/\/www.treatwell.fr/inspiration\/coronavirus\/#breadcrumb","itemListElement":[{"@type":"ListItem","position":1,"name":"Home","item":"https:\/\/www.treatwell.fr/inspiration\/"},{"@type":"ListItem","position":2,"name":"Coronavirus"}]},{"@type":"WebSite","@id":"https:\/\/www.treatwell.fr/inspiration\/#website","url":"https:\/\/www.treatwell.fr/inspiration\/","name":"Treatwell FR","description":"","potentialAction":[{"@type":"SearchAction","target":{"@type":"EntryPoint","urlTemplate":"https:\/\/www.treatwell.fr/inspiration\/?s={search_term_string}"},"query-input":{"@type":"PropertyValueSpecification","valueRequired":true,"valueName":"search_term_string"}}],"inLanguage":"fr-FR"}]}},"_links":{"self":[{"href":"https:\/\/www.treatwell.fr\/inspiration\/wp-json\/wp\/v2\/pages\/10183","targetHints":{"allow":["GET"]}}],"collection":[{"href":"https:\/\/www.treatwell.fr\/inspiration\/wp-json\/wp\/v2\/pages"}],"about":[{"href":"https:\/\/www.treatwell.fr\/inspiration\/wp-json\/wp\/v2\/types\/page"}],"author":[{"embeddable":true,"href":"https:\/\/www.treatwell.fr\/inspiration\/wp-json\/wp\/v2\/users\/147"}],"replies":[{"embeddable":true,"href":"https:\/\/www.treatwell.fr\/inspiration\/wp-json\/wp\/v2\/comments?post=10183"}],"version-history":[{"count":0,"href":"https:\/\/www.treatwell.fr\/inspiration\/wp-json\/wp\/v2\/pages\/10183\/revisions"}],"wp:attachment":[{"href":"https:\/\/www.treatwell.fr\/inspiration\/wp-json\/wp\/v2\/media?parent=10183"}],"curies":[{"name":"wp","href":"https:\/\/api.w.org\/{rel}","templated":true}]}}