{"id":10415,"date":"2020-05-19T13:18:17","date_gmt":"2020-05-19T13:18:17","guid":{"rendered":"https:\/\/www.treatwell.fr\/inspiration\/?page_id=10415"},"modified":"2020-05-28T10:26:28","modified_gmt":"2020-05-28T10:26:28","slug":"nouveau-visage-de-la-beaute","status":"publish","type":"page","link":"https:\/\/www.treatwell.fr/inspiration\/nouveau-visage-de-la-beaute\/","title":{"rendered":"Nouveau visage de la beaute"},"content":{"rendered":"<h1>\n\t\tLe nouveau visage de la beaut\u00e9<br \/>\n\t<\/h1>\n<p>\t\t\t\t<img loading=\"lazy\" decoding=\"async\" src=\"https:\/\/nl-nl.twinspiration.wpengine.treatwell.com\/wp-content\/uploads\/sites\/10\/2020\/05\/content-hub_mobileheader.jpg\" alt=\"content-hub_mobileheader\" height=\"684\" width=\"1156\" title=\"content-hub_mobileheader\" \/><\/p>\n<p><strong>Nous avons d\u00fb prendre nos distances (de 1 m\u00e8tre minimum), mais les portes des salons se sont enfin rouvertes. Avant les grandes retrouvailles, il y a quelques r\u00e8gles \u00e0 conna\u00eetre et \u00e0 respecter, le temps qu&rsquo;on s&rsquo;habitue \u00e0 cette nouvelle routine. Port du masque, se laver les mains, r\u00e9sister \u00e0 l&rsquo;envie de prendre son coiffeur dans les bras &#8211; quelques gestes \u00e0 adopter afin de nous assurer &#8211; tous ensemble &#8211; que le salon reste un endroit s\u00fbr pour tous.<\/strong><\/p>\n<p>Vos nouvelles habitudes<\/p>\n<p>Une nouvelle routine un peu ajust\u00e9e, et adapt\u00e9e \u00e0 la situation. Voici les bons gestes \u00e0 adopter pour un rendez-vous au salon en toute s\u00e9curit\u00e9.<\/p>\n<p>\t\t\t<img decoding=\"async\" src=\"https:\/\/nl-nl.twinspiration.wpengine.treatwell.com\/wp-content\/uploads\/sites\/10\/2020\/05\/illie-thermometer.png\" alt=\"\" \/>\t\t\t<\/p>\n<h2>Vous ne vous sentez pas tr\u00e8s bien ?<\/h2>\n<p>Reprogrammez votre rendez-vous. Ceci est valable pour l&rsquo;\u00e9quipe de nos salons aussi.<\/p>\n<p><img decoding=\"async\" src=\"https:\/\/nl-nl.twinspiration.wpengine.treatwell.com\/wp-content\/uploads\/sites\/10\/2020\/05\/illie-thermometer.png\" alt=\"\" \/><br \/>\n\t\t\t<img decoding=\"async\" src=\"https:\/\/nl-nl.twinspiration.wpengine.treatwell.com\/wp-content\/uploads\/sites\/10\/2020\/05\/illie-mask.png\" alt=\"\" \/>\t\t\t<\/p>\n<h2>Portez un masque<\/h2>\n<p>Celui-ci r\u00e9duit le risque de propagation de bact\u00e9ries. Misez tout sur un super trait d&rsquo;eyeliner.<\/p>\n<p><img decoding=\"async\" src=\"https:\/\/nl-nl.twinspiration.wpengine.treatwell.com\/wp-content\/uploads\/sites\/10\/2020\/05\/illie-mask.png\" alt=\"\" \/><br \/>\n\t\t\t<img decoding=\"async\" src=\"https:\/\/nl-nl.twinspiration.wpengine.treatwell.com\/wp-content\/uploads\/sites\/10\/2020\/05\/illie-card.png\" alt=\"\" \/>\t\t\t<\/p>\n<h2>Pr\u00e9payez vos rendez-vous<\/h2>\n<p>Pour \u00e9viter les paiements en esp\u00e8ces et r\u00e9duire les risques de transmission. Payer par carte et aussi une bonne id\u00e9e.<\/p>\n<p><img decoding=\"async\" src=\"https:\/\/nl-nl.twinspiration.wpengine.treatwell.com\/wp-content\/uploads\/sites\/10\/2020\/05\/illie-card.png\" alt=\"\" \/><br \/>\n\t\t\t<img decoding=\"async\" src=\"https:\/\/nl-nl.twinspiration.wpengine.treatwell.com\/wp-content\/uploads\/sites\/10\/2020\/05\/illie-handshake.png\" alt=\"\" \/>\t\t\t<\/p>\n<h2>\u00c9vitez les embrassades et les poign\u00e9es de mains<\/h2>\n<p>Vos retrouvailles seront tout aussi sympa.<\/p>\n<p><img decoding=\"async\" src=\"https:\/\/nl-nl.twinspiration.wpengine.treatwell.com\/wp-content\/uploads\/sites\/10\/2020\/05\/illie-handshake.png\" alt=\"\" \/><br \/>\n\t\t\t<img decoding=\"async\" src=\"https:\/\/nl-nl.twinspiration.wpengine.treatwell.com\/wp-content\/uploads\/sites\/10\/2020\/05\/illie-handsanitiser.png\" alt=\"\" \/>\t\t\t<\/p>\n<h2>Lavez-vous les mains r\u00e9guli\u00e8rement et utilisez du gel hydroalcoolique<\/h2>\n<p>N&rsquo;oubliez pas la r\u00e8gle de bien se laver les mains pendant 20 secondes au moins. Autre conseil : emportez toujours un gel hydroalcoolique avec vous.<\/p>\n<p><img decoding=\"async\" src=\"https:\/\/nl-nl.twinspiration.wpengine.treatwell.com\/wp-content\/uploads\/sites\/10\/2020\/05\/illie-handsanitiser.png\" alt=\"\" \/><br \/>\n\t\t\t<img decoding=\"async\" src=\"https:\/\/nl-nl.twinspiration.wpengine.treatwell.com\/wp-content\/uploads\/sites\/10\/2020\/05\/illie-salon-door.png\" alt=\"\" \/>\t\t\t<\/p>\n<h2>Laissez la porte ouverte<\/h2>\n<p>Si vous l&rsquo;avez trouv\u00e9e ouverte \u00e0 votre arriv\u00e9e, ne la fermez pas derri\u00e8re vous. \u00c9vitez aussi de toucher aux surfaces autour de vous.<\/p>\n<p><img decoding=\"async\" src=\"https:\/\/nl-nl.twinspiration.wpengine.treatwell.com\/wp-content\/uploads\/sites\/10\/2020\/05\/illie-salon-door.png\" alt=\"\" \/><br \/>\n\t\t\t<img decoding=\"async\" src=\"https:\/\/nl-nl.twinspiration.wpengine.treatwell.com\/wp-content\/uploads\/sites\/10\/2020\/05\/illie-water.png\" alt=\"\" \/>\t\t\t<\/p>\n<h2>Prenez de quoi vous hydrater<\/h2>\n<p>Un grand thermos d&rsquo;eau fra\u00eeche ou un latte pris \u00e0 emporter : emmenez une boisson avec vous pour \u00e9viter de devoir demander au salon.<\/p>\n<p><img decoding=\"async\" src=\"https:\/\/nl-nl.twinspiration.wpengine.treatwell.com\/wp-content\/uploads\/sites\/10\/2020\/05\/illie-water.png\" alt=\"\" \/><br \/>\n\t\t\t\t<a href=\"#\" role=\"button\"><br \/>\n<\/a><br \/>\n\t\t\t\t<a href=\"#\" role=\"button\"><br \/>\n<\/a><\/p>\n<p>Un peu comme une nouvelle routine beaut\u00e9<\/p>\n<p>\n<!--td {border: 1px solid #ccc;}br {mso-data-placement:same-cell;}-->\n<\/p>\n<p>Il y a quelques trucs \u00e0 savoir et des nouvelles r\u00e8gles \u00e0 suivre &#8211; mais on s&rsquo;y fait vite, promis ! Soins, conseils et des infos sur les bons gestes \u00e0 adopter au salon (parce-que nos mains ont bien m\u00e9rit\u00e9 cette nouvelle mani) : d\u00e9couvrez tout \u00e7a ici.<\/p>\n<p>\t\t\t\t<img loading=\"lazy\" decoding=\"async\" src=\"https:\/\/www.treatwell.fr/inspiration\/wp-content\/uploads\/sites\/4\/2020\/05\/clairerose_95534148_3147562231962429_5872036346418168106_n.jpg\" alt=\"clairerose_95534148_3147562231962429_5872036346418168106_n\" height=\"600\" width=\"500\" title=\"clairerose_95534148_3147562231962429_5872036346418168106_n\" \/><br \/>\n\t\t\t\t<img loading=\"lazy\" decoding=\"async\" src=\"https:\/\/en-gb.twinspiration.wpengine.treatwell.com\/wp-content\/uploads\/sites\/9\/2020\/03\/movingline.png\" alt=\"movingline\" height=\"94\" width=\"298\" title=\"movingline\" \/><\/p>\n<p>Port du masque et skincare<\/p>\n<p>\n<!--td {border: 1px solid #ccc;}br {mso-data-placement:same-cell;}-->\n<\/p>\n<p>\u00a0 \u00a0 \u00a0 \u00a0 \u00a0 \u00a0 \u00a0 \u00a0 \u00a0Comment prendre soin de votre peau quand vous portez un\u00a0 \u00a0 \u00a0 \u00a0 \u00a0 \u00a0 \u00a0 \u00a0 \u00a0 \u00a0masque ?<\/p>\n<p>\t\t\t<a href=\"https:\/\/www.treatwell.fr\/identite\/comment-proteger-peau-visage-quand-vous-portez-un-masque\/\" target=\"_blank\" role=\"button\" rel=\"noopener\"><br \/>\n\t\t\t\t\t\t\tLisez-en plus<br \/>\n\t\t\t\t\t<\/a><br \/>\n\t\t\t\t<img loading=\"lazy\" decoding=\"async\" src=\"https:\/\/en-gb.twinspiration.wpengine.treatwell.com\/wp-content\/uploads\/sites\/9\/2020\/03\/article2.png\" alt=\"article2\" height=\"656\" width=\"490\" title=\"article2\" \/><\/p>\n<p>\n<!--td {border: 1px solid #ccc;}br {mso-data-placement:same-cell;}--><\/p>\n<p>Comment garder ses mains bien hydrat\u00e9es\u00a0<\/p>\n<p>\n<!--td {border: 1px solid #ccc;}br {mso-data-placement:same-cell;}--><\/p>\n<p>Lorsqu&rsquo;on doit les laver souvent ?<\/p>\n<p>\t\t\t<a href=\"https:\/\/www.treatwell.fr\/identite\/comment-eviter-davoir-les-mains-seches-lorsquon-doit-les-laver-tres-souvent\/\" target=\"_blank\" role=\"button\" rel=\"noopener\"><br \/>\n\t\t\t\t\t\t\tLisez-en plus<br \/>\n\t\t\t\t\t<\/a><br \/>\n\t\t\t\t<img loading=\"lazy\" decoding=\"async\" src=\"https:\/\/en-gb.twinspiration.wpengine.treatwell.com\/wp-content\/uploads\/sites\/9\/2020\/03\/artcile2.1.png\" alt=\"artcile2.1\" height=\"394\" width=\"291\" title=\"artcile2.1\" \/><br \/>\n\t\t\t\t<img loading=\"lazy\" decoding=\"async\" src=\"https:\/\/www.treatwell.fr/inspiration\/wp-content\/uploads\/sites\/4\/2020\/05\/Screen-Shot-2020-05-19-at-09.47.50.png\" alt=\"Screen-Shot-2020-05-19-at-09.47.50\" height=\"392\" width=\"370\" title=\"Screen-Shot-2020-05-19-at-09.47.50\" \/><br \/>\n\t\t\t\t<img loading=\"lazy\" decoding=\"async\" src=\"https:\/\/en-gb.twinspiration.wpengine.treatwell.com\/wp-content\/uploads\/sites\/9\/2020\/03\/movingline@2x.png\" alt=\"movingline@2x\" height=\"187\" width=\"595\" title=\"movingline@2x\" \/><br \/>\n\t\t\t\t<img loading=\"lazy\" decoding=\"async\" src=\"https:\/\/en-gb.twinspiration.wpengine.treatwell.com\/wp-content\/uploads\/sites\/9\/2020\/03\/2020.02.04_Treatwell_S06_Xelia_Nails_456_F2_CROP_RGB.png\" alt=\"2020.02.04_Treatwell_S06_Xelia_Nails_456_F2_CROP_RGB\" height=\"239\" width=\"248\" title=\"2020.02.04_Treatwell_S06_Xelia_Nails_456_F2_CROP_RGB\" \/><\/p>\n<p>Les nouvelles mesures de s\u00e9curit\u00e9 des salons<\/p>\n<p>Pour des rendez-vous beaut\u00e9 en toute s\u00e9curit\u00e9.<\/p>\n<p>\t\t\t<a href=\"https:\/\/www.treatwell.fr\/identite\/nouvelles-mesures-hygiene-securite-au-salon\/\" target=\"_blank\" role=\"button\" rel=\"noopener\"><br \/>\n\t\t\t\t\t\t\tLisez-en plus<br \/>\n\t\t\t\t\t<\/a><\/p>\n<p>Direction le blog<\/p>\n<p><!--td {border: 1px solid #ccc;}br {mso-data-placement:same-cell;}--><\/p>\n<p>Derni\u00e8res tendances, conseils de pro, inspiration, lifestyle et plus encore : notre blog vous ouvre les portes du monde de la beaut\u00e9.<\/p>\n<p>\t\t\t<a href=\"https:\/\/www.treatwell.fr\/identite\/\" target=\"_blank\" role=\"button\" rel=\"noopener\"><br \/>\n\t\t\t\t\t\t\tD\u00e9couvrez tout<br \/>\n\t\t\t\t\t<\/a><br \/>\n\t\t\t<img decoding=\"async\" src=\"https:\/\/en-gb.twinspiration.wpengine.treatwell.com\/wp-content\/uploads\/sites\/9\/2020\/03\/article4.png\" alt=\"\" \/><br \/>\n\t\t\t<img decoding=\"async\" src=\"https:\/\/en-gb.twinspiration.wpengine.treatwell.com\/wp-content\/uploads\/sites\/9\/2020\/03\/@byrdiebeauty-@.png\" alt=\"\" \/><br \/>\n\t\t\t\t<a href=\"#\" role=\"button\"><br \/>\n<\/a><br \/>\n\t\t\t\t<a href=\"#\" role=\"button\"><br \/>\n<\/a><br \/>\n\t\t\t\t<img loading=\"lazy\" decoding=\"async\" src=\"https:\/\/nl-nl.twinspiration.wpengine.treatwell.com\/wp-content\/uploads\/sites\/10\/2020\/05\/icon_product-150x150.png\" alt=\"icon_product\" height=\"150\" width=\"150\" title=\"icon_product\" \/><br \/>\n\t\t\t\t<img loading=\"lazy\" decoding=\"async\" src=\"https:\/\/nl-nl.twinspiration.wpengine.treatwell.com\/wp-content\/uploads\/sites\/10\/2020\/05\/icon_industry-150x150.png\" alt=\"icon_industry\" height=\"150\" width=\"150\" title=\"icon_industry\" \/><br \/>\n\t\t\t\t<img loading=\"lazy\" decoding=\"async\" src=\"https:\/\/nl-nl.twinspiration.wpengine.treatwell.com\/wp-content\/uploads\/sites\/10\/2020\/05\/icon_trend-150x150.png\" alt=\"icon_trend\" height=\"150\" width=\"150\" title=\"icon_trend\" \/><\/p>\n<p>Text still to come<\/p>\n<p>Text still to come<\/p>\n<p>Text still to come<\/p>\n<p><strong><\/p>\n<p><!--td {border: 1px solid #ccc;}br {mso-data-placement:same-cell;}--><\/p>\n<p>Alexa, joue \u00ab\u00a0It&rsquo;s a beautiful day\u00a0\u00bb<\/strong><\/p>\n<p><!--td {border: 1px solid #ccc;}br {mso-data-placement:same-cell;}--><\/p>\n<p>Nos playlists sont l\u00e0 pour faire le plein de bonne humeur. Ou pour s&rsquo;accorder un peu de calme et de d\u00e9tente, si c&rsquo;est ce dont vous avez besoin. Scannez la playlist de votre choix sur l&rsquo;app Spotify pour les \u00e9couter.<\/p>\n<p>\t\t\t\t<a href=\"https:\/\/open.spotify.com\/playlist\/5CNAzogBUnVnpD4oAFyHzL\" target=\"_blank\" rel=\"noopener\"><br \/>\n\t\t\t\t<img decoding=\"async\" src=\"https:\/\/nl-nl.twinspiration.wpengine.treatwell.com\/wp-content\/uploads\/sites\/10\/2020\/04\/Group-620.png\" alt=\"Group 625\" title=\"Group 625\" \/><br \/>\n\t\t\t\t<\/a><\/p>\n<p>T\u00e9l\u00e9travail<\/p>\n<p>Montez le volume.<\/p>\n<p>\t\t\t\t<a href=\"https:\/\/open.spotify.com\/playlist\/3qJWfmXQ0BAI43GfARS4wJ?si=OIzJ5WLqQZyqKZaBsIQEoA\" target=\"_blank\" rel=\"noopener\"><br \/>\n\t\t\t\t<img loading=\"lazy\" decoding=\"async\" src=\"https:\/\/nl-nl.twinspiration.wpengine.treatwell.com\/wp-content\/uploads\/sites\/10\/2020\/04\/Group-621.png\" alt=\"Group 621\" height=\"333\" width=\"333\" title=\"Group 621\" \/><br \/>\n\t\t\t\t<\/a><\/p>\n<p>Mood soir\u00e9e<\/p>\n<p>Ordi \u00e9teint, enceintes allum\u00e9es. Et on s&rsquo;\u00e9vade.<\/p>\n<p>\t\t\t\t<a href=\"https:\/\/open.spotify.com\/playlist\/4VYqPPVEQIstCfIIlJz9Mk?si=D--lL05sT4GkIMyrl3BV9g\" target=\"_blank\" rel=\"noopener\"><br \/>\n\t\t\t\t<img loading=\"lazy\" decoding=\"async\" src=\"https:\/\/nl-nl.twinspiration.wpengine.treatwell.com\/wp-content\/uploads\/sites\/10\/2020\/04\/Group-622.png\" alt=\"Group 622\" height=\"333\" width=\"333\" title=\"Group 622\" \/><br \/>\n\t\t\t\t<\/a><\/p>\n<p>R\u00e9veillez-vous<\/p>\n<p>Pour bien commencer la journ\u00e9e.<\/p>\n<p>\t\t\t\t<a href=\"https:\/\/open.spotify.com\/playlist\/2NInbbyM4355gmMGntEUYT?si=OWXFpvgzQZ-k5IaYcyKj3A&amp;fbclid=IwAR3A8rn1pMy-1unprMN34xnNdDfInT3IOYOtaz3lU2G6vrliPBTZSyOiQ4w\" target=\"_blank\" rel=\"noopener\"><br \/>\n\t\t\t\t<img loading=\"lazy\" decoding=\"async\" src=\"https:\/\/nl-nl.twinspiration.wpengine.treatwell.com\/wp-content\/uploads\/sites\/10\/2020\/04\/Group-623.png\" alt=\"Group 623\" height=\"349\" width=\"333\" title=\"Group 623\" \/><br \/>\n\t\t\t\t<\/a><\/p>\n<p>Sur la route du salon<\/p>\n<p>Bonne humeur sur tout le trajet.<\/p>\n<p>\t\t\t\t<a href=\"https:\/\/open.spotify.com\/playlist\/5xdKEUtQKQtdfazmS5CHs9?si=J9eyIXr_RJSGSxob3RfuEw&amp;fbclid=IwAR2KicSVPb_fCHOa3cEYE2_iDKnPul2d0EGXeOy7Gtg2izyu1evoQdk5hW0\" target=\"_blank\" rel=\"noopener\"><br \/>\n\t\t\t\t<img loading=\"lazy\" decoding=\"async\" src=\"https:\/\/nl-nl.twinspiration.wpengine.treatwell.com\/wp-content\/uploads\/sites\/10\/2020\/04\/Group-624.png\" alt=\"Group 624\" height=\"349\" width=\"333\" title=\"Group 624\" \/><br \/>\n\t\t\t\t<\/a><\/p>\n<p>En direct du nail bar<\/p>\n<p>Parfait pour f\u00eater une nouvelle manucure.<br \/>\n\t\t\t\t<a href=\"https:\/\/open.spotify.com\/playlist\/2M0JgoNBpbSe5pV3g9fvVM?si=B-BT5CriRB-I8usH1duZQg&amp;fbclid=IwAR1_-8XNHLfmfablVbuCwCxqvNS81vXLzXFEi6Zv-fX_1nETLuHgZ6a42pQ\" target=\"_blank\" rel=\"noopener\"><br \/>\n\t\t\t\t<img loading=\"lazy\" decoding=\"async\" src=\"https:\/\/nl-nl.twinspiration.wpengine.treatwell.com\/wp-content\/uploads\/sites\/10\/2020\/04\/Group-625.png\" alt=\"Group 625\" height=\"349\" width=\"333\" title=\"Group 625\" \/><br \/>\n\t\t\t\t<\/a><\/p>\n<p>Comme au spa<\/p>\n<p>Pour accompagner un bain ou une s\u00e9ance de yoga.<\/p>\n<p>Schrijf je in voor onze nieuwsbrief<\/p>\n<p>Laat je e-mailadres achter, dan ben jij de eerste die het hoort als salons de deuren weer openen.<\/p>\n<p>\t\t\t<a href=\"\" target=\"_self\" role=\"button\"><br \/>\n\t\t\t\t\t\t\tSchrijf je in<br \/>\n\t\t\t\t\t<\/a><br \/>\n\t\t\t\t<img loading=\"lazy\" decoding=\"async\" src=\"https:\/\/en-gb.twinspiration.wpengine.treatwell.com\/wp-content\/uploads\/sites\/9\/2020\/03\/banner_neighbourhood.gif\" alt=\"banner_neighbourhood\" height=\"239\" width=\"400\" title=\"banner_neighbourhood\" \/><\/p>\n<p>\u00c0 tous nos salons, nous sommes l\u00e0 pour vous<\/p>\n<p>Rejoignez Treatwell et obtenez le soutien que vous et votre salon m\u00e9ritez.<\/p>\n<p>\t\t\t<a href=\"\" target=\"_self\" role=\"button\"><br \/>\n\t\t\t\t\t\t\tLisez-en plus<br \/>\n\t\t\t\t\t<\/a><\/p>\n","protected":false},"excerpt":{"rendered":"<p>Le nouveau visage de la beaut\u00e9 Nous avons d\u00fb prendre nos distances (de 1 m\u00e8tre minimum), mais les portes des salons se sont enfin rouvertes. Avant les grandes retrouvailles, il y a quelques r\u00e8gles \u00e0 conna\u00eetre et \u00e0 respecter, le temps qu&rsquo;on s&rsquo;habitue \u00e0 cette nouvelle routine. Port du masque, se laver les mains, r\u00e9sister&hellip;<\/p>\n","protected":false},"author":147,"featured_media":0,"parent":0,"menu_order":0,"comment_status":"closed","ping_status":"closed","template":"","meta":{"inline_featured_image":false,"footnotes":""},"class_list":["post-10415","page","type-page","status-publish","hentry"],"yoast_head":"<!-- This site is optimized with the Yoast SEO plugin v27.4 - https:\/\/yoast.com\/product\/yoast-seo-wordpress\/ -->\n<title>Nouveau visage de la beaute - Treatwell FR<\/title>\n<meta name=\"robots\" content=\"index, follow, max-snippet:-1, max-image-preview:large, max-video-preview:-1\" \/>\n<link rel=\"canonical\" href=\"https:\/\/www.treatwell.fr/inspiration\/nouveau-visage-de-la-beaute\/\" \/>\n<meta property=\"og:locale\" content=\"fr_FR\" \/>\n<meta property=\"og:type\" content=\"article\" \/>\n<meta property=\"og:title\" content=\"Nouveau visage de la beaute - Treatwell FR\" \/>\n<meta property=\"og:description\" content=\"Le nouveau visage de la beaut\u00e9 Nous avons d\u00fb prendre nos distances (de 1 m\u00e8tre minimum), mais les portes des salons se sont enfin rouvertes. Avant les grandes retrouvailles, il y a quelques r\u00e8gles \u00e0 conna\u00eetre et \u00e0 respecter, le temps qu&rsquo;on s&rsquo;habitue \u00e0 cette nouvelle routine. Port du masque, se laver les mains, r\u00e9sister&hellip;\" \/>\n<meta property=\"og:url\" content=\"https:\/\/www.treatwell.fr/inspiration\/nouveau-visage-de-la-beaute\/\" \/>\n<meta property=\"og:site_name\" content=\"Treatwell FR\" \/>\n<meta property=\"article:modified_time\" content=\"2020-05-28T10:26:28+00:00\" \/>\n<meta property=\"og:image\" content=\"https:\/\/nl-nl.twinspiration.wpengine.treatwell.com\/wp-content\/uploads\/sites\/10\/2020\/05\/content-hub_mobileheader.jpg\" \/>\n<meta name=\"twitter:card\" content=\"summary_large_image\" \/>\n<meta name=\"twitter:label1\" content=\"Dur\u00e9e de lecture estim\u00e9e\" \/>\n\t<meta name=\"twitter:data1\" content=\"3 minutes\" \/>\n<script type=\"application\/ld+json\" class=\"yoast-schema-graph\">{\"@context\":\"https:\\\/\\\/schema.org\",\"@graph\":[{\"@type\":\"WebPage\",\"@id\":\"https:\\\/\\\/www.treatwell.fr/inspiration\\\/nouveau-visage-de-la-beaute\\\/\",\"url\":\"https:\\\/\\\/www.treatwell.fr/inspiration\\\/nouveau-visage-de-la-beaute\\\/\",\"name\":\"Nouveau visage de la beaute - Treatwell FR\",\"isPartOf\":{\"@id\":\"https:\\\/\\\/www.treatwell.fr/inspiration\\\/#website\"},\"primaryImageOfPage\":{\"@id\":\"https:\\\/\\\/www.treatwell.fr/inspiration\\\/nouveau-visage-de-la-beaute\\\/#primaryimage\"},\"image\":{\"@id\":\"https:\\\/\\\/www.treatwell.fr/inspiration\\\/nouveau-visage-de-la-beaute\\\/#primaryimage\"},\"thumbnailUrl\":\"https:\\\/\\\/nl-nl.twinspiration.wpengine.treatwell.com\\\/wp-content\\\/uploads\\\/sites\\\/10\\\/2020\\\/05\\\/content-hub_mobileheader.jpg\",\"datePublished\":\"2020-05-19T13:18:17+00:00\",\"dateModified\":\"2020-05-28T10:26:28+00:00\",\"breadcrumb\":{\"@id\":\"https:\\\/\\\/www.treatwell.fr/inspiration\\\/nouveau-visage-de-la-beaute\\\/#breadcrumb\"},\"inLanguage\":\"fr-FR\",\"potentialAction\":[{\"@type\":\"ReadAction\",\"target\":[\"https:\\\/\\\/www.treatwell.fr/inspiration\\\/nouveau-visage-de-la-beaute\\\/\"]}]},{\"@type\":\"ImageObject\",\"inLanguage\":\"fr-FR\",\"@id\":\"https:\\\/\\\/www.treatwell.fr/inspiration\\\/nouveau-visage-de-la-beaute\\\/#primaryimage\",\"url\":\"https:\\\/\\\/nl-nl.twinspiration.wpengine.treatwell.com\\\/wp-content\\\/uploads\\\/sites\\\/10\\\/2020\\\/05\\\/content-hub_mobileheader.jpg\",\"contentUrl\":\"https:\\\/\\\/nl-nl.twinspiration.wpengine.treatwell.com\\\/wp-content\\\/uploads\\\/sites\\\/10\\\/2020\\\/05\\\/content-hub_mobileheader.jpg\"},{\"@type\":\"BreadcrumbList\",\"@id\":\"https:\\\/\\\/www.treatwell.fr/inspiration\\\/nouveau-visage-de-la-beaute\\\/#breadcrumb\",\"itemListElement\":[{\"@type\":\"ListItem\",\"position\":1,\"name\":\"Home\",\"item\":\"https:\\\/\\\/www.treatwell.fr/inspiration\\\/\"},{\"@type\":\"ListItem\",\"position\":2,\"name\":\"Nouveau visage de la beaute\"}]},{\"@type\":\"WebSite\",\"@id\":\"https:\\\/\\\/www.treatwell.fr/inspiration\\\/#website\",\"url\":\"https:\\\/\\\/www.treatwell.fr/inspiration\\\/\",\"name\":\"Treatwell FR\",\"description\":\"\",\"potentialAction\":[{\"@type\":\"SearchAction\",\"target\":{\"@type\":\"EntryPoint\",\"urlTemplate\":\"https:\\\/\\\/www.treatwell.fr/inspiration\\\/?s={search_term_string}\"},\"query-input\":{\"@type\":\"PropertyValueSpecification\",\"valueRequired\":true,\"valueName\":\"search_term_string\"}}],\"inLanguage\":\"fr-FR\"}]}<\/script>\n<!-- \/ Yoast SEO plugin. -->","yoast_head_json":{"title":"Nouveau visage de la beaute - Treatwell FR","robots":{"index":"index","follow":"follow","max-snippet":"max-snippet:-1","max-image-preview":"max-image-preview:large","max-video-preview":"max-video-preview:-1"},"canonical":"https:\/\/www.treatwell.fr/inspiration\/nouveau-visage-de-la-beaute\/","og_locale":"fr_FR","og_type":"article","og_title":"Nouveau visage de la beaute - Treatwell FR","og_description":"Le nouveau visage de la beaut\u00e9 Nous avons d\u00fb prendre nos distances (de 1 m\u00e8tre minimum), mais les portes des salons se sont enfin rouvertes. Avant les grandes retrouvailles, il y a quelques r\u00e8gles \u00e0 conna\u00eetre et \u00e0 respecter, le temps qu&rsquo;on s&rsquo;habitue \u00e0 cette nouvelle routine. Port du masque, se laver les mains, r\u00e9sister&hellip;","og_url":"https:\/\/www.treatwell.fr/inspiration\/nouveau-visage-de-la-beaute\/","og_site_name":"Treatwell FR","article_modified_time":"2020-05-28T10:26:28+00:00","og_image":[{"url":"https:\/\/nl-nl.twinspiration.wpengine.treatwell.com\/wp-content\/uploads\/sites\/10\/2020\/05\/content-hub_mobileheader.jpg","type":"","width":"","height":""}],"twitter_card":"summary_large_image","twitter_misc":{"Dur\u00e9e de lecture estim\u00e9e":"3 minutes"},"schema":{"@context":"https:\/\/schema.org","@graph":[{"@type":"WebPage","@id":"https:\/\/www.treatwell.fr/inspiration\/nouveau-visage-de-la-beaute\/","url":"https:\/\/www.treatwell.fr/inspiration\/nouveau-visage-de-la-beaute\/","name":"Nouveau visage de la beaute - Treatwell FR","isPartOf":{"@id":"https:\/\/www.treatwell.fr/inspiration\/#website"},"primaryImageOfPage":{"@id":"https:\/\/www.treatwell.fr/inspiration\/nouveau-visage-de-la-beaute\/#primaryimage"},"image":{"@id":"https:\/\/www.treatwell.fr/inspiration\/nouveau-visage-de-la-beaute\/#primaryimage"},"thumbnailUrl":"https:\/\/nl-nl.twinspiration.wpengine.treatwell.com\/wp-content\/uploads\/sites\/10\/2020\/05\/content-hub_mobileheader.jpg","datePublished":"2020-05-19T13:18:17+00:00","dateModified":"2020-05-28T10:26:28+00:00","breadcrumb":{"@id":"https:\/\/www.treatwell.fr/inspiration\/nouveau-visage-de-la-beaute\/#breadcrumb"},"inLanguage":"fr-FR","potentialAction":[{"@type":"ReadAction","target":["https:\/\/www.treatwell.fr/inspiration\/nouveau-visage-de-la-beaute\/"]}]},{"@type":"ImageObject","inLanguage":"fr-FR","@id":"https:\/\/www.treatwell.fr/inspiration\/nouveau-visage-de-la-beaute\/#primaryimage","url":"https:\/\/nl-nl.twinspiration.wpengine.treatwell.com\/wp-content\/uploads\/sites\/10\/2020\/05\/content-hub_mobileheader.jpg","contentUrl":"https:\/\/nl-nl.twinspiration.wpengine.treatwell.com\/wp-content\/uploads\/sites\/10\/2020\/05\/content-hub_mobileheader.jpg"},{"@type":"BreadcrumbList","@id":"https:\/\/www.treatwell.fr/inspiration\/nouveau-visage-de-la-beaute\/#breadcrumb","itemListElement":[{"@type":"ListItem","position":1,"name":"Home","item":"https:\/\/www.treatwell.fr/inspiration\/"},{"@type":"ListItem","position":2,"name":"Nouveau visage de la beaute"}]},{"@type":"WebSite","@id":"https:\/\/www.treatwell.fr/inspiration\/#website","url":"https:\/\/www.treatwell.fr/inspiration\/","name":"Treatwell FR","description":"","potentialAction":[{"@type":"SearchAction","target":{"@type":"EntryPoint","urlTemplate":"https:\/\/www.treatwell.fr/inspiration\/?s={search_term_string}"},"query-input":{"@type":"PropertyValueSpecification","valueRequired":true,"valueName":"search_term_string"}}],"inLanguage":"fr-FR"}]}},"_links":{"self":[{"href":"https:\/\/www.treatwell.fr\/inspiration\/wp-json\/wp\/v2\/pages\/10415","targetHints":{"allow":["GET"]}}],"collection":[{"href":"https:\/\/www.treatwell.fr\/inspiration\/wp-json\/wp\/v2\/pages"}],"about":[{"href":"https:\/\/www.treatwell.fr\/inspiration\/wp-json\/wp\/v2\/types\/page"}],"author":[{"embeddable":true,"href":"https:\/\/www.treatwell.fr\/inspiration\/wp-json\/wp\/v2\/users\/147"}],"replies":[{"embeddable":true,"href":"https:\/\/www.treatwell.fr\/inspiration\/wp-json\/wp\/v2\/comments?post=10415"}],"version-history":[{"count":0,"href":"https:\/\/www.treatwell.fr\/inspiration\/wp-json\/wp\/v2\/pages\/10415\/revisions"}],"wp:attachment":[{"href":"https:\/\/www.treatwell.fr\/inspiration\/wp-json\/wp\/v2\/media?parent=10415"}],"curies":[{"name":"wp","href":"https:\/\/api.w.org\/{rel}","templated":true}]}}