{"id":1048,"date":"2016-05-09T07:23:28","date_gmt":"2016-05-09T07:23:28","guid":{"rendered":"http:\/\/www.treatwell.fr\/inspiration\/?page_id=1048"},"modified":"2016-05-27T13:46:31","modified_gmt":"2016-05-27T13:46:31","slug":"spa-afternoon-tea","status":"publish","type":"page","link":"https:\/\/www.treatwell.fr/inspiration\/spa-afternoon-tea\/","title":{"rendered":"Spa afternoon tea"},"content":{"rendered":"<h3>\n\t\tAfternoon tea au spa et 20\u20ac offerts<br \/>\n\t<\/h3>\n<h3>\n\t\tavec le code MAMAN16 d\u00e8s 40\u20ac d&rsquo;achats JUSQU&rsquo;AU 30 mai 2016<br \/>\n\t<\/h3>\n<h3>\n\t\tHeading test<br \/>\n\t<\/h3>\n<p>\t\t\t\t<a href=\"\/salon\/deep-nature-spa\/#offerId=1242171&amp;venueId=309135\" target=\"_self\"><br \/>\n\t\t\t\t<img decoding=\"async\" src=\"https:\/\/www.treatwell.fr/inspiration\/wp-content\/uploads\/sites\/4\/2016\/05\/depp_600.jpg\" alt=\"depp_600\" \/><br \/>\n\t\t\t\t<\/a><\/p>\n<h3><a href=\"\/salon\/deep-nature-spa\/#offerId=1242171&amp;venueId=309135\" target=\"_self\">Deep Nature Spa &#8211; 75001<\/a><\/h3>\n<p>Acc\u00e8s au spa de 3h<\/p>\n<p>Soin du visage Algo Intense de 45min<\/p>\n<p>Tea time offert avec jus de fruits, th\u00e9 et\u00a0mignardises.<\/p>\n<p><strong>79 euros au lieu de 110<\/strong><\/p>\n<p>\u00a0<\/p>\n<p>\t<a href=\"\/salon\/deep-nature-spa\/#offerId=1242171&amp;venueId=309135\" target=\"_self\" role=\"button\"><br \/>\n\t\t\t\tJE R\u00c9SERVE AU DEEP NATURE<br \/>\n\t\t\t<\/a><br \/>\n\t\t\t\t<a href=\"\/salon\/i-spa-by-algotherm\/#offerId=1242182&amp;venueId=304941\" target=\"_self\"><br \/>\n\t\t\t\t<img decoding=\"async\" src=\"https:\/\/www.treatwell.fr/inspiration\/wp-content\/uploads\/sites\/4\/2016\/05\/i_spa_600.png\" alt=\"i_spa_600\" \/><br \/>\n\t\t\t\t<\/a><\/p>\n<h3><a href=\"\/salon\/i-spa-by-algotherm\/#offerId=1242182&amp;venueId=304941\" target=\"_self\">I-Spa by Algotherm &#8211; 75009<\/a><\/h3>\n<p style=\"text-align: center\">Acc\u00e8s au spa de 3h<\/p>\n<p style=\"text-align: center\">Pause au hammam<\/p>\n<p style=\"text-align: center\">Gommage et massage de 65 minutes<\/p>\n<p style=\"text-align: center\">Tea time avec th\u00e9, jus de fruits et\u00a0fruits frais<\/p>\n<p style=\"text-align: center\"><strong>109 euros au lieu de 150\u20ac<\/strong>\u00a0<\/p>\n<p>\t<a href=\"\/salon\/i-spa-by-algotherm\/#offerId=1242182&amp;venueId=304941\" target=\"_self\" role=\"button\"><br \/>\n\t\t\t\tJE R\u00c9SERVE \u00c0 L&rsquo;I-SPA BY ALGOTHERM<br \/>\n\t\t\t<\/a><\/p>\n<h3>\n\t\tBLA SPA &#8211; LE PECQ<br \/>\n\t<\/h3>\n<p>\t\t\t\t<a href=\"\/salon\/bla-spa\/#offerId=1248027&amp;venueId=305275\" target=\"_self\"><br \/>\n\t\t\t\t<img decoding=\"async\" src=\"https:\/\/www.treatwell.fr/inspiration\/wp-content\/uploads\/sites\/4\/2016\/05\/blaspa.jpg\" alt=\"blaspa\" \/><br \/>\n\t\t\t\t<\/a><\/p>\n<h3><a href=\"\/salon\/bla-spa\/#offerId=1248027&amp;venueId=305275\" target=\"_self\">Rituel une maman toute douce<\/a><\/h3>\n<p>Un acc\u00e8s au Spa de 1h30<\/p>\n<p>Un gommage corps<\/p>\n<p>Une application de lait de velours<\/p>\n<p><strong>74\u20ac au lieu de 97<\/strong>\u20ac<\/p>\n<p>\u00a0<\/p>\n<p>\t<a href=\"\/salon\/bla-spa\/#offerId=1248027&amp;venueId=305275\" target=\"_self\" role=\"button\"><br \/>\n\t\t\t\tJE R\u00c9SERVE AU BLA SPA<br \/>\n\t\t\t<\/a><br \/>\n\t\t\t\t<a href=\"\/salon\/bla-spa\/#offerId=1248017&amp;venueId=305275\" target=\"_self\"><br \/>\n\t\t\t\t<img decoding=\"async\" src=\"https:\/\/www.treatwell.fr/inspiration\/wp-content\/uploads\/sites\/4\/2016\/05\/spa_energymer.jpg\" alt=\"spa_energymer\" \/><br \/>\n\t\t\t\t<\/a><\/p>\n<h3><a href=\"\/salon\/bla-spa\/#offerId=1248017&amp;venueId=305275\" target=\"_self\">Rituel une maman toute belle<\/a><\/h3>\n<p>Un acc\u00e8s au spa de 1h30<\/p>\n<p>Un soin visage de 30 minutes<\/p>\n<p>Une flash manucure ou une beaut\u00e9 des pieds avec\u00a0pose de vernis semi-permanent color\u00e9<\/p>\n<p><strong>88\u20ac au lieu de 111\u20ac<\/strong><\/p>\n<p>\t<a href=\"\/salon\/bla-spa\/#offerId=1248017&amp;venueId=305275\" target=\"_self\" role=\"button\"><br \/>\n\t\t\t\tJE R\u00c9SERVE AU BLA SPA<br \/>\n\t\t\t<\/a><\/p>\n<h3>\n\t\tSPA 28 &#8211; 75006<br \/>\n\t<\/h3>\n<p>\t\t\t\t<a href=\"\/salon\/spa-28\/#offerId=1248267&amp;venueId=304483\" target=\"_self\"><br \/>\n\t\t\t\t<img decoding=\"async\" src=\"https:\/\/www.treatwell.fr/inspiration\/wp-content\/uploads\/sites\/4\/2016\/05\/spa281.jpg\" alt=\"spa28\" \/><br \/>\n\t\t\t\t<\/a><\/p>\n<h3><a href=\"\/salon\/spa-28\/#offerId=1248267&amp;venueId=304483\" target=\"_self\">Bonne f\u00eate maman &#8211; Solo<\/a><\/h3>\n<p>Acc\u00e8s Spa 1h<br \/>Soin Visage de la marque \u00a0Origine 45min<br \/>Massage Solo 30min<br \/>Un produit et un th\u00e9 offert\u00a0<\/p>\n<p><b>150\u20ac<\/b><\/p>\n<p>\t<a href=\"\/salon\/spa-28\/#offerId=1248267&amp;venueId=304483\" target=\"_self\" role=\"button\"><br \/>\n\t\t\t\tJE R\u00c9SERVE AU SPA 28<br \/>\n\t\t\t<\/a><br \/>\n\t\t\t\t<a href=\"\/salon\/spa-28\/#offerId=1248272&amp;venueId=304483\" target=\"_self\"><br \/>\n\t\t\t\t<img decoding=\"async\" src=\"https:\/\/www.treatwell.fr/inspiration\/wp-content\/uploads\/sites\/4\/2016\/05\/spa2_bis.jpg\" alt=\"spa2_bis\" \/><br \/>\n\t\t\t\t<\/a><\/p>\n<h3><a href=\"\/salon\/spa-28\/#offerId=1248272&amp;venueId=304483\" target=\"_self\">Duo M\u00e8re-Fille<\/a><\/h3>\n<p>Acc\u00e8s Spa 1h<br \/>Massage en Duo 1h<br \/>Modelage Facial &amp; Cr\u00e2nien 20 min<br \/>Un produit et un th\u00e9 offert pour la f\u00eate des mamans<\/p>\n<p><b>270\u20ac<\/b><\/p>\n<p>\t<a href=\"\/salon\/spa-28\/#offerId=1248272&amp;venueId=304483\" target=\"_self\" role=\"button\"><br \/>\n\t\t\t\tJE R\u00c9SERVE AU SPA 28<br \/>\n\t\t\t<\/a><\/p>\n<h3>\n\t\tSPA ENERGYMER &#8211; 75014<br \/>\n\t<\/h3>\n<p>\t\t\t\t<a href=\"\/salon\/spa-energymer\/#offerId=1247951&amp;venueId=312492\" target=\"_self\"><br \/>\n\t\t\t\t<img decoding=\"async\" src=\"https:\/\/www.treatwell.fr/inspiration\/wp-content\/uploads\/sites\/4\/2016\/05\/energymer_bis.jpg\" alt=\"energymer_bis\" \/><br \/>\n\t\t\t\t<\/a><\/p>\n<h3><a href=\"\/salon\/spa-energymer\/#offerId=1247951&amp;venueId=312492\" target=\"_self\">Escale F\u00eate des M\u00e8res<\/a><\/h3>\n<p>\t\t\tUn soin de Baln\u00e9o au choixMassage Bien-\u00eatreSoin Visage Source MarineAfternoon Tea &#8211; boisson chaude ou froide et mignardises\u00a0<strong>109\u20ac au lieu de 173\u20ac<\/strong><br \/>\n\t<a href=\"\/salon\/spa-energymer\/#offerId=1247951&amp;venueId=312492\" target=\"_self\" role=\"button\"><br \/>\n\t\t\t\tJE R\u00c9SERVE AU SPA ENERGYMER<br \/>\n\t\t\t<\/a><br \/>\n\t\t\t\t<a href=\"\/salon\/spa-energymer\/#offerId=1247982&amp;venueId=312492\" target=\"_self\"><br \/>\n\t\t\t\t<img decoding=\"async\" src=\"https:\/\/www.treatwell.fr/inspiration\/wp-content\/uploads\/sites\/4\/2016\/05\/spa_energymer.jpg\" alt=\"spa_energymer\" \/><br \/>\n\t\t\t\t<\/a><\/p>\n<h3><a href=\"\/salon\/spa-energymer\/#offerId=1247982&amp;venueId=312492\" target=\"_self\">Rituel f\u00eate des M\u00e8res<\/a><\/h3>\n<p>\t\t\tHammam ou SaunaMassage Bien-\u00eatreSoin Visage Source MarineAfternoon Tea &#8211; boisson chaude ou froide et mignardises\u00a0<strong>105\u20ac au lieu de 163\u20ac\u00a0<\/strong><br \/>\n\t<a href=\"\/salon\/spa-energymer\/#offerId=1247982&amp;venueId=312492\" target=\"_self\" role=\"button\"><br \/>\n\t\t\t\tJE R\u00c9SERVE AU SPA ENERGYMER<br \/>\n\t\t\t<\/a><\/p>\n<h3>\n\t\tSpa Diane Barri\u00e8re by Shiseido, Le Fouquet&rsquo;s &#8211; 75008<br \/>\n\t<\/h3>\n<p>\t\t\t\t<a href=\"\/salon\/u-spa-at-hotel-fouquets-barriere\/#offerId=1230463&amp;venueId=2005\" target=\"_self\"><br \/>\n\t\t\t\t<img decoding=\"async\" src=\"https:\/\/www.treatwell.fr/inspiration\/wp-content\/uploads\/sites\/4\/2016\/05\/fouquets3.jpg\" alt=\"fouquets3\" \/><br \/>\n\t\t\t\t<\/a><\/p>\n<h3><a href=\"\/salon\/u-spa-at-hotel-fouquets-barriere\/#offerId=1230463&amp;venueId=2005\" target=\"_self\">Juste pour elle &#8211; Solo<\/a><\/h3>\n<p>Un acc\u00e8s au spa et \u00e0 ses luxueuses installations, de la piscine au hammam et au sauna en passant par la salle de fitness<\/p>\n<p>Un massage relaxant du cou, des \u00e9paules et du dos d\u2019une demi-heure<\/p>\n<p>Un soin du visage cibl\u00e9 sur le contour des yeux et des l\u00e8vres\u00a0d&rsquo;une demi-heure<\/p>\n<p>Pause douceur avec champagne, jus de fruits ou th\u00e9<\/p>\n<p><strong>159\u20ac au lieu de 220\u20ac<\/strong><\/p>\n<p>\u00a0<\/p>\n<p>\t<a href=\"\/salon\/u-spa-at-hotel-fouquets-barriere\/#offerId=1230463&amp;venueId=2005\" target=\"_self\" role=\"button\"><br \/>\n\t\t\t\tJE R\u00c9SERVE<br \/>\n\t\t\t<\/a><br \/>\n\t\t\t\t<a href=\"\/salon\/u-spa-at-hotel-fouquets-barriere\/#offerId=1230446&amp;venueId=2005\" target=\"_self\"><br \/>\n\t\t\t\t<img decoding=\"async\" src=\"https:\/\/www.treatwell.fr/inspiration\/wp-content\/uploads\/sites\/4\/2016\/05\/fouquets.jpg\" alt=\"fouquets\" \/><br \/>\n\t\t\t\t<\/a><\/p>\n<h3><a href=\"\/salon\/u-spa-at-hotel-fouquets-barriere\/#offerId=1230446&amp;venueId=2005\" target=\"_self\">\u00c9vasion m\u00e8re et fille &#8211; Duo<\/a><\/h3>\n<p style=\"text-align: left\">Un acc\u00e8s au spa et \u00e0 ses luxueuses installations, de la piscine au hammam et au sauna en passant par la salle de fitness<\/p>\n<p style=\"text-align: left\">Un massage personnalis\u00e9 d\u2019une heure en cabine duo<\/p>\n<p>Pause douceur avec champagne, jus de fruits ou th\u00e9<\/p>\n<p style=\"text-align: left\">Une trousse de miniatures sign\u00e9s Shiseido comme cadeau de F\u00eate des M\u00e8res.<\/p>\n<p style=\"text-align: left\"><strong>299\u20ac au lieu de 440\u20ac<\/strong><\/p>\n<p style=\"text-align: left\">\u00a0<\/p>\n<p>\t<a href=\"\/salon\/u-spa-at-hotel-fouquets-barriere\/#offerId=1230446&amp;venueId=2005\" target=\"_self\" role=\"button\"><br \/>\n\t\t\t\tJE R\u00c9SERVE<br \/>\n\t\t\t<\/a><br \/>\n\t\t\t\t<a href=\"\/salon\/u-spa-at-hotel-fouquets-barriere\/#offerId=1230471&amp;venueId=2005\" target=\"_self\"><br \/>\n\t\t\t\t<img decoding=\"async\" src=\"https:\/\/www.treatwell.fr/inspiration\/wp-content\/uploads\/sites\/4\/2016\/05\/fouquets2.jpg\" alt=\"fouquets2\" \/><br \/>\n\t\t\t\t<\/a><\/p>\n<h3><a href=\"\/salon\/u-spa-at-hotel-fouquets-barriere\/#offerId=1230471&amp;venueId=2005\" target=\"_self\">L&rsquo;instant sublissime &#8211; Solo<\/a><\/h3>\n<p style=\"text-align: left\">Un acc\u00e8s au spa et \u00e0 ses luxueuses installations, de la piscine au hammam et au sauna en passant par la salle de fitness<\/p>\n<p style=\"text-align: left\">Un soin du visage liftant Future Solution LX, comprenant un massage relaxant du cuir chevelu, des mains et des pieds<\/p>\n<p style=\"text-align: left\">Un coffret complet comprenant 4 produits de la gamme Future Solution LX<\/p>\n<p>Pause douceur avec champagne, jus de fruits ou th\u00e9<\/p>\n<p style=\"text-align: left\"><strong>349\u20ac au lieu de 454\u20ac\u00a0<\/strong><\/p>\n<p>\t<a href=\"\/salon\/u-spa-at-hotel-fouquets-barriere\/#offerId=1230471&amp;venueId=2005\" target=\"_self\" role=\"button\"><br \/>\n\t\t\t\tJE R\u00c9SERVE<br \/>\n\t\t\t<\/a><\/p>\n","protected":false},"excerpt":{"rendered":"<p>Afternoon tea au spa et 20\u20ac offerts avec le code MAMAN16 d\u00e8s 40\u20ac d&rsquo;achats JUSQU&rsquo;AU 30 mai 2016 Heading test Deep Nature Spa &#8211; 75001 Acc\u00e8s au spa de 3h Soin du visage Algo Intense de 45min Tea time offert avec jus de fruits, th\u00e9 et\u00a0mignardises. 79 euros au lieu de 110 \u00a0 JE R\u00c9SERVE&hellip;<\/p>\n","protected":false},"author":1,"featured_media":0,"parent":0,"menu_order":0,"comment_status":"closed","ping_status":"closed","template":"","meta":{"inline_featured_image":false,"footnotes":""},"class_list":["post-1048","page","type-page","status-publish","hentry"],"yoast_head":"<!-- This site is optimized with the Yoast SEO plugin v27.3 - https:\/\/yoast.com\/product\/yoast-seo-wordpress\/ -->\n<title>Spa afternoon tea - Treatwell FR<\/title>\n<meta name=\"robots\" content=\"index, follow, max-snippet:-1, max-image-preview:large, max-video-preview:-1\" \/>\n<link rel=\"canonical\" href=\"https:\/\/www.treatwell.fr/inspiration\/spa-afternoon-tea\/\" \/>\n<meta property=\"og:locale\" content=\"fr_FR\" \/>\n<meta property=\"og:type\" content=\"article\" \/>\n<meta property=\"og:title\" content=\"Spa afternoon tea - Treatwell FR\" \/>\n<meta property=\"og:description\" content=\"Afternoon tea au spa et 20\u20ac offerts avec le code MAMAN16 d\u00e8s 40\u20ac d&rsquo;achats JUSQU&rsquo;AU 30 mai 2016 Heading test Deep Nature Spa &#8211; 75001 Acc\u00e8s au spa de 3h Soin du visage Algo Intense de 45min Tea time offert avec jus de fruits, th\u00e9 et\u00a0mignardises. 79 euros au lieu de 110 \u00a0 JE R\u00c9SERVE&hellip;\" \/>\n<meta property=\"og:url\" content=\"https:\/\/www.treatwell.fr/inspiration\/spa-afternoon-tea\/\" \/>\n<meta property=\"og:site_name\" content=\"Treatwell FR\" \/>\n<meta property=\"article:modified_time\" content=\"2016-05-27T13:46:31+00:00\" \/>\n<meta property=\"og:image\" content=\"https:\/\/www.treatwell.fr/inspiration\/wp-content\/uploads\/sites\/4\/2016\/05\/depp_600.jpg\" \/>\n<meta name=\"twitter:card\" content=\"summary_large_image\" \/>\n<meta name=\"twitter:label1\" content=\"Dur\u00e9e de lecture estim\u00e9e\" \/>\n\t<meta name=\"twitter:data1\" content=\"3 minutes\" \/>\n<script type=\"application\/ld+json\" class=\"yoast-schema-graph\">{\"@context\":\"https:\\\/\\\/schema.org\",\"@graph\":[{\"@type\":\"WebPage\",\"@id\":\"https:\\\/\\\/www.treatwell.fr/inspiration\\\/spa-afternoon-tea\\\/\",\"url\":\"https:\\\/\\\/www.treatwell.fr/inspiration\\\/spa-afternoon-tea\\\/\",\"name\":\"Spa afternoon tea - Treatwell FR\",\"isPartOf\":{\"@id\":\"https:\\\/\\\/www.treatwell.fr/inspiration\\\/#website\"},\"primaryImageOfPage\":{\"@id\":\"https:\\\/\\\/www.treatwell.fr/inspiration\\\/spa-afternoon-tea\\\/#primaryimage\"},\"image\":{\"@id\":\"https:\\\/\\\/www.treatwell.fr/inspiration\\\/spa-afternoon-tea\\\/#primaryimage\"},\"thumbnailUrl\":\"https:\\\/\\\/www.treatwell.fr/inspiration\\\/wp-content\\\/uploads\\\/sites\\\/4\\\/2016\\\/05\\\/depp_600.jpg\",\"datePublished\":\"2016-05-09T07:23:28+00:00\",\"dateModified\":\"2016-05-27T13:46:31+00:00\",\"breadcrumb\":{\"@id\":\"https:\\\/\\\/www.treatwell.fr/inspiration\\\/spa-afternoon-tea\\\/#breadcrumb\"},\"inLanguage\":\"fr-FR\",\"potentialAction\":[{\"@type\":\"ReadAction\",\"target\":[\"https:\\\/\\\/www.treatwell.fr/inspiration\\\/spa-afternoon-tea\\\/\"]}]},{\"@type\":\"ImageObject\",\"inLanguage\":\"fr-FR\",\"@id\":\"https:\\\/\\\/www.treatwell.fr/inspiration\\\/spa-afternoon-tea\\\/#primaryimage\",\"url\":\"https:\\\/\\\/www.treatwell.fr/inspiration\\\/wp-content\\\/uploads\\\/sites\\\/4\\\/2016\\\/05\\\/depp_600.jpg\",\"contentUrl\":\"https:\\\/\\\/www.treatwell.fr/inspiration\\\/wp-content\\\/uploads\\\/sites\\\/4\\\/2016\\\/05\\\/depp_600.jpg\",\"width\":600,\"height\":400},{\"@type\":\"BreadcrumbList\",\"@id\":\"https:\\\/\\\/www.treatwell.fr/inspiration\\\/spa-afternoon-tea\\\/#breadcrumb\",\"itemListElement\":[{\"@type\":\"ListItem\",\"position\":1,\"name\":\"Home\",\"item\":\"https:\\\/\\\/www.treatwell.fr/inspiration\\\/\"},{\"@type\":\"ListItem\",\"position\":2,\"name\":\"Spa afternoon tea\"}]},{\"@type\":\"WebSite\",\"@id\":\"https:\\\/\\\/www.treatwell.fr/inspiration\\\/#website\",\"url\":\"https:\\\/\\\/www.treatwell.fr/inspiration\\\/\",\"name\":\"Treatwell FR\",\"description\":\"\",\"potentialAction\":[{\"@type\":\"SearchAction\",\"target\":{\"@type\":\"EntryPoint\",\"urlTemplate\":\"https:\\\/\\\/www.treatwell.fr/inspiration\\\/?s={search_term_string}\"},\"query-input\":{\"@type\":\"PropertyValueSpecification\",\"valueRequired\":true,\"valueName\":\"search_term_string\"}}],\"inLanguage\":\"fr-FR\"}]}<\/script>\n<!-- \/ Yoast SEO plugin. -->","yoast_head_json":{"title":"Spa afternoon tea - Treatwell FR","robots":{"index":"index","follow":"follow","max-snippet":"max-snippet:-1","max-image-preview":"max-image-preview:large","max-video-preview":"max-video-preview:-1"},"canonical":"https:\/\/www.treatwell.fr/inspiration\/spa-afternoon-tea\/","og_locale":"fr_FR","og_type":"article","og_title":"Spa afternoon tea - Treatwell FR","og_description":"Afternoon tea au spa et 20\u20ac offerts avec le code MAMAN16 d\u00e8s 40\u20ac d&rsquo;achats JUSQU&rsquo;AU 30 mai 2016 Heading test Deep Nature Spa &#8211; 75001 Acc\u00e8s au spa de 3h Soin du visage Algo Intense de 45min Tea time offert avec jus de fruits, th\u00e9 et\u00a0mignardises. 79 euros au lieu de 110 \u00a0 JE R\u00c9SERVE&hellip;","og_url":"https:\/\/www.treatwell.fr/inspiration\/spa-afternoon-tea\/","og_site_name":"Treatwell FR","article_modified_time":"2016-05-27T13:46:31+00:00","og_image":[{"url":"https:\/\/www.treatwell.fr/inspiration\/wp-content\/uploads\/sites\/4\/2016\/05\/depp_600.jpg","type":"","width":"","height":""}],"twitter_card":"summary_large_image","twitter_misc":{"Dur\u00e9e de lecture estim\u00e9e":"3 minutes"},"schema":{"@context":"https:\/\/schema.org","@graph":[{"@type":"WebPage","@id":"https:\/\/www.treatwell.fr/inspiration\/spa-afternoon-tea\/","url":"https:\/\/www.treatwell.fr/inspiration\/spa-afternoon-tea\/","name":"Spa afternoon tea - Treatwell FR","isPartOf":{"@id":"https:\/\/www.treatwell.fr/inspiration\/#website"},"primaryImageOfPage":{"@id":"https:\/\/www.treatwell.fr/inspiration\/spa-afternoon-tea\/#primaryimage"},"image":{"@id":"https:\/\/www.treatwell.fr/inspiration\/spa-afternoon-tea\/#primaryimage"},"thumbnailUrl":"https:\/\/www.treatwell.fr/inspiration\/wp-content\/uploads\/sites\/4\/2016\/05\/depp_600.jpg","datePublished":"2016-05-09T07:23:28+00:00","dateModified":"2016-05-27T13:46:31+00:00","breadcrumb":{"@id":"https:\/\/www.treatwell.fr/inspiration\/spa-afternoon-tea\/#breadcrumb"},"inLanguage":"fr-FR","potentialAction":[{"@type":"ReadAction","target":["https:\/\/www.treatwell.fr/inspiration\/spa-afternoon-tea\/"]}]},{"@type":"ImageObject","inLanguage":"fr-FR","@id":"https:\/\/www.treatwell.fr/inspiration\/spa-afternoon-tea\/#primaryimage","url":"https:\/\/www.treatwell.fr/inspiration\/wp-content\/uploads\/sites\/4\/2016\/05\/depp_600.jpg","contentUrl":"https:\/\/www.treatwell.fr/inspiration\/wp-content\/uploads\/sites\/4\/2016\/05\/depp_600.jpg","width":600,"height":400},{"@type":"BreadcrumbList","@id":"https:\/\/www.treatwell.fr/inspiration\/spa-afternoon-tea\/#breadcrumb","itemListElement":[{"@type":"ListItem","position":1,"name":"Home","item":"https:\/\/www.treatwell.fr/inspiration\/"},{"@type":"ListItem","position":2,"name":"Spa afternoon tea"}]},{"@type":"WebSite","@id":"https:\/\/www.treatwell.fr/inspiration\/#website","url":"https:\/\/www.treatwell.fr/inspiration\/","name":"Treatwell FR","description":"","potentialAction":[{"@type":"SearchAction","target":{"@type":"EntryPoint","urlTemplate":"https:\/\/www.treatwell.fr/inspiration\/?s={search_term_string}"},"query-input":{"@type":"PropertyValueSpecification","valueRequired":true,"valueName":"search_term_string"}}],"inLanguage":"fr-FR"}]}},"_links":{"self":[{"href":"https:\/\/www.treatwell.fr\/inspiration\/wp-json\/wp\/v2\/pages\/1048","targetHints":{"allow":["GET"]}}],"collection":[{"href":"https:\/\/www.treatwell.fr\/inspiration\/wp-json\/wp\/v2\/pages"}],"about":[{"href":"https:\/\/www.treatwell.fr\/inspiration\/wp-json\/wp\/v2\/types\/page"}],"author":[{"embeddable":true,"href":"https:\/\/www.treatwell.fr\/inspiration\/wp-json\/wp\/v2\/users\/1"}],"replies":[{"embeddable":true,"href":"https:\/\/www.treatwell.fr\/inspiration\/wp-json\/wp\/v2\/comments?post=1048"}],"version-history":[{"count":0,"href":"https:\/\/www.treatwell.fr\/inspiration\/wp-json\/wp\/v2\/pages\/1048\/revisions"}],"wp:attachment":[{"href":"https:\/\/www.treatwell.fr\/inspiration\/wp-json\/wp\/v2\/media?parent=1048"}],"curies":[{"name":"wp","href":"https:\/\/api.w.org\/{rel}","templated":true}]}}