{"id":4060,"date":"2017-01-13T14:06:02","date_gmt":"2017-01-13T14:06:02","guid":{"rendered":"https:\/\/www.treatwell.fr\/inspiration\/?page_id=4060"},"modified":"2017-05-16T09:41:54","modified_gmt":"2017-05-16T09:41:54","slug":"lov-organic-treatwell","status":"publish","type":"page","link":"https:\/\/www.treatwell.fr/inspiration\/lov-organic-treatwell\/","title":{"rendered":"Lov Organic et Treatwell"},"content":{"rendered":"<h1 style=\"text-align: center\">Ce jeu-concours est d\u00e9sormais termin\u00e9.<\/h1>\n<p style=\"text-align: center\">Revenez nous voir une prochaine fois, nous vous r\u00e9servons souvent de belles surprises pour vous&#8230;Il vous suffit de rester \u00e0 l&rsquo;affut !<\/p>\n<p><img decoding=\"async\" src=\"https:\/\/www.treatwell.fr/inspiration\/wp-content\/uploads\/sites\/4\/2017\/01\/TW_Lov_organic_landing_page_KK_v01-2.jpg\" alt=\"TW_Lov_organic_landing_page_KK_v01 (2)\" \/><\/p>\n<p><a href=\"https:\/\/www.treatwell.fr/inspiration\/reglement-treatwell-lov-organic\/\">R\u00e8glement du jeu &gt;<\/a><\/p>\n","protected":false},"excerpt":{"rendered":"<p>Ce jeu-concours est d\u00e9sormais termin\u00e9. Revenez nous voir une prochaine fois, nous vous r\u00e9servons souvent de belles surprises pour vous&#8230;Il vous suffit de rester \u00e0 l&rsquo;affut ! R\u00e8glement du jeu &gt;<\/p>\n","protected":false},"author":1,"featured_media":0,"parent":0,"menu_order":0,"comment_status":"closed","ping_status":"closed","template":"","meta":{"inline_featured_image":false,"footnotes":""},"class_list":["post-4060","page","type-page","status-publish","hentry"],"yoast_head":"<!-- This site is optimized with the Yoast SEO plugin v27.3 - https:\/\/yoast.com\/product\/yoast-seo-wordpress\/ -->\n<title>Lov Organic et Treatwell - Treatwell FR<\/title>\n<meta name=\"robots\" content=\"index, follow, max-snippet:-1, max-image-preview:large, max-video-preview:-1\" \/>\n<link rel=\"canonical\" href=\"https:\/\/www.treatwell.fr/inspiration\/lov-organic-treatwell\/\" \/>\n<meta property=\"og:locale\" content=\"fr_FR\" \/>\n<meta property=\"og:type\" content=\"article\" \/>\n<meta property=\"og:title\" content=\"Lov Organic et Treatwell - Treatwell FR\" \/>\n<meta property=\"og:description\" content=\"Ce jeu-concours est d\u00e9sormais termin\u00e9. Revenez nous voir une prochaine fois, nous vous r\u00e9servons souvent de belles surprises pour vous&#8230;Il vous suffit de rester \u00e0 l&rsquo;affut ! R\u00e8glement du jeu &gt;\" \/>\n<meta property=\"og:url\" content=\"https:\/\/www.treatwell.fr/inspiration\/lov-organic-treatwell\/\" \/>\n<meta property=\"og:site_name\" content=\"Treatwell FR\" \/>\n<meta property=\"article:modified_time\" content=\"2017-05-16T09:41:54+00:00\" \/>\n<meta property=\"og:image\" content=\"https:\/\/www.treatwell.fr/inspiration\/wp-content\/uploads\/sites\/4\/2017\/01\/TW_Lov_organic_landing_page_KK_v01-2.jpg\" \/>\n<meta name=\"twitter:card\" content=\"summary_large_image\" \/>\n<script type=\"application\/ld+json\" class=\"yoast-schema-graph\">{\"@context\":\"https:\\\/\\\/schema.org\",\"@graph\":[{\"@type\":\"WebPage\",\"@id\":\"https:\\\/\\\/www.treatwell.fr/inspiration\\\/lov-organic-treatwell\\\/\",\"url\":\"https:\\\/\\\/www.treatwell.fr/inspiration\\\/lov-organic-treatwell\\\/\",\"name\":\"Lov Organic et Treatwell - Treatwell FR\",\"isPartOf\":{\"@id\":\"https:\\\/\\\/www.treatwell.fr/inspiration\\\/#website\"},\"primaryImageOfPage\":{\"@id\":\"https:\\\/\\\/www.treatwell.fr/inspiration\\\/lov-organic-treatwell\\\/#primaryimage\"},\"image\":{\"@id\":\"https:\\\/\\\/www.treatwell.fr/inspiration\\\/lov-organic-treatwell\\\/#primaryimage\"},\"thumbnailUrl\":\"https:\\\/\\\/www.treatwell.fr/inspiration\\\/wp-content\\\/uploads\\\/sites\\\/4\\\/2017\\\/01\\\/TW_Lov_organic_landing_page_KK_v01-2.jpg\",\"datePublished\":\"2017-01-13T14:06:02+00:00\",\"dateModified\":\"2017-05-16T09:41:54+00:00\",\"breadcrumb\":{\"@id\":\"https:\\\/\\\/www.treatwell.fr/inspiration\\\/lov-organic-treatwell\\\/#breadcrumb\"},\"inLanguage\":\"fr-FR\",\"potentialAction\":[{\"@type\":\"ReadAction\",\"target\":[\"https:\\\/\\\/www.treatwell.fr/inspiration\\\/lov-organic-treatwell\\\/\"]}]},{\"@type\":\"ImageObject\",\"inLanguage\":\"fr-FR\",\"@id\":\"https:\\\/\\\/www.treatwell.fr/inspiration\\\/lov-organic-treatwell\\\/#primaryimage\",\"url\":\"https:\\\/\\\/www.treatwell.fr/inspiration\\\/wp-content\\\/uploads\\\/sites\\\/4\\\/2017\\\/01\\\/TW_Lov_organic_landing_page_KK_v01-2.jpg\",\"contentUrl\":\"https:\\\/\\\/www.treatwell.fr/inspiration\\\/wp-content\\\/uploads\\\/sites\\\/4\\\/2017\\\/01\\\/TW_Lov_organic_landing_page_KK_v01-2.jpg\",\"width\":1600,\"height\":747},{\"@type\":\"BreadcrumbList\",\"@id\":\"https:\\\/\\\/www.treatwell.fr/inspiration\\\/lov-organic-treatwell\\\/#breadcrumb\",\"itemListElement\":[{\"@type\":\"ListItem\",\"position\":1,\"name\":\"Home\",\"item\":\"https:\\\/\\\/www.treatwell.fr/inspiration\\\/\"},{\"@type\":\"ListItem\",\"position\":2,\"name\":\"Lov Organic et Treatwell\"}]},{\"@type\":\"WebSite\",\"@id\":\"https:\\\/\\\/www.treatwell.fr/inspiration\\\/#website\",\"url\":\"https:\\\/\\\/www.treatwell.fr/inspiration\\\/\",\"name\":\"Treatwell FR\",\"description\":\"\",\"potentialAction\":[{\"@type\":\"SearchAction\",\"target\":{\"@type\":\"EntryPoint\",\"urlTemplate\":\"https:\\\/\\\/www.treatwell.fr/inspiration\\\/?s={search_term_string}\"},\"query-input\":{\"@type\":\"PropertyValueSpecification\",\"valueRequired\":true,\"valueName\":\"search_term_string\"}}],\"inLanguage\":\"fr-FR\"}]}<\/script>\n<!-- \/ Yoast SEO plugin. -->","yoast_head_json":{"title":"Lov Organic et Treatwell - Treatwell FR","robots":{"index":"index","follow":"follow","max-snippet":"max-snippet:-1","max-image-preview":"max-image-preview:large","max-video-preview":"max-video-preview:-1"},"canonical":"https:\/\/www.treatwell.fr/inspiration\/lov-organic-treatwell\/","og_locale":"fr_FR","og_type":"article","og_title":"Lov Organic et Treatwell - Treatwell FR","og_description":"Ce jeu-concours est d\u00e9sormais termin\u00e9. Revenez nous voir une prochaine fois, nous vous r\u00e9servons souvent de belles surprises pour vous&#8230;Il vous suffit de rester \u00e0 l&rsquo;affut ! R\u00e8glement du jeu &gt;","og_url":"https:\/\/www.treatwell.fr/inspiration\/lov-organic-treatwell\/","og_site_name":"Treatwell FR","article_modified_time":"2017-05-16T09:41:54+00:00","og_image":[{"url":"https:\/\/www.treatwell.fr/inspiration\/wp-content\/uploads\/sites\/4\/2017\/01\/TW_Lov_organic_landing_page_KK_v01-2.jpg","type":"","width":"","height":""}],"twitter_card":"summary_large_image","schema":{"@context":"https:\/\/schema.org","@graph":[{"@type":"WebPage","@id":"https:\/\/www.treatwell.fr/inspiration\/lov-organic-treatwell\/","url":"https:\/\/www.treatwell.fr/inspiration\/lov-organic-treatwell\/","name":"Lov Organic et Treatwell - Treatwell FR","isPartOf":{"@id":"https:\/\/www.treatwell.fr/inspiration\/#website"},"primaryImageOfPage":{"@id":"https:\/\/www.treatwell.fr/inspiration\/lov-organic-treatwell\/#primaryimage"},"image":{"@id":"https:\/\/www.treatwell.fr/inspiration\/lov-organic-treatwell\/#primaryimage"},"thumbnailUrl":"https:\/\/www.treatwell.fr/inspiration\/wp-content\/uploads\/sites\/4\/2017\/01\/TW_Lov_organic_landing_page_KK_v01-2.jpg","datePublished":"2017-01-13T14:06:02+00:00","dateModified":"2017-05-16T09:41:54+00:00","breadcrumb":{"@id":"https:\/\/www.treatwell.fr/inspiration\/lov-organic-treatwell\/#breadcrumb"},"inLanguage":"fr-FR","potentialAction":[{"@type":"ReadAction","target":["https:\/\/www.treatwell.fr/inspiration\/lov-organic-treatwell\/"]}]},{"@type":"ImageObject","inLanguage":"fr-FR","@id":"https:\/\/www.treatwell.fr/inspiration\/lov-organic-treatwell\/#primaryimage","url":"https:\/\/www.treatwell.fr/inspiration\/wp-content\/uploads\/sites\/4\/2017\/01\/TW_Lov_organic_landing_page_KK_v01-2.jpg","contentUrl":"https:\/\/www.treatwell.fr/inspiration\/wp-content\/uploads\/sites\/4\/2017\/01\/TW_Lov_organic_landing_page_KK_v01-2.jpg","width":1600,"height":747},{"@type":"BreadcrumbList","@id":"https:\/\/www.treatwell.fr/inspiration\/lov-organic-treatwell\/#breadcrumb","itemListElement":[{"@type":"ListItem","position":1,"name":"Home","item":"https:\/\/www.treatwell.fr/inspiration\/"},{"@type":"ListItem","position":2,"name":"Lov Organic et Treatwell"}]},{"@type":"WebSite","@id":"https:\/\/www.treatwell.fr/inspiration\/#website","url":"https:\/\/www.treatwell.fr/inspiration\/","name":"Treatwell FR","description":"","potentialAction":[{"@type":"SearchAction","target":{"@type":"EntryPoint","urlTemplate":"https:\/\/www.treatwell.fr/inspiration\/?s={search_term_string}"},"query-input":{"@type":"PropertyValueSpecification","valueRequired":true,"valueName":"search_term_string"}}],"inLanguage":"fr-FR"}]}},"_links":{"self":[{"href":"https:\/\/www.treatwell.fr\/inspiration\/wp-json\/wp\/v2\/pages\/4060","targetHints":{"allow":["GET"]}}],"collection":[{"href":"https:\/\/www.treatwell.fr\/inspiration\/wp-json\/wp\/v2\/pages"}],"about":[{"href":"https:\/\/www.treatwell.fr\/inspiration\/wp-json\/wp\/v2\/types\/page"}],"author":[{"embeddable":true,"href":"https:\/\/www.treatwell.fr\/inspiration\/wp-json\/wp\/v2\/users\/1"}],"replies":[{"embeddable":true,"href":"https:\/\/www.treatwell.fr\/inspiration\/wp-json\/wp\/v2\/comments?post=4060"}],"version-history":[{"count":0,"href":"https:\/\/www.treatwell.fr\/inspiration\/wp-json\/wp\/v2\/pages\/4060\/revisions"}],"wp:attachment":[{"href":"https:\/\/www.treatwell.fr\/inspiration\/wp-json\/wp\/v2\/media?parent=4060"}],"curies":[{"name":"wp","href":"https:\/\/api.w.org\/{rel}","templated":true}]}}