{"id":4550,"date":"2017-04-10T16:37:34","date_gmt":"2017-04-10T16:37:34","guid":{"rendered":"https:\/\/www.treatwell.fr\/inspiration\/?page_id=4550"},"modified":"2017-05-12T10:33:47","modified_gmt":"2017-05-12T10:33:47","slug":"printemps","status":"publish","type":"page","link":"https:\/\/www.treatwell.fr/inspiration\/printemps\/","title":{"rendered":"Printemps"},"content":{"rendered":"<p style=\"padding-left: 60px;line-height: 1,5\"><strong>Madame<\/strong><br \/>\n<strong>\u00a0 \u00a0 \u00a0 \u00a0 \u00a0Amour<\/strong><\/p>\n<p>Le printemps est bel et bien l\u00e0 et la saison des Mariages aussi ! Pour l&rsquo;occasion, on s&rsquo;est dit qu&rsquo;une belle s\u00e9lection de soins \u00e0 tester entre copines pourrait \u00eatre trop cool pour vos EVJF \u00e0 venir ! On vous simplifie le casse-t\u00eate. Entre les massages ou les manucures, vous allez vous r\u00e9galer&#8230;<\/p>\n<p><strong>Offres<\/strong><strong><br \/>\n<\/strong><strong>\u00a0 Enterrement de vie de jeune fille<\/strong><\/p>\n<p>Offres de groupe de 1 \u00e0 15 personnes<\/p>\n<p>Pour un EVJF beaut\u00e9 &amp; bien-\u00eatre<\/p>\n<p><a href=\"https:\/\/www.treatwell.fr\/salons\/offre-etiquette-evjf\/\" target=\"_blank\"><br \/>\nJE R\u00c9SERVE MON EVJF BEAUT\u00c9 &gt;<br \/>\n<\/a><br \/>\n<a href=\"https:\/\/www.treatwell.fr\/salon\/les-jardins-du-marais\/#offerId=1546958&amp;venueId=327912\" target=\"_blank\"><br \/>\n<img decoding=\"async\" src=\"https:\/\/www.treatwell.fr/inspiration\/wp-content\/uploads\/sites\/4\/2017\/04\/TW_FR_SpringCampaign_Landingpage_DV_v01_03.png\" alt=\"TW_FR_SpringCampaign_Landingpage_DV_v01_03\" \/><br \/>\n<\/a><br \/>\n<a href=\"https:\/\/www.treatwell.fr\/salon\/free-persephone\/#offerId=1585543&amp;venueId=319740\" target=\"_blank\"><br \/>\n<img decoding=\"async\" src=\"https:\/\/www.treatwell.fr/inspiration\/wp-content\/uploads\/sites\/4\/2017\/04\/TW_FR_SpringCampaign_Landingpage_DV_v01_04.png\" alt=\"TW_FR_SpringCampaign_Landingpage_DV_v01_04\" \/><br \/>\n<\/a><\/p>\n<p><strong>Offres<br \/>\n<\/strong><strong>\u00a0 \u00a0 \u00a0pr\u00e9paratifs Mariage<\/strong><\/p>\n<p>Vos offres coiffure, soins relaxants, make up pour \u00eatre au top le Jour-J<\/p>\n<p><a href=\"https:\/\/www.treatwell.fr\/salons\/etiquette-mariage\/\" target=\"_blank\"><br \/>\nOFFRES MARIAGE &gt;<br \/>\n<\/a><\/p>\n<p style=\"padding-left: 60px;text-align: left\"><strong>\u00a0 \u00a0 \u00a0 \u00a0 \u00a0 Vos\u00a0soins<\/strong><br \/>\n<strong>\u00a0 \u00a0 \u00a0 \u00a0 \u00a0 \u00a0 \u00a0 \u00a0 \u00a0 \u00a0printaniers<\/strong><\/p>\n<p><a href=\"https:\/\/www.treatwell.fr\/salons\/soin-vernis-semi-permanent-mains,vernis-semi-permanent-pieds\/offre-type-local\/dans-paris-france\/tri-mieux-notes\/\" target=\"_blank\"><br \/>\n<img decoding=\"async\" src=\"https:\/\/www.treatwell.fr/inspiration\/wp-content\/uploads\/sites\/4\/2017\/04\/TW_FR_SpringCampaign_Landingpage_DV_v01_10.png\" alt=\"TW_FR_SpringCampaign_Landingpage_DV_v01_10\" \/><br \/>\n<\/a><br \/>\n<a href=\"https:\/\/www.treatwell.fr\/salons\/soins-groupe-epilation\/offre-type-local\/dans-paris-france\/tri-mieux-notes\/\" target=\"_blank\"><br \/>\n<img decoding=\"async\" src=\"https:\/\/www.treatwell.fr/inspiration\/wp-content\/uploads\/sites\/4\/2017\/04\/TW_FR_SpringCampaign_Landingpage_DV_v01_12.png\" alt=\"TW_FR_SpringCampaign_Landingpage_DV_v01_12\" \/><br \/>\n<\/a><br \/>\n<a href=\"https:\/\/www.treatwell.fr\/salons\/soin-soin-du-visage\/offre-type-local\/dans-paris-france\/tri-mieux-notes\/\" target=\"_blank\"><br \/>\n<img decoding=\"async\" src=\"https:\/\/www.treatwell.fr/inspiration\/wp-content\/uploads\/sites\/4\/2017\/04\/TW_FR_SpringCampaign_Landingpage_DV_v01_14.png\" alt=\"TW_FR_SpringCampaign_Landingpage_DV_v01_14\" \/><br \/>\n<\/a><br \/>\n<a href=\"\/identite\/nouvelles-coupes-tendances-filles-garcons\/\" target=\"_blank\"><br \/>\n<img decoding=\"async\" src=\"https:\/\/www.treatwell.fr/inspiration\/wp-content\/uploads\/sites\/4\/2017\/04\/TW_FR_SpringCampaign_Landingpage_DV_v01_19-1.png\" alt=\"TW_FR_SpringCampaign_Landingpage_DV_v01_19\" \/><br \/>\n<\/a><br \/>\n<a href=\"\/identite\/guide-debutants-balayage\/\" target=\"_blank\"><br \/>\n<img decoding=\"async\" src=\"https:\/\/www.treatwell.fr/inspiration\/wp-content\/uploads\/sites\/4\/2017\/04\/TW_FR_SpringCampaign_Landingpage_DV_v01_21-1.png\" alt=\"TW_FR_SpringCampaign_Landingpage_DV_v01_21\" \/><br \/>\n<\/a><\/p>\n","protected":false},"excerpt":{"rendered":"<p>Madame \u00a0 \u00a0 \u00a0 \u00a0 \u00a0Amour Le printemps est bel et bien l\u00e0 et la saison des Mariages aussi ! Pour l&rsquo;occasion, on s&rsquo;est dit qu&rsquo;une belle s\u00e9lection de soins \u00e0 tester entre copines pourrait \u00eatre trop cool pour vos EVJF \u00e0 venir ! On vous simplifie le casse-t\u00eate. Entre les massages ou les manucures,&hellip;<\/p>\n","protected":false},"author":1,"featured_media":0,"parent":0,"menu_order":0,"comment_status":"closed","ping_status":"closed","template":"","meta":{"inline_featured_image":false,"footnotes":""},"class_list":["post-4550","page","type-page","status-publish","hentry"],"yoast_head":"<!-- This site is optimized with the Yoast SEO plugin v27.3 - https:\/\/yoast.com\/product\/yoast-seo-wordpress\/ -->\n<title>Printemps - Treatwell FR<\/title>\n<meta name=\"robots\" content=\"index, follow, max-snippet:-1, max-image-preview:large, max-video-preview:-1\" \/>\n<link rel=\"canonical\" href=\"https:\/\/www.treatwell.fr/inspiration\/printemps\/\" \/>\n<meta property=\"og:locale\" content=\"fr_FR\" \/>\n<meta property=\"og:type\" content=\"article\" \/>\n<meta property=\"og:title\" content=\"Printemps - Treatwell FR\" \/>\n<meta property=\"og:description\" content=\"Madame \u00a0 \u00a0 \u00a0 \u00a0 \u00a0Amour Le printemps est bel et bien l\u00e0 et la saison des Mariages aussi ! Pour l&rsquo;occasion, on s&rsquo;est dit qu&rsquo;une belle s\u00e9lection de soins \u00e0 tester entre copines pourrait \u00eatre trop cool pour vos EVJF \u00e0 venir ! On vous simplifie le casse-t\u00eate. Entre les massages ou les manucures,&hellip;\" \/>\n<meta property=\"og:url\" content=\"https:\/\/www.treatwell.fr/inspiration\/printemps\/\" \/>\n<meta property=\"og:site_name\" content=\"Treatwell FR\" \/>\n<meta property=\"article:modified_time\" content=\"2017-05-12T10:33:47+00:00\" \/>\n<meta property=\"og:image\" content=\"https:\/\/www.treatwell.fr/inspiration\/wp-content\/uploads\/sites\/4\/2017\/04\/TW_FR_SpringCampaign_Landingpage_DV_v01_03.png\" \/>\n<meta name=\"twitter:card\" content=\"summary_large_image\" \/>\n<meta name=\"twitter:label1\" content=\"Dur\u00e9e de lecture estim\u00e9e\" \/>\n\t<meta name=\"twitter:data1\" content=\"1 minute\" \/>\n<script type=\"application\/ld+json\" class=\"yoast-schema-graph\">{\"@context\":\"https:\\\/\\\/schema.org\",\"@graph\":[{\"@type\":\"WebPage\",\"@id\":\"https:\\\/\\\/www.treatwell.fr/inspiration\\\/printemps\\\/\",\"url\":\"https:\\\/\\\/www.treatwell.fr/inspiration\\\/printemps\\\/\",\"name\":\"Printemps - Treatwell FR\",\"isPartOf\":{\"@id\":\"https:\\\/\\\/www.treatwell.fr/inspiration\\\/#website\"},\"primaryImageOfPage\":{\"@id\":\"https:\\\/\\\/www.treatwell.fr/inspiration\\\/printemps\\\/#primaryimage\"},\"image\":{\"@id\":\"https:\\\/\\\/www.treatwell.fr/inspiration\\\/printemps\\\/#primaryimage\"},\"thumbnailUrl\":\"https:\\\/\\\/www.treatwell.fr/inspiration\\\/wp-content\\\/uploads\\\/sites\\\/4\\\/2017\\\/04\\\/TW_FR_SpringCampaign_Landingpage_DV_v01_03.png\",\"datePublished\":\"2017-04-10T16:37:34+00:00\",\"dateModified\":\"2017-05-12T10:33:47+00:00\",\"breadcrumb\":{\"@id\":\"https:\\\/\\\/www.treatwell.fr/inspiration\\\/printemps\\\/#breadcrumb\"},\"inLanguage\":\"fr-FR\",\"potentialAction\":[{\"@type\":\"ReadAction\",\"target\":[\"https:\\\/\\\/www.treatwell.fr/inspiration\\\/printemps\\\/\"]}]},{\"@type\":\"ImageObject\",\"inLanguage\":\"fr-FR\",\"@id\":\"https:\\\/\\\/www.treatwell.fr/inspiration\\\/printemps\\\/#primaryimage\",\"url\":\"https:\\\/\\\/www.treatwell.fr/inspiration\\\/wp-content\\\/uploads\\\/sites\\\/4\\\/2017\\\/04\\\/TW_FR_SpringCampaign_Landingpage_DV_v01_03.png\",\"contentUrl\":\"https:\\\/\\\/www.treatwell.fr/inspiration\\\/wp-content\\\/uploads\\\/sites\\\/4\\\/2017\\\/04\\\/TW_FR_SpringCampaign_Landingpage_DV_v01_03.png\",\"width\":750,\"height\":450},{\"@type\":\"BreadcrumbList\",\"@id\":\"https:\\\/\\\/www.treatwell.fr/inspiration\\\/printemps\\\/#breadcrumb\",\"itemListElement\":[{\"@type\":\"ListItem\",\"position\":1,\"name\":\"Home\",\"item\":\"https:\\\/\\\/www.treatwell.fr/inspiration\\\/\"},{\"@type\":\"ListItem\",\"position\":2,\"name\":\"Printemps\"}]},{\"@type\":\"WebSite\",\"@id\":\"https:\\\/\\\/www.treatwell.fr/inspiration\\\/#website\",\"url\":\"https:\\\/\\\/www.treatwell.fr/inspiration\\\/\",\"name\":\"Treatwell FR\",\"description\":\"\",\"potentialAction\":[{\"@type\":\"SearchAction\",\"target\":{\"@type\":\"EntryPoint\",\"urlTemplate\":\"https:\\\/\\\/www.treatwell.fr/inspiration\\\/?s={search_term_string}\"},\"query-input\":{\"@type\":\"PropertyValueSpecification\",\"valueRequired\":true,\"valueName\":\"search_term_string\"}}],\"inLanguage\":\"fr-FR\"}]}<\/script>\n<!-- \/ Yoast SEO plugin. -->","yoast_head_json":{"title":"Printemps - Treatwell FR","robots":{"index":"index","follow":"follow","max-snippet":"max-snippet:-1","max-image-preview":"max-image-preview:large","max-video-preview":"max-video-preview:-1"},"canonical":"https:\/\/www.treatwell.fr/inspiration\/printemps\/","og_locale":"fr_FR","og_type":"article","og_title":"Printemps - Treatwell FR","og_description":"Madame \u00a0 \u00a0 \u00a0 \u00a0 \u00a0Amour Le printemps est bel et bien l\u00e0 et la saison des Mariages aussi ! Pour l&rsquo;occasion, on s&rsquo;est dit qu&rsquo;une belle s\u00e9lection de soins \u00e0 tester entre copines pourrait \u00eatre trop cool pour vos EVJF \u00e0 venir ! On vous simplifie le casse-t\u00eate. Entre les massages ou les manucures,&hellip;","og_url":"https:\/\/www.treatwell.fr/inspiration\/printemps\/","og_site_name":"Treatwell FR","article_modified_time":"2017-05-12T10:33:47+00:00","og_image":[{"url":"https:\/\/www.treatwell.fr/inspiration\/wp-content\/uploads\/sites\/4\/2017\/04\/TW_FR_SpringCampaign_Landingpage_DV_v01_03.png","type":"","width":"","height":""}],"twitter_card":"summary_large_image","twitter_misc":{"Dur\u00e9e de lecture estim\u00e9e":"1 minute"},"schema":{"@context":"https:\/\/schema.org","@graph":[{"@type":"WebPage","@id":"https:\/\/www.treatwell.fr/inspiration\/printemps\/","url":"https:\/\/www.treatwell.fr/inspiration\/printemps\/","name":"Printemps - Treatwell FR","isPartOf":{"@id":"https:\/\/www.treatwell.fr/inspiration\/#website"},"primaryImageOfPage":{"@id":"https:\/\/www.treatwell.fr/inspiration\/printemps\/#primaryimage"},"image":{"@id":"https:\/\/www.treatwell.fr/inspiration\/printemps\/#primaryimage"},"thumbnailUrl":"https:\/\/www.treatwell.fr/inspiration\/wp-content\/uploads\/sites\/4\/2017\/04\/TW_FR_SpringCampaign_Landingpage_DV_v01_03.png","datePublished":"2017-04-10T16:37:34+00:00","dateModified":"2017-05-12T10:33:47+00:00","breadcrumb":{"@id":"https:\/\/www.treatwell.fr/inspiration\/printemps\/#breadcrumb"},"inLanguage":"fr-FR","potentialAction":[{"@type":"ReadAction","target":["https:\/\/www.treatwell.fr/inspiration\/printemps\/"]}]},{"@type":"ImageObject","inLanguage":"fr-FR","@id":"https:\/\/www.treatwell.fr/inspiration\/printemps\/#primaryimage","url":"https:\/\/www.treatwell.fr/inspiration\/wp-content\/uploads\/sites\/4\/2017\/04\/TW_FR_SpringCampaign_Landingpage_DV_v01_03.png","contentUrl":"https:\/\/www.treatwell.fr/inspiration\/wp-content\/uploads\/sites\/4\/2017\/04\/TW_FR_SpringCampaign_Landingpage_DV_v01_03.png","width":750,"height":450},{"@type":"BreadcrumbList","@id":"https:\/\/www.treatwell.fr/inspiration\/printemps\/#breadcrumb","itemListElement":[{"@type":"ListItem","position":1,"name":"Home","item":"https:\/\/www.treatwell.fr/inspiration\/"},{"@type":"ListItem","position":2,"name":"Printemps"}]},{"@type":"WebSite","@id":"https:\/\/www.treatwell.fr/inspiration\/#website","url":"https:\/\/www.treatwell.fr/inspiration\/","name":"Treatwell FR","description":"","potentialAction":[{"@type":"SearchAction","target":{"@type":"EntryPoint","urlTemplate":"https:\/\/www.treatwell.fr/inspiration\/?s={search_term_string}"},"query-input":{"@type":"PropertyValueSpecification","valueRequired":true,"valueName":"search_term_string"}}],"inLanguage":"fr-FR"}]}},"_links":{"self":[{"href":"https:\/\/www.treatwell.fr\/inspiration\/wp-json\/wp\/v2\/pages\/4550","targetHints":{"allow":["GET"]}}],"collection":[{"href":"https:\/\/www.treatwell.fr\/inspiration\/wp-json\/wp\/v2\/pages"}],"about":[{"href":"https:\/\/www.treatwell.fr\/inspiration\/wp-json\/wp\/v2\/types\/page"}],"author":[{"embeddable":true,"href":"https:\/\/www.treatwell.fr\/inspiration\/wp-json\/wp\/v2\/users\/1"}],"replies":[{"embeddable":true,"href":"https:\/\/www.treatwell.fr\/inspiration\/wp-json\/wp\/v2\/comments?post=4550"}],"version-history":[{"count":0,"href":"https:\/\/www.treatwell.fr\/inspiration\/wp-json\/wp\/v2\/pages\/4550\/revisions"}],"wp:attachment":[{"href":"https:\/\/www.treatwell.fr\/inspiration\/wp-json\/wp\/v2\/media?parent=4550"}],"curies":[{"name":"wp","href":"https:\/\/api.w.org\/{rel}","templated":true}]}}