{"id":4589,"date":"2017-04-24T08:55:57","date_gmt":"2017-04-24T08:55:57","guid":{"rendered":"https:\/\/www.treatwell.fr\/inspiration\/?page_id=4589"},"modified":"2017-05-12T10:17:00","modified_gmt":"2017-05-12T10:17:00","slug":"princesse-tam-tam","status":"publish","type":"page","link":"https:\/\/www.treatwell.fr/inspiration\/princesse-tam-tam\/","title":{"rendered":"Princesse Tam Tam"},"content":{"rendered":"<p><b>Jeu concours<\/b><\/p>\n<p>Soin du visage express \u00ab\u00a0Beaut\u00e9 improvis\u00e9e\u00a0\u00bb by Shiseido\u00a0<\/p>\n<p>\t\t\t<a href=\"https:\/\/www.treatwell.fr\/salon\/parfumerie-burdin-linstitut\/#t=50&amp;serviceIds=TR1404249%2CTR1404064%2CTR1547241%2CTR1404234&amp;serviceId=TR1547241\" target=\"_blank\" role=\"button\"><br \/>\n\t\t\t\t\t\t\tL&rsquo;INSTITUT &gt;<br \/>\n\t\t\t\t\t<\/a><br \/>\n\t<!-- Start of signup --><\/p>\n<form name=\"signup\" id=\"signup\" action=\"http:\/\/treatwell-email.com\/signup.ashx\" method=\"post\">\n<br \/><\/br><\/p>\n<p><!-- UserID - required field, do not remove --><\/p>\n<p><!-- ReturnURL - when the user hits submit, they'll get sent here --><\/p>\n<p><!-- Email - the user's email address --><\/p>\n<table>\n<tr>\n<td>\nEMAIL<\/td>\n<td><\/td>\n<\/tr>\n<tr>\n<td>PRENOM<\/td>\n<td><\/td>\n<\/tr>\n<tr>\n<td>NOM<\/td>\n<td><\/td>\n<\/tr>\n<tr>\n<td>CODE POSTAL<\/td>\n<td><\/td>\n<\/tr>\n<\/table>\n<p><\/br>    <\/p>\n<p><\/br><br \/>\n<\/form>\n<p><!-- End of signup --><br \/>\n\t\t\t\t<img decoding=\"async\" src=\"https:\/\/www.treatwell.fr/inspiration\/wp-content\/uploads\/sites\/4\/2017\/04\/Princesse_slot_soinVisage.jpg\" alt=\"Princesse_slot_soinVisage\" \/><\/p>\n<p style=\"text-align: left\">\n<p style=\"text-align: left\"><strong>Bienvenue dans l&rsquo;univers\u00a0Treatwell<\/strong><\/p>\n<p style=\"text-align: justify\">La Treatfamily\u00a0vous invite \u00e0 vous faire chouchouter chez l&rsquo;un de nos 1800 partenaires. Vous ne passerez plus une semaine sans un rendez-vous beaut\u00e9 : massage, manucure, coiffure ! Votre pause relax est aux bouts de vos doigts, rendez-vous sur l&rsquo;app ou sur treatwell.fr<\/p>\n<p>\t\t\t\t<img decoding=\"async\" src=\"https:\/\/www.treatwell.fr/inspiration\/wp-content\/uploads\/sites\/4\/2017\/04\/cab3.jpg\" alt=\"cab3\" \/><br \/>\n\t\t\t\t<img decoding=\"async\" src=\"https:\/\/www.treatwell.fr/inspiration\/wp-content\/uploads\/sites\/4\/2017\/04\/cab2.jpg\" alt=\"cab2\" \/><br \/>\n\t\t\t\t<img decoding=\"async\" src=\"https:\/\/www.treatwell.fr/inspiration\/wp-content\/uploads\/sites\/4\/2017\/04\/cab1.jpg\" alt=\"cab1\" \/><\/p>\n<h3><strong>\u00c0 bient\u00f4t les beaut\u00e9s&#8230;<\/strong><\/h3>\n","protected":false},"excerpt":{"rendered":"<p>Jeu concours Soin du visage express \u00ab\u00a0Beaut\u00e9 improvis\u00e9e\u00a0\u00bb by Shiseido\u00a0 L&rsquo;INSTITUT &gt; EMAIL PRENOM NOM CODE POSTAL Bienvenue dans l&rsquo;univers\u00a0Treatwell La Treatfamily\u00a0vous invite \u00e0 vous faire chouchouter chez l&rsquo;un de nos 1800 partenaires. Vous ne passerez plus une semaine sans un rendez-vous beaut\u00e9 : massage, manucure, coiffure ! Votre pause relax est aux bouts de&hellip;<\/p>\n","protected":false},"author":1,"featured_media":0,"parent":0,"menu_order":0,"comment_status":"closed","ping_status":"closed","template":"","meta":{"inline_featured_image":false,"footnotes":""},"class_list":["post-4589","page","type-page","status-publish","hentry"],"yoast_head":"<!-- This site is optimized with the Yoast SEO plugin v27.5 - https:\/\/yoast.com\/product\/yoast-seo-wordpress\/ -->\n<title>Princesse Tam Tam - Treatwell FR<\/title>\n<meta name=\"robots\" content=\"index, follow, max-snippet:-1, max-image-preview:large, max-video-preview:-1\" \/>\n<link rel=\"canonical\" href=\"https:\/\/www.treatwell.fr/inspiration\/princesse-tam-tam\/\" \/>\n<meta property=\"og:locale\" content=\"fr_FR\" \/>\n<meta property=\"og:type\" content=\"article\" \/>\n<meta property=\"og:title\" content=\"Princesse Tam Tam - Treatwell FR\" \/>\n<meta property=\"og:description\" content=\"Jeu concours Soin du visage express \u00ab\u00a0Beaut\u00e9 improvis\u00e9e\u00a0\u00bb by Shiseido\u00a0 L&rsquo;INSTITUT &gt; EMAIL PRENOM NOM CODE POSTAL Bienvenue dans l&rsquo;univers\u00a0Treatwell La Treatfamily\u00a0vous invite \u00e0 vous faire chouchouter chez l&rsquo;un de nos 1800 partenaires. Vous ne passerez plus une semaine sans un rendez-vous beaut\u00e9 : massage, manucure, coiffure ! Votre pause relax est aux bouts de&hellip;\" \/>\n<meta property=\"og:url\" content=\"https:\/\/www.treatwell.fr/inspiration\/princesse-tam-tam\/\" \/>\n<meta property=\"og:site_name\" content=\"Treatwell FR\" \/>\n<meta property=\"article:modified_time\" content=\"2017-05-12T10:17:00+00:00\" \/>\n<meta property=\"og:image\" content=\"https:\/\/www.treatwell.fr/inspiration\/wp-content\/uploads\/sites\/4\/2017\/04\/Princesse_slot_soinVisage.jpg\" \/>\n<meta name=\"twitter:card\" content=\"summary_large_image\" \/>\n<script type=\"application\/ld+json\" class=\"yoast-schema-graph\">{\"@context\":\"https:\\\/\\\/schema.org\",\"@graph\":[{\"@type\":\"WebPage\",\"@id\":\"https:\\\/\\\/www.treatwell.fr/inspiration\\\/princesse-tam-tam\\\/\",\"url\":\"https:\\\/\\\/www.treatwell.fr/inspiration\\\/princesse-tam-tam\\\/\",\"name\":\"Princesse Tam Tam - Treatwell FR\",\"isPartOf\":{\"@id\":\"https:\\\/\\\/www.treatwell.fr/inspiration\\\/#website\"},\"primaryImageOfPage\":{\"@id\":\"https:\\\/\\\/www.treatwell.fr/inspiration\\\/princesse-tam-tam\\\/#primaryimage\"},\"image\":{\"@id\":\"https:\\\/\\\/www.treatwell.fr/inspiration\\\/princesse-tam-tam\\\/#primaryimage\"},\"thumbnailUrl\":\"https:\\\/\\\/www.treatwell.fr/inspiration\\\/wp-content\\\/uploads\\\/sites\\\/4\\\/2017\\\/04\\\/Princesse_slot_soinVisage.jpg\",\"datePublished\":\"2017-04-24T08:55:57+00:00\",\"dateModified\":\"2017-05-12T10:17:00+00:00\",\"breadcrumb\":{\"@id\":\"https:\\\/\\\/www.treatwell.fr/inspiration\\\/princesse-tam-tam\\\/#breadcrumb\"},\"inLanguage\":\"fr-FR\",\"potentialAction\":[{\"@type\":\"ReadAction\",\"target\":[\"https:\\\/\\\/www.treatwell.fr/inspiration\\\/princesse-tam-tam\\\/\"]}]},{\"@type\":\"ImageObject\",\"inLanguage\":\"fr-FR\",\"@id\":\"https:\\\/\\\/www.treatwell.fr/inspiration\\\/princesse-tam-tam\\\/#primaryimage\",\"url\":\"https:\\\/\\\/www.treatwell.fr/inspiration\\\/wp-content\\\/uploads\\\/sites\\\/4\\\/2017\\\/04\\\/Princesse_slot_soinVisage.jpg\",\"contentUrl\":\"https:\\\/\\\/www.treatwell.fr/inspiration\\\/wp-content\\\/uploads\\\/sites\\\/4\\\/2017\\\/04\\\/Princesse_slot_soinVisage.jpg\",\"width\":750,\"height\":450},{\"@type\":\"BreadcrumbList\",\"@id\":\"https:\\\/\\\/www.treatwell.fr/inspiration\\\/princesse-tam-tam\\\/#breadcrumb\",\"itemListElement\":[{\"@type\":\"ListItem\",\"position\":1,\"name\":\"Home\",\"item\":\"https:\\\/\\\/www.treatwell.fr/inspiration\\\/\"},{\"@type\":\"ListItem\",\"position\":2,\"name\":\"Princesse Tam Tam\"}]},{\"@type\":\"WebSite\",\"@id\":\"https:\\\/\\\/www.treatwell.fr/inspiration\\\/#website\",\"url\":\"https:\\\/\\\/www.treatwell.fr/inspiration\\\/\",\"name\":\"Treatwell FR\",\"description\":\"\",\"potentialAction\":[{\"@type\":\"SearchAction\",\"target\":{\"@type\":\"EntryPoint\",\"urlTemplate\":\"https:\\\/\\\/www.treatwell.fr/inspiration\\\/?s={search_term_string}\"},\"query-input\":{\"@type\":\"PropertyValueSpecification\",\"valueRequired\":true,\"valueName\":\"search_term_string\"}}],\"inLanguage\":\"fr-FR\"}]}<\/script>\n<!-- \/ Yoast SEO plugin. -->","yoast_head_json":{"title":"Princesse Tam Tam - Treatwell FR","robots":{"index":"index","follow":"follow","max-snippet":"max-snippet:-1","max-image-preview":"max-image-preview:large","max-video-preview":"max-video-preview:-1"},"canonical":"https:\/\/www.treatwell.fr/inspiration\/princesse-tam-tam\/","og_locale":"fr_FR","og_type":"article","og_title":"Princesse Tam Tam - Treatwell FR","og_description":"Jeu concours Soin du visage express \u00ab\u00a0Beaut\u00e9 improvis\u00e9e\u00a0\u00bb by Shiseido\u00a0 L&rsquo;INSTITUT &gt; EMAIL PRENOM NOM CODE POSTAL Bienvenue dans l&rsquo;univers\u00a0Treatwell La Treatfamily\u00a0vous invite \u00e0 vous faire chouchouter chez l&rsquo;un de nos 1800 partenaires. Vous ne passerez plus une semaine sans un rendez-vous beaut\u00e9 : massage, manucure, coiffure ! Votre pause relax est aux bouts de&hellip;","og_url":"https:\/\/www.treatwell.fr/inspiration\/princesse-tam-tam\/","og_site_name":"Treatwell FR","article_modified_time":"2017-05-12T10:17:00+00:00","og_image":[{"url":"https:\/\/www.treatwell.fr/inspiration\/wp-content\/uploads\/sites\/4\/2017\/04\/Princesse_slot_soinVisage.jpg","type":"","width":"","height":""}],"twitter_card":"summary_large_image","schema":{"@context":"https:\/\/schema.org","@graph":[{"@type":"WebPage","@id":"https:\/\/www.treatwell.fr/inspiration\/princesse-tam-tam\/","url":"https:\/\/www.treatwell.fr/inspiration\/princesse-tam-tam\/","name":"Princesse Tam Tam - Treatwell FR","isPartOf":{"@id":"https:\/\/www.treatwell.fr/inspiration\/#website"},"primaryImageOfPage":{"@id":"https:\/\/www.treatwell.fr/inspiration\/princesse-tam-tam\/#primaryimage"},"image":{"@id":"https:\/\/www.treatwell.fr/inspiration\/princesse-tam-tam\/#primaryimage"},"thumbnailUrl":"https:\/\/www.treatwell.fr/inspiration\/wp-content\/uploads\/sites\/4\/2017\/04\/Princesse_slot_soinVisage.jpg","datePublished":"2017-04-24T08:55:57+00:00","dateModified":"2017-05-12T10:17:00+00:00","breadcrumb":{"@id":"https:\/\/www.treatwell.fr/inspiration\/princesse-tam-tam\/#breadcrumb"},"inLanguage":"fr-FR","potentialAction":[{"@type":"ReadAction","target":["https:\/\/www.treatwell.fr/inspiration\/princesse-tam-tam\/"]}]},{"@type":"ImageObject","inLanguage":"fr-FR","@id":"https:\/\/www.treatwell.fr/inspiration\/princesse-tam-tam\/#primaryimage","url":"https:\/\/www.treatwell.fr/inspiration\/wp-content\/uploads\/sites\/4\/2017\/04\/Princesse_slot_soinVisage.jpg","contentUrl":"https:\/\/www.treatwell.fr/inspiration\/wp-content\/uploads\/sites\/4\/2017\/04\/Princesse_slot_soinVisage.jpg","width":750,"height":450},{"@type":"BreadcrumbList","@id":"https:\/\/www.treatwell.fr/inspiration\/princesse-tam-tam\/#breadcrumb","itemListElement":[{"@type":"ListItem","position":1,"name":"Home","item":"https:\/\/www.treatwell.fr/inspiration\/"},{"@type":"ListItem","position":2,"name":"Princesse Tam Tam"}]},{"@type":"WebSite","@id":"https:\/\/www.treatwell.fr/inspiration\/#website","url":"https:\/\/www.treatwell.fr/inspiration\/","name":"Treatwell FR","description":"","potentialAction":[{"@type":"SearchAction","target":{"@type":"EntryPoint","urlTemplate":"https:\/\/www.treatwell.fr/inspiration\/?s={search_term_string}"},"query-input":{"@type":"PropertyValueSpecification","valueRequired":true,"valueName":"search_term_string"}}],"inLanguage":"fr-FR"}]}},"_links":{"self":[{"href":"https:\/\/www.treatwell.fr\/inspiration\/wp-json\/wp\/v2\/pages\/4589","targetHints":{"allow":["GET"]}}],"collection":[{"href":"https:\/\/www.treatwell.fr\/inspiration\/wp-json\/wp\/v2\/pages"}],"about":[{"href":"https:\/\/www.treatwell.fr\/inspiration\/wp-json\/wp\/v2\/types\/page"}],"author":[{"embeddable":true,"href":"https:\/\/www.treatwell.fr\/inspiration\/wp-json\/wp\/v2\/users\/1"}],"replies":[{"embeddable":true,"href":"https:\/\/www.treatwell.fr\/inspiration\/wp-json\/wp\/v2\/comments?post=4589"}],"version-history":[{"count":0,"href":"https:\/\/www.treatwell.fr\/inspiration\/wp-json\/wp\/v2\/pages\/4589\/revisions"}],"wp:attachment":[{"href":"https:\/\/www.treatwell.fr\/inspiration\/wp-json\/wp\/v2\/media?parent=4589"}],"curies":[{"name":"wp","href":"https:\/\/api.w.org\/{rel}","templated":true}]}}