{"id":7573,"date":"2018-05-29T14:39:13","date_gmt":"2018-05-29T14:39:13","guid":{"rendered":"https:\/\/www.treatwell.fr\/inspiration\/?page_id=7573"},"modified":"2018-06-05T14:35:24","modified_gmt":"2018-06-05T14:35:24","slug":"fete-des-peres","status":"publish","type":"page","link":"https:\/\/www.treatwell.fr/inspiration\/fete-des-peres\/","title":{"rendered":"F\u00eate des p\u00e8res"},"content":{"rendered":"<p>\t\t\t\t<img decoding=\"async\" src=\"https:\/\/www.treatwell.fr/inspiration\/wp-content\/uploads\/sites\/4\/2018\/05\/Cadeau-re\u0301serve\u0301-a\u0300-la-dernie\u0300re-minute-_-Il-ne-le-sau.png\" alt=\"Cadeau re\u0301serve\u0301          a\u0300 la dernie\u0300re minute _     Il ne le sau\" \/><br \/>\n\t\t\t<a href=\"https:\/\/www.treatwell.fr\/carte-cadeaux\/\" target=\"_self\" role=\"button\"><br \/>\n\t\t\t\t\t\t\tAchetez-lui une carte cadeau<br \/>\n\t\t\t\t\t<\/a><br \/>\n\t\t\t\t<a href=\"https:\/\/www.treatwell.fr\/salons\/soin-coupe-homme\/offre-type-local\/dans-france\/\" target=\"_blank\"><br \/>\n\t\t\t\t<img decoding=\"async\" src=\"https:\/\/www.treatwell.fr/inspiration\/wp-content\/uploads\/sites\/4\/2018\/05\/01.png\" alt=\"01\" \/><br \/>\n\t\t\t\t<\/a><\/p>\n<p><strong>Barbe&#8230;<\/strong><\/p>\n<p><strong>Jamais \u00e9t\u00e9 aussi nickel<\/strong><\/p>\n<p>Dites-lui de poser son rasoir. Il est attendu chez le barbier.<\/p>\n<p>\t\t\t<a href=\"https:\/\/www.treatwell.fr\/salons\/soin-barbier-et-rasage-homme\/offre-type-local\/dans-france\/\" target=\"_blank\" role=\"button\"><br \/>\n\t\t\t\t\t\t\tOffrez-lui une s\u00e9ance chez le barbier<br \/>\n\t\t\t\t\t<\/a><br \/>\n\t\t\t\t<a href=\"https:\/\/www.treatwell.fr\/salons\/soin-coupe-homme\/offre-type-local\/dans-france\/\" target=\"_blank\"><br \/>\n\t\t\t\t<img decoding=\"async\" src=\"https:\/\/www.treatwell.fr/inspiration\/wp-content\/uploads\/sites\/4\/2018\/05\/02.png\" alt=\"02\" \/><br \/>\n\t\t\t\t<\/a><\/p>\n<p><strong>Coupe de cheveux <\/strong><\/p>\n<p><strong>C&rsquo;est bien toi papa ?<\/strong><\/p>\n<p>Un papa tout neuf apr\u00e8s son rendez-vous chez le coiffeur<\/p>\n<p>\t\t\t<a href=\"https:\/\/www.treatwell.fr\/salons\/soin-coupe-homme\/offre-type-local\/dans-france\/\" target=\"_blank\" role=\"button\"><br \/>\n\t\t\t\t\t\t\tOffrez-lui une coupe de cheveux<br \/>\n\t\t\t\t\t<\/a><br \/>\n\t\t\t\t<a href=\"https:\/\/www.treatwell.fr\/salons\/soins-groupe-massage\/offre-type-local\/dans-paris-france\/\" target=\"_blank\"><br \/>\n\t\t\t\t<img decoding=\"async\" src=\"https:\/\/www.treatwell.fr/inspiration\/wp-content\/uploads\/sites\/4\/2018\/05\/03.png\" alt=\"03\" \/><br \/>\n\t\t\t\t<\/a><\/p>\n<p><strong>Papa, d\u00e9tends-toi&#8230;<\/strong><\/p>\n<p>Non, vraiment. Ton massage sp\u00e9cial <\/p>\n<p>F\u00eate des P\u00e8res t&rsquo;attend<\/p>\n<p>\t\t\t<a href=\"https:\/\/www.treatwell.fr\/salons\/soins-groupe-massage\/offre-type-local\/dans-france\/\" target=\"_blank\" role=\"button\"><br \/>\n\t\t\t\t\t\t\tOffrez-lui un massage<br \/>\n\t\t\t\t\t<\/a><br \/>\n\t\t\t\t<a href=\"https:\/\/www.treatwell.fr\/salons\/soin-soin-du-visage-homme\/offre-type-local\/dans-france\/\" target=\"_blank\"><br \/>\n\t\t\t\t<img decoding=\"async\" src=\"https:\/\/www.treatwell.fr/inspiration\/wp-content\/uploads\/sites\/4\/2018\/05\/04.png\" alt=\"04\" \/><br \/>\n\t\t\t\t<\/a><\/p>\n<p><strong>Un peu d&rsquo;audace<\/strong><\/p>\n<p>On vous assure. Il va aimer son soin du visage.<\/p>\n<p>\t\t\t<a href=\"https:\/\/www.treatwell.fr\/salons\/soin-soin-du-visage-homme\/offre-type-local\/dans-france\/\" target=\"_blank\" role=\"button\"><br \/>\n\t\t\t\t\t\t\tOffrez-lui un soin du visage<br \/>\n\t\t\t\t\t<\/a><\/p>\n","protected":false},"excerpt":{"rendered":"<p>Achetez-lui une carte cadeau Barbe&#8230; Jamais \u00e9t\u00e9 aussi nickel Dites-lui de poser son rasoir. Il est attendu chez le barbier. Offrez-lui une s\u00e9ance chez le barbier Coupe de cheveux C&rsquo;est bien toi papa ? Un papa tout neuf apr\u00e8s son rendez-vous chez le coiffeur Offrez-lui une coupe de cheveux Papa, d\u00e9tends-toi&#8230; Non, vraiment. Ton massage&hellip;<\/p>\n","protected":false},"author":117,"featured_media":0,"parent":0,"menu_order":0,"comment_status":"closed","ping_status":"closed","template":"","meta":{"inline_featured_image":false,"footnotes":""},"class_list":["post-7573","page","type-page","status-publish","hentry"],"yoast_head":"<!-- This site is optimized with the Yoast SEO plugin v27.3 - https:\/\/yoast.com\/product\/yoast-seo-wordpress\/ -->\n<title>F\u00eate des p\u00e8res - Treatwell FR<\/title>\n<meta name=\"robots\" content=\"index, follow, max-snippet:-1, max-image-preview:large, max-video-preview:-1\" \/>\n<link rel=\"canonical\" href=\"https:\/\/www.treatwell.fr/inspiration\/fete-des-peres\/\" \/>\n<meta property=\"og:locale\" content=\"fr_FR\" \/>\n<meta property=\"og:type\" content=\"article\" \/>\n<meta property=\"og:title\" content=\"F\u00eate des p\u00e8res - Treatwell FR\" \/>\n<meta property=\"og:description\" content=\"Achetez-lui une carte cadeau Barbe&#8230; Jamais \u00e9t\u00e9 aussi nickel Dites-lui de poser son rasoir. Il est attendu chez le barbier. Offrez-lui une s\u00e9ance chez le barbier Coupe de cheveux C&rsquo;est bien toi papa ? Un papa tout neuf apr\u00e8s son rendez-vous chez le coiffeur Offrez-lui une coupe de cheveux Papa, d\u00e9tends-toi&#8230; Non, vraiment. Ton massage&hellip;\" \/>\n<meta property=\"og:url\" content=\"https:\/\/www.treatwell.fr/inspiration\/fete-des-peres\/\" \/>\n<meta property=\"og:site_name\" content=\"Treatwell FR\" \/>\n<meta property=\"article:modified_time\" content=\"2018-06-05T14:35:24+00:00\" \/>\n<meta property=\"og:image\" content=\"https:\/\/www.treatwell.fr/inspiration\/wp-content\/uploads\/sites\/4\/2018\/05\/01.png\" \/>\n<meta name=\"twitter:card\" content=\"summary_large_image\" \/>\n<script type=\"application\/ld+json\" class=\"yoast-schema-graph\">{\"@context\":\"https:\\\/\\\/schema.org\",\"@graph\":[{\"@type\":\"WebPage\",\"@id\":\"https:\\\/\\\/www.treatwell.fr/inspiration\\\/fete-des-peres\\\/\",\"url\":\"https:\\\/\\\/www.treatwell.fr/inspiration\\\/fete-des-peres\\\/\",\"name\":\"F\u00eate des p\u00e8res - Treatwell FR\",\"isPartOf\":{\"@id\":\"https:\\\/\\\/www.treatwell.fr/inspiration\\\/#website\"},\"primaryImageOfPage\":{\"@id\":\"https:\\\/\\\/www.treatwell.fr/inspiration\\\/fete-des-peres\\\/#primaryimage\"},\"image\":{\"@id\":\"https:\\\/\\\/www.treatwell.fr/inspiration\\\/fete-des-peres\\\/#primaryimage\"},\"thumbnailUrl\":\"https:\\\/\\\/www.treatwell.fr/inspiration\\\/wp-content\\\/uploads\\\/sites\\\/4\\\/2018\\\/05\\\/01.png\",\"datePublished\":\"2018-05-29T14:39:13+00:00\",\"dateModified\":\"2018-06-05T14:35:24+00:00\",\"breadcrumb\":{\"@id\":\"https:\\\/\\\/www.treatwell.fr/inspiration\\\/fete-des-peres\\\/#breadcrumb\"},\"inLanguage\":\"fr-FR\",\"potentialAction\":[{\"@type\":\"ReadAction\",\"target\":[\"https:\\\/\\\/www.treatwell.fr/inspiration\\\/fete-des-peres\\\/\"]}]},{\"@type\":\"ImageObject\",\"inLanguage\":\"fr-FR\",\"@id\":\"https:\\\/\\\/www.treatwell.fr/inspiration\\\/fete-des-peres\\\/#primaryimage\",\"url\":\"https:\\\/\\\/www.treatwell.fr/inspiration\\\/wp-content\\\/uploads\\\/sites\\\/4\\\/2018\\\/05\\\/01.png\",\"contentUrl\":\"https:\\\/\\\/www.treatwell.fr/inspiration\\\/wp-content\\\/uploads\\\/sites\\\/4\\\/2018\\\/05\\\/01.png\",\"width\":540,\"height\":310},{\"@type\":\"BreadcrumbList\",\"@id\":\"https:\\\/\\\/www.treatwell.fr/inspiration\\\/fete-des-peres\\\/#breadcrumb\",\"itemListElement\":[{\"@type\":\"ListItem\",\"position\":1,\"name\":\"Home\",\"item\":\"https:\\\/\\\/www.treatwell.fr/inspiration\\\/\"},{\"@type\":\"ListItem\",\"position\":2,\"name\":\"F\u00eate des p\u00e8res\"}]},{\"@type\":\"WebSite\",\"@id\":\"https:\\\/\\\/www.treatwell.fr/inspiration\\\/#website\",\"url\":\"https:\\\/\\\/www.treatwell.fr/inspiration\\\/\",\"name\":\"Treatwell FR\",\"description\":\"\",\"potentialAction\":[{\"@type\":\"SearchAction\",\"target\":{\"@type\":\"EntryPoint\",\"urlTemplate\":\"https:\\\/\\\/www.treatwell.fr/inspiration\\\/?s={search_term_string}\"},\"query-input\":{\"@type\":\"PropertyValueSpecification\",\"valueRequired\":true,\"valueName\":\"search_term_string\"}}],\"inLanguage\":\"fr-FR\"}]}<\/script>\n<!-- \/ Yoast SEO plugin. -->","yoast_head_json":{"title":"F\u00eate des p\u00e8res - Treatwell FR","robots":{"index":"index","follow":"follow","max-snippet":"max-snippet:-1","max-image-preview":"max-image-preview:large","max-video-preview":"max-video-preview:-1"},"canonical":"https:\/\/www.treatwell.fr/inspiration\/fete-des-peres\/","og_locale":"fr_FR","og_type":"article","og_title":"F\u00eate des p\u00e8res - Treatwell FR","og_description":"Achetez-lui une carte cadeau Barbe&#8230; Jamais \u00e9t\u00e9 aussi nickel Dites-lui de poser son rasoir. Il est attendu chez le barbier. Offrez-lui une s\u00e9ance chez le barbier Coupe de cheveux C&rsquo;est bien toi papa ? Un papa tout neuf apr\u00e8s son rendez-vous chez le coiffeur Offrez-lui une coupe de cheveux Papa, d\u00e9tends-toi&#8230; Non, vraiment. Ton massage&hellip;","og_url":"https:\/\/www.treatwell.fr/inspiration\/fete-des-peres\/","og_site_name":"Treatwell FR","article_modified_time":"2018-06-05T14:35:24+00:00","og_image":[{"url":"https:\/\/www.treatwell.fr/inspiration\/wp-content\/uploads\/sites\/4\/2018\/05\/01.png","type":"","width":"","height":""}],"twitter_card":"summary_large_image","schema":{"@context":"https:\/\/schema.org","@graph":[{"@type":"WebPage","@id":"https:\/\/www.treatwell.fr/inspiration\/fete-des-peres\/","url":"https:\/\/www.treatwell.fr/inspiration\/fete-des-peres\/","name":"F\u00eate des p\u00e8res - Treatwell FR","isPartOf":{"@id":"https:\/\/www.treatwell.fr/inspiration\/#website"},"primaryImageOfPage":{"@id":"https:\/\/www.treatwell.fr/inspiration\/fete-des-peres\/#primaryimage"},"image":{"@id":"https:\/\/www.treatwell.fr/inspiration\/fete-des-peres\/#primaryimage"},"thumbnailUrl":"https:\/\/www.treatwell.fr/inspiration\/wp-content\/uploads\/sites\/4\/2018\/05\/01.png","datePublished":"2018-05-29T14:39:13+00:00","dateModified":"2018-06-05T14:35:24+00:00","breadcrumb":{"@id":"https:\/\/www.treatwell.fr/inspiration\/fete-des-peres\/#breadcrumb"},"inLanguage":"fr-FR","potentialAction":[{"@type":"ReadAction","target":["https:\/\/www.treatwell.fr/inspiration\/fete-des-peres\/"]}]},{"@type":"ImageObject","inLanguage":"fr-FR","@id":"https:\/\/www.treatwell.fr/inspiration\/fete-des-peres\/#primaryimage","url":"https:\/\/www.treatwell.fr/inspiration\/wp-content\/uploads\/sites\/4\/2018\/05\/01.png","contentUrl":"https:\/\/www.treatwell.fr/inspiration\/wp-content\/uploads\/sites\/4\/2018\/05\/01.png","width":540,"height":310},{"@type":"BreadcrumbList","@id":"https:\/\/www.treatwell.fr/inspiration\/fete-des-peres\/#breadcrumb","itemListElement":[{"@type":"ListItem","position":1,"name":"Home","item":"https:\/\/www.treatwell.fr/inspiration\/"},{"@type":"ListItem","position":2,"name":"F\u00eate des p\u00e8res"}]},{"@type":"WebSite","@id":"https:\/\/www.treatwell.fr/inspiration\/#website","url":"https:\/\/www.treatwell.fr/inspiration\/","name":"Treatwell FR","description":"","potentialAction":[{"@type":"SearchAction","target":{"@type":"EntryPoint","urlTemplate":"https:\/\/www.treatwell.fr/inspiration\/?s={search_term_string}"},"query-input":{"@type":"PropertyValueSpecification","valueRequired":true,"valueName":"search_term_string"}}],"inLanguage":"fr-FR"}]}},"_links":{"self":[{"href":"https:\/\/www.treatwell.fr\/inspiration\/wp-json\/wp\/v2\/pages\/7573","targetHints":{"allow":["GET"]}}],"collection":[{"href":"https:\/\/www.treatwell.fr\/inspiration\/wp-json\/wp\/v2\/pages"}],"about":[{"href":"https:\/\/www.treatwell.fr\/inspiration\/wp-json\/wp\/v2\/types\/page"}],"author":[{"embeddable":true,"href":"https:\/\/www.treatwell.fr\/inspiration\/wp-json\/wp\/v2\/users\/117"}],"replies":[{"embeddable":true,"href":"https:\/\/www.treatwell.fr\/inspiration\/wp-json\/wp\/v2\/comments?post=7573"}],"version-history":[{"count":0,"href":"https:\/\/www.treatwell.fr\/inspiration\/wp-json\/wp\/v2\/pages\/7573\/revisions"}],"wp:attachment":[{"href":"https:\/\/www.treatwell.fr\/inspiration\/wp-json\/wp\/v2\/media?parent=7573"}],"curies":[{"name":"wp","href":"https:\/\/api.w.org\/{rel}","templated":true}]}}