{"id":7754,"date":"2018-06-18T08:51:30","date_gmt":"2018-06-18T08:51:30","guid":{"rendered":"https:\/\/www.treatwell.fr\/inspiration\/?page_id=7754"},"modified":"2018-06-25T08:20:36","modified_gmt":"2018-06-25T08:20:36","slug":"mavex","status":"publish","type":"page","link":"https:\/\/www.treatwell.fr/inspiration\/mavex\/","title":{"rendered":"Mavex"},"content":{"rendered":"<p>\t\t\t\t<img decoding=\"async\" src=\"https:\/\/www.treatwell.fr/inspiration\/wp-content\/uploads\/sites\/4\/2018\/06\/Hero_mobile_v02.gif\" alt=\"Hero_mobile_v02\" \/><br \/>\n\t\t\t\t<a href=\"https:\/\/www.treatwell.fr\/salons\/soins-groupe-manucure-et-pedicure\/marque-mavex\/offre-type-local\/dans-france\/?mkt_params=GC~x_LC~mavex_PM~LP-slot_CM~codes\" target=\"_blank\"><br \/>\n\t\t\t\t<img decoding=\"async\" src=\"https:\/\/www.treatwell.fr/inspiration\/wp-content\/uploads\/sites\/4\/2018\/06\/IntroModuleCopy-1.png\" alt=\"IntroModuleCopy (1)\" \/><br \/>\n\t\t\t\t<\/a><\/p>\n<p style=\"text-align: center\"><strong>Votre\u00a0beaut\u00e9 des pieds\u00a0by Mavex<\/strong><\/p>\n<p>\t\t\t\t<a href=\"https:\/\/www.treatwell.fr\/identite\/calluspeeling-larme-anti-callosites\/?mkt_params=GC~x_LC~mavex_PM~LP-slot_CM~blog1\" target=\"_blank\"><br \/>\n\t\t\t\t<img decoding=\"async\" src=\"https:\/\/www.treatwell.fr/inspiration\/wp-content\/uploads\/sites\/4\/2018\/06\/Blog01.jpg\" alt=\"Blog01\" \/><br \/>\n\t\t\t\t<\/a><br \/>\n\t\t\t\t<a href=\"https:\/\/www.treatwell.fr\/identite\/incontournables-pieds-princesse-ete-mavex\/?mkt_params=GC~x_LC~mavex_PM~LP-slot_CM~blog2\" target=\"_blank\"><br \/>\n\t\t\t\t<img decoding=\"async\" src=\"https:\/\/www.treatwell.fr/inspiration\/wp-content\/uploads\/sites\/4\/2018\/06\/Blog02.jpg\" alt=\"Blog02\" \/><br \/>\n\t\t\t\t<\/a><\/p>\n<p>*d\u00e8s 30\u20ac d&rsquo;achat dans les instituts Treatwell utilisant la marque Mavex si vous \u00eates nouveau client. Valable jusqu&rsquo;au 01\/07\/2018.<\/p>\n<p>**d\u00e8s 30\u20ac d&rsquo;achat dans les instituts Treatwell utilisant la marque Mavex si vous \u00eates d\u00e9j\u00e0 client. Valable jusqu&rsquo;au 01\/07\/2018.<\/p>\n","protected":false},"excerpt":{"rendered":"<p>Votre\u00a0beaut\u00e9 des pieds\u00a0by Mavex *d\u00e8s 30\u20ac d&rsquo;achat dans les instituts Treatwell utilisant la marque Mavex si vous \u00eates nouveau client. Valable jusqu&rsquo;au 01\/07\/2018. **d\u00e8s 30\u20ac d&rsquo;achat dans les instituts Treatwell utilisant la marque Mavex si vous \u00eates d\u00e9j\u00e0 client. Valable jusqu&rsquo;au 01\/07\/2018.<\/p>\n","protected":false},"author":117,"featured_media":0,"parent":0,"menu_order":0,"comment_status":"closed","ping_status":"closed","template":"","meta":{"inline_featured_image":false,"footnotes":""},"class_list":["post-7754","page","type-page","status-publish","hentry"],"yoast_head":"<!-- This site is optimized with the Yoast SEO plugin v27.3 - https:\/\/yoast.com\/product\/yoast-seo-wordpress\/ -->\n<title>Mavex - Treatwell FR<\/title>\n<meta name=\"robots\" content=\"index, follow, max-snippet:-1, max-image-preview:large, max-video-preview:-1\" \/>\n<link rel=\"canonical\" href=\"https:\/\/www.treatwell.fr/inspiration\/mavex\/\" \/>\n<meta property=\"og:locale\" content=\"fr_FR\" \/>\n<meta property=\"og:type\" content=\"article\" \/>\n<meta property=\"og:title\" content=\"Mavex - Treatwell FR\" \/>\n<meta property=\"og:description\" content=\"Votre\u00a0beaut\u00e9 des pieds\u00a0by Mavex *d\u00e8s 30\u20ac d&rsquo;achat dans les instituts Treatwell utilisant la marque Mavex si vous \u00eates nouveau client. Valable jusqu&rsquo;au 01\/07\/2018. **d\u00e8s 30\u20ac d&rsquo;achat dans les instituts Treatwell utilisant la marque Mavex si vous \u00eates d\u00e9j\u00e0 client. Valable jusqu&rsquo;au 01\/07\/2018.\" \/>\n<meta property=\"og:url\" content=\"https:\/\/www.treatwell.fr/inspiration\/mavex\/\" \/>\n<meta property=\"og:site_name\" content=\"Treatwell FR\" \/>\n<meta property=\"article:modified_time\" content=\"2018-06-25T08:20:36+00:00\" \/>\n<meta property=\"og:image\" content=\"https:\/\/www.treatwell.fr/inspiration\/wp-content\/uploads\/sites\/4\/2018\/06\/Hero_mobile_v02.gif\" \/>\n<meta name=\"twitter:card\" content=\"summary_large_image\" \/>\n<script type=\"application\/ld+json\" class=\"yoast-schema-graph\">{\"@context\":\"https:\\\/\\\/schema.org\",\"@graph\":[{\"@type\":\"WebPage\",\"@id\":\"https:\\\/\\\/www.treatwell.fr/inspiration\\\/mavex\\\/\",\"url\":\"https:\\\/\\\/www.treatwell.fr/inspiration\\\/mavex\\\/\",\"name\":\"Mavex - Treatwell FR\",\"isPartOf\":{\"@id\":\"https:\\\/\\\/www.treatwell.fr/inspiration\\\/#website\"},\"primaryImageOfPage\":{\"@id\":\"https:\\\/\\\/www.treatwell.fr/inspiration\\\/mavex\\\/#primaryimage\"},\"image\":{\"@id\":\"https:\\\/\\\/www.treatwell.fr/inspiration\\\/mavex\\\/#primaryimage\"},\"thumbnailUrl\":\"https:\\\/\\\/www.treatwell.fr/inspiration\\\/wp-content\\\/uploads\\\/sites\\\/4\\\/2018\\\/06\\\/Hero_mobile_v02.gif\",\"datePublished\":\"2018-06-18T08:51:30+00:00\",\"dateModified\":\"2018-06-25T08:20:36+00:00\",\"breadcrumb\":{\"@id\":\"https:\\\/\\\/www.treatwell.fr/inspiration\\\/mavex\\\/#breadcrumb\"},\"inLanguage\":\"fr-FR\",\"potentialAction\":[{\"@type\":\"ReadAction\",\"target\":[\"https:\\\/\\\/www.treatwell.fr/inspiration\\\/mavex\\\/\"]}]},{\"@type\":\"ImageObject\",\"inLanguage\":\"fr-FR\",\"@id\":\"https:\\\/\\\/www.treatwell.fr/inspiration\\\/mavex\\\/#primaryimage\",\"url\":\"https:\\\/\\\/www.treatwell.fr/inspiration\\\/wp-content\\\/uploads\\\/sites\\\/4\\\/2018\\\/06\\\/Hero_mobile_v02.gif\",\"contentUrl\":\"https:\\\/\\\/www.treatwell.fr/inspiration\\\/wp-content\\\/uploads\\\/sites\\\/4\\\/2018\\\/06\\\/Hero_mobile_v02.gif\",\"width\":1094,\"height\":744},{\"@type\":\"BreadcrumbList\",\"@id\":\"https:\\\/\\\/www.treatwell.fr/inspiration\\\/mavex\\\/#breadcrumb\",\"itemListElement\":[{\"@type\":\"ListItem\",\"position\":1,\"name\":\"Home\",\"item\":\"https:\\\/\\\/www.treatwell.fr/inspiration\\\/\"},{\"@type\":\"ListItem\",\"position\":2,\"name\":\"Mavex\"}]},{\"@type\":\"WebSite\",\"@id\":\"https:\\\/\\\/www.treatwell.fr/inspiration\\\/#website\",\"url\":\"https:\\\/\\\/www.treatwell.fr/inspiration\\\/\",\"name\":\"Treatwell FR\",\"description\":\"\",\"potentialAction\":[{\"@type\":\"SearchAction\",\"target\":{\"@type\":\"EntryPoint\",\"urlTemplate\":\"https:\\\/\\\/www.treatwell.fr/inspiration\\\/?s={search_term_string}\"},\"query-input\":{\"@type\":\"PropertyValueSpecification\",\"valueRequired\":true,\"valueName\":\"search_term_string\"}}],\"inLanguage\":\"fr-FR\"}]}<\/script>\n<!-- \/ Yoast SEO plugin. -->","yoast_head_json":{"title":"Mavex - Treatwell FR","robots":{"index":"index","follow":"follow","max-snippet":"max-snippet:-1","max-image-preview":"max-image-preview:large","max-video-preview":"max-video-preview:-1"},"canonical":"https:\/\/www.treatwell.fr/inspiration\/mavex\/","og_locale":"fr_FR","og_type":"article","og_title":"Mavex - Treatwell FR","og_description":"Votre\u00a0beaut\u00e9 des pieds\u00a0by Mavex *d\u00e8s 30\u20ac d&rsquo;achat dans les instituts Treatwell utilisant la marque Mavex si vous \u00eates nouveau client. Valable jusqu&rsquo;au 01\/07\/2018. **d\u00e8s 30\u20ac d&rsquo;achat dans les instituts Treatwell utilisant la marque Mavex si vous \u00eates d\u00e9j\u00e0 client. Valable jusqu&rsquo;au 01\/07\/2018.","og_url":"https:\/\/www.treatwell.fr/inspiration\/mavex\/","og_site_name":"Treatwell FR","article_modified_time":"2018-06-25T08:20:36+00:00","og_image":[{"url":"https:\/\/www.treatwell.fr/inspiration\/wp-content\/uploads\/sites\/4\/2018\/06\/Hero_mobile_v02.gif","type":"","width":"","height":""}],"twitter_card":"summary_large_image","schema":{"@context":"https:\/\/schema.org","@graph":[{"@type":"WebPage","@id":"https:\/\/www.treatwell.fr/inspiration\/mavex\/","url":"https:\/\/www.treatwell.fr/inspiration\/mavex\/","name":"Mavex - Treatwell FR","isPartOf":{"@id":"https:\/\/www.treatwell.fr/inspiration\/#website"},"primaryImageOfPage":{"@id":"https:\/\/www.treatwell.fr/inspiration\/mavex\/#primaryimage"},"image":{"@id":"https:\/\/www.treatwell.fr/inspiration\/mavex\/#primaryimage"},"thumbnailUrl":"https:\/\/www.treatwell.fr/inspiration\/wp-content\/uploads\/sites\/4\/2018\/06\/Hero_mobile_v02.gif","datePublished":"2018-06-18T08:51:30+00:00","dateModified":"2018-06-25T08:20:36+00:00","breadcrumb":{"@id":"https:\/\/www.treatwell.fr/inspiration\/mavex\/#breadcrumb"},"inLanguage":"fr-FR","potentialAction":[{"@type":"ReadAction","target":["https:\/\/www.treatwell.fr/inspiration\/mavex\/"]}]},{"@type":"ImageObject","inLanguage":"fr-FR","@id":"https:\/\/www.treatwell.fr/inspiration\/mavex\/#primaryimage","url":"https:\/\/www.treatwell.fr/inspiration\/wp-content\/uploads\/sites\/4\/2018\/06\/Hero_mobile_v02.gif","contentUrl":"https:\/\/www.treatwell.fr/inspiration\/wp-content\/uploads\/sites\/4\/2018\/06\/Hero_mobile_v02.gif","width":1094,"height":744},{"@type":"BreadcrumbList","@id":"https:\/\/www.treatwell.fr/inspiration\/mavex\/#breadcrumb","itemListElement":[{"@type":"ListItem","position":1,"name":"Home","item":"https:\/\/www.treatwell.fr/inspiration\/"},{"@type":"ListItem","position":2,"name":"Mavex"}]},{"@type":"WebSite","@id":"https:\/\/www.treatwell.fr/inspiration\/#website","url":"https:\/\/www.treatwell.fr/inspiration\/","name":"Treatwell FR","description":"","potentialAction":[{"@type":"SearchAction","target":{"@type":"EntryPoint","urlTemplate":"https:\/\/www.treatwell.fr/inspiration\/?s={search_term_string}"},"query-input":{"@type":"PropertyValueSpecification","valueRequired":true,"valueName":"search_term_string"}}],"inLanguage":"fr-FR"}]}},"_links":{"self":[{"href":"https:\/\/www.treatwell.fr\/inspiration\/wp-json\/wp\/v2\/pages\/7754","targetHints":{"allow":["GET"]}}],"collection":[{"href":"https:\/\/www.treatwell.fr\/inspiration\/wp-json\/wp\/v2\/pages"}],"about":[{"href":"https:\/\/www.treatwell.fr\/inspiration\/wp-json\/wp\/v2\/types\/page"}],"author":[{"embeddable":true,"href":"https:\/\/www.treatwell.fr\/inspiration\/wp-json\/wp\/v2\/users\/117"}],"replies":[{"embeddable":true,"href":"https:\/\/www.treatwell.fr\/inspiration\/wp-json\/wp\/v2\/comments?post=7754"}],"version-history":[{"count":0,"href":"https:\/\/www.treatwell.fr\/inspiration\/wp-json\/wp\/v2\/pages\/7754\/revisions"}],"wp:attachment":[{"href":"https:\/\/www.treatwell.fr\/inspiration\/wp-json\/wp\/v2\/media?parent=7754"}],"curies":[{"name":"wp","href":"https:\/\/api.w.org\/{rel}","templated":true}]}}