{"id":8383,"date":"2018-11-02T15:26:38","date_gmt":"2018-11-02T15:26:38","guid":{"rendered":"https:\/\/www.treatwell.fr\/inspiration\/?page_id=8383"},"modified":"2018-11-26T16:31:40","modified_gmt":"2018-11-26T16:31:40","slug":"festive-made-easy","status":"publish","type":"page","link":"https:\/\/www.treatwell.fr/inspiration\/festive-made-easy\/","title":{"rendered":"Festive made easy"},"content":{"rendered":"<p style=\"text-align: left;line-height: 100%;color: #ffffff;font-size: 55px;font-weight: bold\">Des f\u00eates de<br \/>\nfin d&rsquo;ann\u00e9e en<br \/>\ntoute s\u00e9r\u00e9nit\u00e9 <\/p>\n<p style=\"font-size: 18px;color: #ffffff;line-height: 140%;margin-right: 100px;margin-top: 25px;margin-left: 50px\">Votre mise en beaut\u00e9 ? C&rsquo;est la chose la plus simple que vous aurez \u00e0 faire pendant les f\u00eates<\/p>\n<p>\t\t\t<a href=\"https:\/\/www.treatwell.fr\/salons\/offre-type-local\/dans-france\/?mkt_params=GC~festive18_LC~frfestive18_PM~LP-slot_CM~R%C3%A9servez%20vos%20soins%20beaut%C3%A9\" target=\"_blank\" role=\"button\"><br \/>\n\t\t\t\t\t\t\tR\u00e9servez vos soins beaut\u00e9<br \/>\n\t\t\t\t\t<\/a><\/p>\n<p style=\"text-align: left;line-height: 100%;color: #ffffff;font-size: 50px;font-weight: bold\">Des f\u00eates de<br \/>\nfin d&rsquo;ann\u00e9e en<br \/>\ntoute s\u00e9r\u00e9nit\u00e9 <\/p>\n<p style=\"font-size: 18px;color: #ffffff;line-height: 140%;margin-right: 40px;margin-top: 25px;margin-left: 20px\">Votre mise en beaut\u00e9 ? C&rsquo;est la chose la plus simple que vous aurez \u00e0 faire pendant les f\u00eates<\/p>\n<p>\t\t\t<a href=\"https:\/\/www.treatwell.fr\/salons\/offre-type-local\/dans-france\/?mkt_params=GC~festive18_LC~frfestive18_PM~LP-slot_CM~R%C3%A9servez%20vos%20soins%20beaut%C3%A9\" target=\"_blank\" role=\"button\"><br \/>\n\t\t\t\t\t\t\tR\u00e9servez vos soins beaut\u00e9<br \/>\n\t\t\t\t\t<\/a><\/p>\n<p style=\"text-align: left;line-height: 150%;color: #001e62;font-size: 16px\">On adore les f\u00eates de fin d&rsquo;ann\u00e9e mais ce n&rsquo;est pas de tout repos ! Offrez-vous une pause beaut\u00e9 pour aborder les pr\u00e9paratifs en toute s\u00e9r\u00e9nit\u00e9 et finir l&rsquo;ann\u00e9e en beaut\u00e9 !<\/p>\n<p style=\"text-align: left;color: #001e62;font-size: 40px;font-weight: bold;line-height: 100%\">3\u00a0(bonnes) raisons<\/p>\n<p style=\"text-align: left;color: #001e62;font-size: 18px;margin-top: 0px\">de r\u00e9server vos soins beaut\u00e9 en ligne pour les f\u00eates<\/p>\n<p style=\"text-align: left;font-weight: bold;font-size: 26px;color: #ffffff;line-height: 110%\">On bichonne aussi votre porte-monnaie<\/p>\n<p style=\"text-align: left;font-weight: bold;font-size: 26px;color: #ffffff;line-height: 110%\">Trouvez le cadeau qui plaira \u00e0 tous les coups<\/p>\n<p style=\"text-align: left;font-weight: bold;font-size: 26px;color: #ffffff;line-height: 110%\">Vous courez apr\u00e8s le temps ?<\/p>\n<p>\t\t\t<a href=\"https:\/\/www.treatwell.fr\/salons\/offre-type-local\/reduction-automatique\/dans-france\/?mkt_params=GC~festive18_LC~frfestive18_PM~LP-slot_CM~R%C3%A9servez%20%C3%A0%20prix%20doux\" target=\"_blank\" role=\"button\"><br \/>\n\t\t\t\t\t\t\tR\u00e9servez \u00e0 prix doux<br \/>\n\t\t\t\t\t<\/a><br \/>\n\t\t\t<a href=\"https:\/\/www.treatwell.fr\/carte-cadeaux\/?mkt_params=GC~festive18_LC~frfestive18_PM~LP-slot_CM~Trouvez%20le%20cadeau%20qui%20plaira%20%C3%A0%20tous%20les%20coups\" target=\"_blank\" role=\"button\"><br \/>\n\t\t\t\t\t\t\tAchetez une carte cadeau<br \/>\n\t\t\t\t\t<\/a><br \/>\n\t\t\t<a href=\"https:\/\/www.treatwell.fr\/salons\/offre-type-local\/dans-france\/duree-max-45\/?mkt_params=GC~festive18_LC~frfestive18_PM~LP-slot_CM~R%C3%A9servez%20un%20soin%20express\" target=\"_blank\" role=\"button\"><br \/>\n\t\t\t\t\t\t\tR\u00e9servez un soin express<br \/>\n\t\t\t\t\t<\/a><\/p>\n<p style=\"text-align: center;font-weight: bold;font-size: 25px;color: #ffffff;line-height: 110%\">On bichonne aussi votre porte-monnaie<\/p>\n<p>\t\t\t<a href=\"https:\/\/www.treatwell.fr\/salons\/offre-type-local\/reduction-automatique\/dans-france\/?mkt_params=GC~festive18_LC~frfestive18_PM~LP-slot_CM~R%C3%A9servez%20%C3%A0%20prix%20doux\" target=\"_blank\" role=\"button\"><br \/>\n\t\t\t\t\t\t\tR\u00e9servez \u00e0 prix doux<br \/>\n\t\t\t\t\t<\/a><\/p>\n<p style=\"text-align: center;font-weight: bold;font-size: 25px;color: #ffffff;line-height: 110%\">Trouvez le cadeau qui plaira \u00e0 tous les coups<\/p>\n<p>\t\t\t<a href=\"https:\/\/www.treatwell.fr\/carte-cadeaux\/?mkt_params=GC~festive18_LC~frfestive18_PM~LP-slot_CM~Trouvez%20le%20cadeau%20qui%20plaira%20%C3%A0%20tous%20les%20coups\" target=\"_blank\" role=\"button\"><br \/>\n\t\t\t\t\t\t\tAchetez une carte cadeau<br \/>\n\t\t\t\t\t<\/a><\/p>\n<p style=\"text-align: center;font-weight: bold;font-size: 25px;color: #ffffff;line-height: 110%\">Vous courez apr\u00e8s le temps ?<\/p>\n<p>\t\t\t<a href=\"https:\/\/www.treatwell.fr\/salons\/offre-type-local\/dans-france\/duree-max-45\/?mkt_params=GC~festive18_LC~frfestive18_PM~LP-slot_CM~R%C3%A9servez%20un%20soin%20express\" target=\"_blank\" role=\"button\"><br \/>\n\t\t\t\t\t\t\tR\u00e9servez un soin express<br \/>\n\t\t\t\t\t<\/a><\/p>\n<p style=\"text-align: center;color: #001e62;font-size: 40px;font-weight: bold;line-height: 100%\">Le secret pour aborder la p\u00e9riode des f\u00eates<\/p>\n<p style=\"text-align: center;color: #001e62;font-size: 18px;margin-top: 0px\">en toute s\u00e9r\u00e9nit\u00e9 <\/p>\n<p style=\"text-align: center;color: #ffffff;font-size: 32px;font-weight: bold;line-height: 100%\">Objectif<\/p>\n<p style=\"text-align: center;color: #ffffff;font-size: 32px;font-weight: bold;line-height: 100%\">\u00a0 \u00a0 \u00a0 \u00a0teint glowy<\/p>\n<p>\t\t\t<a href=\"https:\/\/www.treatwell.fr\/salons\/soin-maquillage,soin-du-visage-femme\/offre-type-local\/dans-france\/?mkt_params=GC~festive18_LC~frfestive18_PM~LP-slot_CM~soin%20du%20visage%20et%20maquillage\" target=\"_blank\" role=\"button\"><br \/>\n\t\t\t\t\t\t\tR\u00e9servez un soin du visage<br \/>\n\t\t\t\t\t<\/a><\/p>\n<p style=\"text-align: center;color: #ffffff;font-size: 32px;font-weight: bold;line-height: 100%\">Fail tuto beaut\u00e9 ?<br \/>\nC&rsquo;est facile !<\/p>\n<p>\t\t\t<a href=\"https:\/\/www.treatwell.fr\/salons\/soins-groupe-coiffure\/offre-type-local\/dans-france\/?mkt_params=GC~festive18_LC~frfestive18_PM~LP-slot_CM~Slot%202%20Soin%20coiffure\" target=\"_blank\" role=\"button\"><br \/>\n\t\t\t\t\t\t\tR\u00e9servez un brushing<br \/>\n\t\t\t\t\t<\/a><\/p>\n<p style=\"text-align: center;color: #ffffff;font-size: 32px;font-weight: bold;line-height: 100%\">\u00a0 \u00a0 \u00a0 \u00a0 Nail art de <\/p>\n<p style=\"text-align: center;color: #ffffff;font-size: 32px;font-weight: bold;line-height: 100%\">\u00a0f\u00eates canon<\/p>\n<p>\t\t\t<a href=\"https:\/\/www.treatwell.fr\/salons\/soin-extension-dongles-et-faux-ongles,manucure,nail-art,ongles-en-gel,remplissage-ongles,vernis-semi-permanent-mains\/offre-type-local\/dans-france\/?mkt_params=GC~festive18_LC~frfestive18_PM~LP-slot_CM~nails%20main\" target=\"_blank\" role=\"button\"><br \/>\n\t\t\t\t\t\t\tR\u00e9servez une mani<br \/>\n\t\t\t\t\t<\/a><\/p>\n<p style=\"text-align: center;color: #ffffff;font-size: 32px;font-weight: bold;line-height: 100%\">Pas besoin<br \/>\nd&rsquo;aller au<br \/>\nP\u00f4le Nord&#8230;<\/p>\n<p>\t\t\t<a href=\"https:\/\/www.treatwell.fr\/salons\/offre-type-local\/geocode-48.8740355,2.3328515\/?mkt_params=GC~festive18_LC~frfestive18_PM~LP-slot_CM~G%C3%A9olocalisation\" target=\"_blank\" role=\"button\"><br \/>\n\t\t\t\t\t\t\tR\u00e9servez \u00e0 deux pas d&rsquo;ici<br \/>\n\t\t\t\t\t<\/a><\/p>\n<p style=\"color: #ffffff;font-size: 32px;font-weight: bold;line-height: 100%;text-align: center\">\u00a0 \u00a0 \u00a0 Glissez en une <\/p>\n<p style=\"color: #ffffff;font-size: 32px;font-weight: bold;line-height: 100%;text-align: center\">\u00a0 \u00a0sous le sapin<\/p>\n<p>\t\t\t<a href=\"https:\/\/www.treatwell.fr\/carte-cadeaux\/?mkt_params=GC~festive18_LC~frfestive18_PM~LP-slot_CM~Trouvez%20le%20cadeau%20qui%20plaira%20%C3%A0%20tous%20les%20coups\" target=\"_blank\" role=\"button\"><br \/>\n\t\t\t\t\t\t\tCarte cadeau<br \/>\n\t\t\t\t\t<\/a><\/p>\n<p style=\"text-align: center;color: #ffffff;font-size: 32px;font-weight: bold;line-height: 100%\">Brillez plus<br \/>\nque les<br \/>\n\u00e9toiles<\/p>\n<p>\t\t\t<a href=\"https:\/\/www.treatwell.fr\/salons\/recompense-top-rated-2018\/offre-type-local\/dans-france\/?mkt_params=GC~festive18_LC~frfestive18_PM~LP-slot_CM~TopRated\" target=\"_blank\" role=\"button\"><br \/>\n\t\t\t\t\t\t\tR\u00e9servez chez un Top Rated<br \/>\n\t\t\t\t\t<\/a><\/p>\n<p style=\"text-align: center;color: #ffffff;font-size: 30px;font-weight: bold;line-height: 100%\">Objectif<br \/>\nteint glowy<\/p>\n<p>\t\t\t<a href=\"https:\/\/www.treatwell.fr\/salons\/soin-maquillage,soin-du-visage-femme\/offre-type-local\/dans-france\/?mkt_params=GC~festive18_LC~frfestive18_PM~LP-slot_CM~soin%20du%20visage%20et%20maquillage\" target=\"_blank\" role=\"button\"><br \/>\n\t\t\t\t\t\t\tR\u00e9servez un soin du visage<br \/>\n\t\t\t\t\t<\/a><\/p>\n<p style=\"text-align: center;color: #ffffff;font-size: 30px;font-weight: bold;line-height: 100%\">Fail tuto beaut\u00e9 ?<br \/>\nC&rsquo;est facile !<\/p>\n<p>\t\t\t<a href=\"https:\/\/www.treatwell.fr\/salons\/soins-groupe-coiffure\/offre-type-local\/dans-france\/?mkt_params=GC~festive18_LC~frfestive18_PM~LP-slot_CM~Slot%202%20Soin%20coiffure\" target=\"_blank\" role=\"button\"><br \/>\n\t\t\t\t\t\t\tR\u00e9servez un brushing<br \/>\n\t\t\t\t\t<\/a><\/p>\n<p style=\"text-align: center;color: #ffffff;font-size: 30px;font-weight: bold;line-height: 100%\">Pas besoin<br \/>\nd&rsquo;aller au<br \/>\nP\u00f4le Nord&#8230;<\/p>\n<p>\t\t\t<a href=\"https:\/\/www.treatwell.fr\/salons\/offre-type-local\/geocode-48.8740355,2.3328515\/?mkt_params=GC~festive18_LC~frfestive18_PM~LP-slot_CM~G%C3%A9olocalisation\" target=\"_blank\" role=\"button\"><br \/>\n\t\t\t\t\t\t\tR\u00e9servez \u00e0 deux pas d&rsquo;ici<br \/>\n\t\t\t\t\t<\/a><\/p>\n<p style=\"text-align: center;color: #ffffff;font-size: 30px;font-weight: bold;line-height: 100%\">Nail art<br \/>\nde f\u00eates<br \/>\ncanon<\/p>\n<p>\t\t\t<a href=\"https:\/\/www.treatwell.fr\/salons\/soin-extension-dongles-et-faux-ongles,manucure,nail-art,ongles-en-gel,remplissage-ongles,vernis-semi-permanent-mains\/offre-type-local\/dans-france\/?mkt_params=GC~festive18_LC~frfestive18_PM~LP-slot_CM~nails%20main\" target=\"_blank\" role=\"button\"><br \/>\n\t\t\t\t\t\t\tR\u00e9servez une mani<br \/>\n\t\t\t\t\t<\/a><\/p>\n<p style=\"text-align: center;color: #ffffff;font-size: 30px;font-weight: bold;line-height: 100%\">Glissez en<br \/>\nune<br \/>\nsous le sapin<\/p>\n<p>\t\t\t<a href=\"https:\/\/www.treatwell.fr\/carte-cadeaux\/?mkt_params=GC~festive18_LC~frfestive18_PM~LP-slot_CM~Trouvez%20le%20cadeau%20qui%20plaira%20%C3%A0%20tous%20les%20coups\" target=\"_blank\" role=\"button\"><br \/>\n\t\t\t\t\t\t\tCarte cadeau<br \/>\n\t\t\t\t\t<\/a><\/p>\n<p style=\"text-align: center;color: #ffffff;font-size: 30px;font-weight: bold;line-height: 100%\">Brillez plus<br \/>\nque les<br \/>\n\u00e9toiles<\/p>\n<p>\t\t\t<a href=\"https:\/\/www.treatwell.fr\/salons\/recompense-top-rated-2018\/offre-type-local\/dans-france\/?mkt_params=GC~festive18_LC~frfestive18_PM~LP-slot_CM~TopRated\" target=\"_self\" role=\"button\"><br \/>\n\t\t\t\t\t\t\tR\u00e9servez chez un Top Rated<br \/>\n\t\t\t\t\t<\/a><\/p>\n<p style=\"text-align: center;color: #001e62;font-size: 40px;font-weight: bold;line-height: 100%\">#F\u00eatesEnTouteS\u00e9r\u00e9nit\u00e9<\/p>\n<p style=\"text-align: center;color: #001e62;font-size: 30px;font-weight: bold;line-height: 100%\">#F\u00eatesEnTouteS\u00e9r\u00e9nit\u00e9<\/p>\n<p>\t\t\t<a href=\"https:\/\/www.treatwell.fr\/salons\/offre-type-local\/dans-france\/?mkt_params=GC~festive18_LC~frfestive18_PM~LP-slot_CM~R%C3%A9servez%20vos%20soins%20beaut%C3%A9\" target=\"_blank\" role=\"button\"><br \/>\n\t\t\t\t\t\t\tR\u00e9servez vos soins beaut\u00e9<br \/>\n\t\t\t\t\t<\/a><\/p>\n","protected":false},"excerpt":{"rendered":"<p>Des f\u00eates de fin d&rsquo;ann\u00e9e en toute s\u00e9r\u00e9nit\u00e9 Votre mise en beaut\u00e9 ? C&rsquo;est la chose la plus simple que vous aurez \u00e0 faire pendant les f\u00eates R\u00e9servez vos soins beaut\u00e9 Des f\u00eates de fin d&rsquo;ann\u00e9e en toute s\u00e9r\u00e9nit\u00e9 Votre mise en beaut\u00e9 ? C&rsquo;est la chose la plus simple que vous aurez \u00e0 faire&hellip;<\/p>\n","protected":false},"author":117,"featured_media":0,"parent":0,"menu_order":0,"comment_status":"closed","ping_status":"closed","template":"","meta":{"inline_featured_image":false,"footnotes":""},"class_list":["post-8383","page","type-page","status-publish","hentry"],"yoast_head":"<!-- This site is optimized with the Yoast SEO plugin v27.3 - https:\/\/yoast.com\/product\/yoast-seo-wordpress\/ -->\n<title>Festive made easy - Treatwell FR<\/title>\n<meta name=\"robots\" content=\"index, follow, max-snippet:-1, max-image-preview:large, max-video-preview:-1\" \/>\n<link rel=\"canonical\" href=\"https:\/\/www.treatwell.fr/inspiration\/festive-made-easy\/\" \/>\n<meta property=\"og:locale\" content=\"fr_FR\" \/>\n<meta property=\"og:type\" content=\"article\" \/>\n<meta property=\"og:title\" content=\"Festive made easy - Treatwell FR\" \/>\n<meta property=\"og:description\" content=\"Des f\u00eates de fin d&rsquo;ann\u00e9e en toute s\u00e9r\u00e9nit\u00e9 Votre mise en beaut\u00e9 ? C&rsquo;est la chose la plus simple que vous aurez \u00e0 faire pendant les f\u00eates R\u00e9servez vos soins beaut\u00e9 Des f\u00eates de fin d&rsquo;ann\u00e9e en toute s\u00e9r\u00e9nit\u00e9 Votre mise en beaut\u00e9 ? C&rsquo;est la chose la plus simple que vous aurez \u00e0 faire&hellip;\" \/>\n<meta property=\"og:url\" content=\"https:\/\/www.treatwell.fr/inspiration\/festive-made-easy\/\" \/>\n<meta property=\"og:site_name\" content=\"Treatwell FR\" \/>\n<meta property=\"article:modified_time\" content=\"2018-11-26T16:31:40+00:00\" \/>\n<meta name=\"twitter:card\" content=\"summary_large_image\" \/>\n<meta name=\"twitter:label1\" content=\"Dur\u00e9e de lecture estim\u00e9e\" \/>\n\t<meta name=\"twitter:data1\" content=\"2 minutes\" \/>\n<script type=\"application\/ld+json\" class=\"yoast-schema-graph\">{\"@context\":\"https:\\\/\\\/schema.org\",\"@graph\":[{\"@type\":\"WebPage\",\"@id\":\"https:\\\/\\\/www.treatwell.fr/inspiration\\\/festive-made-easy\\\/\",\"url\":\"https:\\\/\\\/www.treatwell.fr/inspiration\\\/festive-made-easy\\\/\",\"name\":\"Festive made easy - Treatwell FR\",\"isPartOf\":{\"@id\":\"https:\\\/\\\/www.treatwell.fr/inspiration\\\/#website\"},\"datePublished\":\"2018-11-02T15:26:38+00:00\",\"dateModified\":\"2018-11-26T16:31:40+00:00\",\"breadcrumb\":{\"@id\":\"https:\\\/\\\/www.treatwell.fr/inspiration\\\/festive-made-easy\\\/#breadcrumb\"},\"inLanguage\":\"fr-FR\",\"potentialAction\":[{\"@type\":\"ReadAction\",\"target\":[\"https:\\\/\\\/www.treatwell.fr/inspiration\\\/festive-made-easy\\\/\"]}]},{\"@type\":\"BreadcrumbList\",\"@id\":\"https:\\\/\\\/www.treatwell.fr/inspiration\\\/festive-made-easy\\\/#breadcrumb\",\"itemListElement\":[{\"@type\":\"ListItem\",\"position\":1,\"name\":\"Home\",\"item\":\"https:\\\/\\\/www.treatwell.fr/inspiration\\\/\"},{\"@type\":\"ListItem\",\"position\":2,\"name\":\"Festive made easy\"}]},{\"@type\":\"WebSite\",\"@id\":\"https:\\\/\\\/www.treatwell.fr/inspiration\\\/#website\",\"url\":\"https:\\\/\\\/www.treatwell.fr/inspiration\\\/\",\"name\":\"Treatwell FR\",\"description\":\"\",\"potentialAction\":[{\"@type\":\"SearchAction\",\"target\":{\"@type\":\"EntryPoint\",\"urlTemplate\":\"https:\\\/\\\/www.treatwell.fr/inspiration\\\/?s={search_term_string}\"},\"query-input\":{\"@type\":\"PropertyValueSpecification\",\"valueRequired\":true,\"valueName\":\"search_term_string\"}}],\"inLanguage\":\"fr-FR\"}]}<\/script>\n<!-- \/ Yoast SEO plugin. -->","yoast_head_json":{"title":"Festive made easy - Treatwell FR","robots":{"index":"index","follow":"follow","max-snippet":"max-snippet:-1","max-image-preview":"max-image-preview:large","max-video-preview":"max-video-preview:-1"},"canonical":"https:\/\/www.treatwell.fr/inspiration\/festive-made-easy\/","og_locale":"fr_FR","og_type":"article","og_title":"Festive made easy - Treatwell FR","og_description":"Des f\u00eates de fin d&rsquo;ann\u00e9e en toute s\u00e9r\u00e9nit\u00e9 Votre mise en beaut\u00e9 ? C&rsquo;est la chose la plus simple que vous aurez \u00e0 faire pendant les f\u00eates R\u00e9servez vos soins beaut\u00e9 Des f\u00eates de fin d&rsquo;ann\u00e9e en toute s\u00e9r\u00e9nit\u00e9 Votre mise en beaut\u00e9 ? C&rsquo;est la chose la plus simple que vous aurez \u00e0 faire&hellip;","og_url":"https:\/\/www.treatwell.fr/inspiration\/festive-made-easy\/","og_site_name":"Treatwell FR","article_modified_time":"2018-11-26T16:31:40+00:00","twitter_card":"summary_large_image","twitter_misc":{"Dur\u00e9e de lecture estim\u00e9e":"2 minutes"},"schema":{"@context":"https:\/\/schema.org","@graph":[{"@type":"WebPage","@id":"https:\/\/www.treatwell.fr/inspiration\/festive-made-easy\/","url":"https:\/\/www.treatwell.fr/inspiration\/festive-made-easy\/","name":"Festive made easy - Treatwell FR","isPartOf":{"@id":"https:\/\/www.treatwell.fr/inspiration\/#website"},"datePublished":"2018-11-02T15:26:38+00:00","dateModified":"2018-11-26T16:31:40+00:00","breadcrumb":{"@id":"https:\/\/www.treatwell.fr/inspiration\/festive-made-easy\/#breadcrumb"},"inLanguage":"fr-FR","potentialAction":[{"@type":"ReadAction","target":["https:\/\/www.treatwell.fr/inspiration\/festive-made-easy\/"]}]},{"@type":"BreadcrumbList","@id":"https:\/\/www.treatwell.fr/inspiration\/festive-made-easy\/#breadcrumb","itemListElement":[{"@type":"ListItem","position":1,"name":"Home","item":"https:\/\/www.treatwell.fr/inspiration\/"},{"@type":"ListItem","position":2,"name":"Festive made easy"}]},{"@type":"WebSite","@id":"https:\/\/www.treatwell.fr/inspiration\/#website","url":"https:\/\/www.treatwell.fr/inspiration\/","name":"Treatwell FR","description":"","potentialAction":[{"@type":"SearchAction","target":{"@type":"EntryPoint","urlTemplate":"https:\/\/www.treatwell.fr/inspiration\/?s={search_term_string}"},"query-input":{"@type":"PropertyValueSpecification","valueRequired":true,"valueName":"search_term_string"}}],"inLanguage":"fr-FR"}]}},"_links":{"self":[{"href":"https:\/\/www.treatwell.fr\/inspiration\/wp-json\/wp\/v2\/pages\/8383","targetHints":{"allow":["GET"]}}],"collection":[{"href":"https:\/\/www.treatwell.fr\/inspiration\/wp-json\/wp\/v2\/pages"}],"about":[{"href":"https:\/\/www.treatwell.fr\/inspiration\/wp-json\/wp\/v2\/types\/page"}],"author":[{"embeddable":true,"href":"https:\/\/www.treatwell.fr\/inspiration\/wp-json\/wp\/v2\/users\/117"}],"replies":[{"embeddable":true,"href":"https:\/\/www.treatwell.fr\/inspiration\/wp-json\/wp\/v2\/comments?post=8383"}],"version-history":[{"count":0,"href":"https:\/\/www.treatwell.fr\/inspiration\/wp-json\/wp\/v2\/pages\/8383\/revisions"}],"wp:attachment":[{"href":"https:\/\/www.treatwell.fr\/inspiration\/wp-json\/wp\/v2\/media?parent=8383"}],"curies":[{"name":"wp","href":"https:\/\/api.w.org\/{rel}","templated":true}]}}