{"id":8744,"date":"2016-03-11T08:39:21","date_gmt":"2016-03-11T08:39:21","guid":{"rendered":"https:\/\/www.treatwell.fr\/inspiration\/?page_id=8744"},"modified":"2019-03-15T16:07:57","modified_gmt":"2019-03-15T16:07:57","slug":"ophelie-duvillard","status":"publish","type":"page","link":"https:\/\/www.treatwell.fr/inspiration\/ophelie-duvillard\/","title":{"rendered":"Oph\u00e9lie-Duvillard"},"content":{"rendered":"<p>\t\t\t\t<a href=\"https:\/\/www.treatwell.fr\/salons\/offre-type-local\/dans-paris-france\/sous-emplacement-paris-13-france,paris-14-france,paris-5-france,paris-6-france\/?mkt_params=GC~x_LC~parisbeautytour_PM~LP-slot_CM~Lp%20Oph%C3%A9lie%20-%20soins%20quartier\" target=\"_blank\"><br \/>\n\t\t\t\t<img decoding=\"async\" src=\"https:\/\/www.treatwell.fr/inspiration\/wp-content\/uploads\/sites\/4\/2019\/03\/Ophelie_Duvillard_header__mobile_001R.jpg\" alt=\"Ophelie_Duvillard_header__mobile_001R\" \/><br \/>\n\t\t\t\t<\/a><br \/>\n\t\t\t\t<a href=\"https:\/\/www.treatwell.fr\/salons\/offre-type-local\/dans-paris-france\/sous-emplacement-paris-13-france,paris-14-france,paris-5-france,paris-6-france\/?mkt_params=GC~x_LC~parisbeautytour_PM~LP-slot_CM~Lp%20Oph%C3%A9lie%20-%20soins%20quartier\" target=\"_blank\"><br \/>\n\t\t\t\t<img decoding=\"async\" src=\"https:\/\/www.treatwell.fr/inspiration\/wp-content\/uploads\/sites\/4\/2019\/03\/Ophelie_Duvillard_header_001.jpg\" alt=\"Ophelie_Duvillard_header_001\" \/><br \/>\n\t\t\t\t<\/a><br \/>\n\t\t\t\t<a href=\"https:\/\/www.treatwell.fr\/salons\/offre-type-local\/dans-paris-france\/sous-emplacement-paris-13-france,paris-14-france,paris-5-france,paris-6-france\/?mkt_params=GC~x_LC~parisbeautytour_PM~LP-slot_CM~Lp%20Oph%C3%A9lie%20-%20soins%20quartier\" target=\"_blank\"><br \/>\n\t\t\t\t<img decoding=\"async\" src=\"https:\/\/www.treatwell.fr/inspiration\/wp-content\/uploads\/sites\/4\/2019\/03\/Ophelie_Duvillard_header_002.jpg\" alt=\"Ophelie_Duvillard_header_002\" \/><br \/>\n\t\t\t\t<\/a><\/p>\n<blockquote>\n<p>&nbsp;<\/p>\n<p style=\"text-align: center\"><b>\u00a0 \u00a0 \u00a0 \u00a0 \u00a0 \u00a0 \u00a0 \u00a0 \u00a0 \u00a0<\/b><\/p>\n<p style=\"text-align: center\"><b>\u00a0 \u00a0 \u00a0 \u00a0 \u00a0 \u00a0 \u00a0 \u00a0 \u00a0 Je ne peux plus me passer des rappels de rendez-vous gr\u00e2ce auxquels je ne zappe plus mes pauses beaut\u00e9.<\/b><\/p>\n<p style=\"text-align: center\"><\/blockquote>\n<p><b>\u00a0 \u00a0 \u00a0 \u00a0 \u00a0 \u00a0 \u00a0 \u00a0 \u00a0 \u00a0 \u00a0 \u00a0 \u00a0 \u00a0 \u00a0 \u00a0 \u00a0 \u00a0 \u00a0 \u00a0 \u00a0 \u00a0 \u00a0 \u00a0 \u00a0 \u00a0 \u00a0 \u00a0 \u00a0 Je ne peux plus me passer des rappels de <\/b><\/p>\n<p><b>\u00a0 \u00a0 \u00a0 \u00a0 \u00a0 \u00a0 \u00a0 \u00a0 \u00a0 \u00a0 \u00a0 \u00a0 \u00a0 \u00a0 \u00a0 \u00a0 rendez-vous gr\u00e2ce auxquels je ne zappe plus mes pauses beaut\u00e9.<\/b><\/p>\n<p>\t\t\t\t<img decoding=\"async\" src=\"https:\/\/www.treatwell.fr/inspiration\/wp-content\/uploads\/sites\/4\/2019\/03\/Ophelie_facial_001R.jpg\" alt=\"Ophelie_facial_001R\" \/><br \/>\n\t\t\t\t<img decoding=\"async\" src=\"https:\/\/www.treatwell.fr/inspiration\/wp-content\/uploads\/sites\/4\/2019\/03\/Ophelie_facial_001R.jpg\" alt=\"Ophelie_facial_001R\" \/><\/p>\n<p><strong>Oph\u00e9lie.<\/strong> R\u00e9cemment je me suis rendue \u00e0 l&rsquo;institut du Luxembourg, dans le 6e, pour un massage du corps sur-mesure. J&rsquo;ai tout simplement ador\u00e9 et j&rsquo;y retournerai avec grand plaisir. Le lieu est sublime, le massage parfait et le rituel \u00e9galement (moment calme et th\u00e9 apr\u00e8s le soin).\u00a0<\/p>\n<p>\n\t\t\t\t<img decoding=\"async\" src=\"https:\/\/www.treatwell.fr/inspiration\/wp-content\/uploads\/sites\/4\/2019\/03\/Ophelie_massage_001.jpg\" alt=\"Ophelie_massage_001\" \/><br \/>\n\t\t\t\t<img decoding=\"async\" src=\"https:\/\/www.treatwell.fr/inspiration\/wp-content\/uploads\/sites\/4\/2019\/03\/Ophelie_massage_001.jpg\" alt=\"Ophelie_massage_001\" \/><\/p>\n<p><strong>Oph\u00e9lie.<\/strong> Depuis que j\u2019ai install\u00e9 l\u2019app Treatwell sur mon t\u00e9l\u00e9phone, elle me permet de trouver un institut de beaut\u00e9 ou un salon de coiffure \u201cfiable\u201d hyper facilement. Rapide, pratique et facile \u00e0 utiliser : elle correspond exactement \u00e0 ce dont j\u2019ai besoin dans mon quotidien pour r\u00e9server mes soins beaut\u00e9. Ce qui me sauve la vie ? Les rappels de rendez-vous pour ne pas zapper ma pause beaut\u00e9 !<\/p>\n<p>\n\t\t\t\t<img decoding=\"async\" src=\"https:\/\/www.treatwell.fr/inspiration\/wp-content\/uploads\/sites\/4\/2019\/03\/Ophelie_nails_001.jpg\" alt=\"Ophelie_nails_001\" \/><br \/>\n\t\t\t\t<img decoding=\"async\" src=\"https:\/\/www.treatwell.fr/inspiration\/wp-content\/uploads\/sites\/4\/2019\/03\/Ophelie_nails_001.jpg\" alt=\"Ophelie_nails_001\" \/><br \/>\n\t\t\t<a href=\"https:\/\/www.treatwell.fr\/salons\/recompense-top-rated-2018\/offre-type-local\/dans-france\/?mkt_params=GC~x_LC~parisbeautytour_PM~LP-slot_CM~Lp%20Oph%C3%A9lie%20-%20top%20rated\" target=\"_blank\" role=\"button\"><br \/>\n\t\t\t\t\t\t\tNos plus belles adresses<br \/>\n\t\t\t\t\t<\/a><\/p>\n","protected":false},"excerpt":{"rendered":"<p>&nbsp; \u00a0 \u00a0 \u00a0 \u00a0 \u00a0 \u00a0 \u00a0 \u00a0 \u00a0 \u00a0 \u00a0 \u00a0 \u00a0 \u00a0 \u00a0 \u00a0 \u00a0 \u00a0 \u00a0 Je ne peux plus me passer des rappels de rendez-vous gr\u00e2ce auxquels je ne zappe plus mes pauses beaut\u00e9. \u00a0 \u00a0 \u00a0 \u00a0 \u00a0 \u00a0 \u00a0 \u00a0 \u00a0 \u00a0 \u00a0 \u00a0 \u00a0 \u00a0 \u00a0 \u00a0&hellip;<\/p>\n","protected":false},"author":158,"featured_media":0,"parent":0,"menu_order":0,"comment_status":"closed","ping_status":"closed","template":"","meta":{"inline_featured_image":false,"footnotes":""},"class_list":["post-8744","page","type-page","status-publish","hentry"],"yoast_head":"<!-- This site is optimized with the Yoast SEO plugin v27.3 - https:\/\/yoast.com\/product\/yoast-seo-wordpress\/ -->\n<title>Oph\u00e9lie-Duvillard - Treatwell FR<\/title>\n<meta name=\"robots\" content=\"index, follow, max-snippet:-1, max-image-preview:large, max-video-preview:-1\" \/>\n<link rel=\"canonical\" href=\"https:\/\/www.treatwell.fr/inspiration\/ophelie-duvillard\/\" \/>\n<meta property=\"og:locale\" content=\"fr_FR\" \/>\n<meta property=\"og:type\" content=\"article\" \/>\n<meta property=\"og:title\" content=\"Oph\u00e9lie-Duvillard - Treatwell FR\" \/>\n<meta property=\"og:description\" content=\"&nbsp; \u00a0 \u00a0 \u00a0 \u00a0 \u00a0 \u00a0 \u00a0 \u00a0 \u00a0 \u00a0 \u00a0 \u00a0 \u00a0 \u00a0 \u00a0 \u00a0 \u00a0 \u00a0 \u00a0 Je ne peux plus me passer des rappels de rendez-vous gr\u00e2ce auxquels je ne zappe plus mes pauses beaut\u00e9. \u00a0 \u00a0 \u00a0 \u00a0 \u00a0 \u00a0 \u00a0 \u00a0 \u00a0 \u00a0 \u00a0 \u00a0 \u00a0 \u00a0 \u00a0 \u00a0&hellip;\" \/>\n<meta property=\"og:url\" content=\"https:\/\/www.treatwell.fr/inspiration\/ophelie-duvillard\/\" \/>\n<meta property=\"og:site_name\" content=\"Treatwell FR\" \/>\n<meta property=\"article:modified_time\" content=\"2019-03-15T16:07:57+00:00\" \/>\n<meta property=\"og:image\" content=\"https:\/\/www.treatwell.fr/inspiration\/wp-content\/uploads\/sites\/4\/2019\/03\/Ophelie_Duvillard_header__mobile_001R.jpg\" \/>\n<meta name=\"twitter:card\" content=\"summary_large_image\" \/>\n<meta name=\"twitter:label1\" content=\"Dur\u00e9e de lecture estim\u00e9e\" \/>\n\t<meta name=\"twitter:data1\" content=\"1 minute\" \/>\n<script type=\"application\/ld+json\" class=\"yoast-schema-graph\">{\"@context\":\"https:\\\/\\\/schema.org\",\"@graph\":[{\"@type\":\"WebPage\",\"@id\":\"https:\\\/\\\/www.treatwell.fr/inspiration\\\/ophelie-duvillard\\\/\",\"url\":\"https:\\\/\\\/www.treatwell.fr/inspiration\\\/ophelie-duvillard\\\/\",\"name\":\"Oph\u00e9lie-Duvillard - Treatwell FR\",\"isPartOf\":{\"@id\":\"https:\\\/\\\/www.treatwell.fr/inspiration\\\/#website\"},\"primaryImageOfPage\":{\"@id\":\"https:\\\/\\\/www.treatwell.fr/inspiration\\\/ophelie-duvillard\\\/#primaryimage\"},\"image\":{\"@id\":\"https:\\\/\\\/www.treatwell.fr/inspiration\\\/ophelie-duvillard\\\/#primaryimage\"},\"thumbnailUrl\":\"https:\\\/\\\/www.treatwell.fr/inspiration\\\/wp-content\\\/uploads\\\/sites\\\/4\\\/2019\\\/03\\\/Ophelie_Duvillard_header__mobile_001R.jpg\",\"datePublished\":\"2016-03-11T08:39:21+00:00\",\"dateModified\":\"2019-03-15T16:07:57+00:00\",\"breadcrumb\":{\"@id\":\"https:\\\/\\\/www.treatwell.fr/inspiration\\\/ophelie-duvillard\\\/#breadcrumb\"},\"inLanguage\":\"fr-FR\",\"potentialAction\":[{\"@type\":\"ReadAction\",\"target\":[\"https:\\\/\\\/www.treatwell.fr/inspiration\\\/ophelie-duvillard\\\/\"]}]},{\"@type\":\"ImageObject\",\"inLanguage\":\"fr-FR\",\"@id\":\"https:\\\/\\\/www.treatwell.fr/inspiration\\\/ophelie-duvillard\\\/#primaryimage\",\"url\":\"https:\\\/\\\/www.treatwell.fr/inspiration\\\/wp-content\\\/uploads\\\/sites\\\/4\\\/2019\\\/03\\\/Ophelie_Duvillard_header__mobile_001R.jpg\",\"contentUrl\":\"https:\\\/\\\/www.treatwell.fr/inspiration\\\/wp-content\\\/uploads\\\/sites\\\/4\\\/2019\\\/03\\\/Ophelie_Duvillard_header__mobile_001R.jpg\",\"width\":960,\"height\":492},{\"@type\":\"BreadcrumbList\",\"@id\":\"https:\\\/\\\/www.treatwell.fr/inspiration\\\/ophelie-duvillard\\\/#breadcrumb\",\"itemListElement\":[{\"@type\":\"ListItem\",\"position\":1,\"name\":\"Home\",\"item\":\"https:\\\/\\\/www.treatwell.fr/inspiration\\\/\"},{\"@type\":\"ListItem\",\"position\":2,\"name\":\"Oph\u00e9lie-Duvillard\"}]},{\"@type\":\"WebSite\",\"@id\":\"https:\\\/\\\/www.treatwell.fr/inspiration\\\/#website\",\"url\":\"https:\\\/\\\/www.treatwell.fr/inspiration\\\/\",\"name\":\"Treatwell FR\",\"description\":\"\",\"potentialAction\":[{\"@type\":\"SearchAction\",\"target\":{\"@type\":\"EntryPoint\",\"urlTemplate\":\"https:\\\/\\\/www.treatwell.fr/inspiration\\\/?s={search_term_string}\"},\"query-input\":{\"@type\":\"PropertyValueSpecification\",\"valueRequired\":true,\"valueName\":\"search_term_string\"}}],\"inLanguage\":\"fr-FR\"}]}<\/script>\n<!-- \/ Yoast SEO plugin. -->","yoast_head_json":{"title":"Oph\u00e9lie-Duvillard - Treatwell FR","robots":{"index":"index","follow":"follow","max-snippet":"max-snippet:-1","max-image-preview":"max-image-preview:large","max-video-preview":"max-video-preview:-1"},"canonical":"https:\/\/www.treatwell.fr/inspiration\/ophelie-duvillard\/","og_locale":"fr_FR","og_type":"article","og_title":"Oph\u00e9lie-Duvillard - Treatwell FR","og_description":"&nbsp; \u00a0 \u00a0 \u00a0 \u00a0 \u00a0 \u00a0 \u00a0 \u00a0 \u00a0 \u00a0 \u00a0 \u00a0 \u00a0 \u00a0 \u00a0 \u00a0 \u00a0 \u00a0 \u00a0 Je ne peux plus me passer des rappels de rendez-vous gr\u00e2ce auxquels je ne zappe plus mes pauses beaut\u00e9. \u00a0 \u00a0 \u00a0 \u00a0 \u00a0 \u00a0 \u00a0 \u00a0 \u00a0 \u00a0 \u00a0 \u00a0 \u00a0 \u00a0 \u00a0 \u00a0&hellip;","og_url":"https:\/\/www.treatwell.fr/inspiration\/ophelie-duvillard\/","og_site_name":"Treatwell FR","article_modified_time":"2019-03-15T16:07:57+00:00","og_image":[{"url":"https:\/\/www.treatwell.fr/inspiration\/wp-content\/uploads\/sites\/4\/2019\/03\/Ophelie_Duvillard_header__mobile_001R.jpg","type":"","width":"","height":""}],"twitter_card":"summary_large_image","twitter_misc":{"Dur\u00e9e de lecture estim\u00e9e":"1 minute"},"schema":{"@context":"https:\/\/schema.org","@graph":[{"@type":"WebPage","@id":"https:\/\/www.treatwell.fr/inspiration\/ophelie-duvillard\/","url":"https:\/\/www.treatwell.fr/inspiration\/ophelie-duvillard\/","name":"Oph\u00e9lie-Duvillard - Treatwell FR","isPartOf":{"@id":"https:\/\/www.treatwell.fr/inspiration\/#website"},"primaryImageOfPage":{"@id":"https:\/\/www.treatwell.fr/inspiration\/ophelie-duvillard\/#primaryimage"},"image":{"@id":"https:\/\/www.treatwell.fr/inspiration\/ophelie-duvillard\/#primaryimage"},"thumbnailUrl":"https:\/\/www.treatwell.fr/inspiration\/wp-content\/uploads\/sites\/4\/2019\/03\/Ophelie_Duvillard_header__mobile_001R.jpg","datePublished":"2016-03-11T08:39:21+00:00","dateModified":"2019-03-15T16:07:57+00:00","breadcrumb":{"@id":"https:\/\/www.treatwell.fr/inspiration\/ophelie-duvillard\/#breadcrumb"},"inLanguage":"fr-FR","potentialAction":[{"@type":"ReadAction","target":["https:\/\/www.treatwell.fr/inspiration\/ophelie-duvillard\/"]}]},{"@type":"ImageObject","inLanguage":"fr-FR","@id":"https:\/\/www.treatwell.fr/inspiration\/ophelie-duvillard\/#primaryimage","url":"https:\/\/www.treatwell.fr/inspiration\/wp-content\/uploads\/sites\/4\/2019\/03\/Ophelie_Duvillard_header__mobile_001R.jpg","contentUrl":"https:\/\/www.treatwell.fr/inspiration\/wp-content\/uploads\/sites\/4\/2019\/03\/Ophelie_Duvillard_header__mobile_001R.jpg","width":960,"height":492},{"@type":"BreadcrumbList","@id":"https:\/\/www.treatwell.fr/inspiration\/ophelie-duvillard\/#breadcrumb","itemListElement":[{"@type":"ListItem","position":1,"name":"Home","item":"https:\/\/www.treatwell.fr/inspiration\/"},{"@type":"ListItem","position":2,"name":"Oph\u00e9lie-Duvillard"}]},{"@type":"WebSite","@id":"https:\/\/www.treatwell.fr/inspiration\/#website","url":"https:\/\/www.treatwell.fr/inspiration\/","name":"Treatwell FR","description":"","potentialAction":[{"@type":"SearchAction","target":{"@type":"EntryPoint","urlTemplate":"https:\/\/www.treatwell.fr/inspiration\/?s={search_term_string}"},"query-input":{"@type":"PropertyValueSpecification","valueRequired":true,"valueName":"search_term_string"}}],"inLanguage":"fr-FR"}]}},"_links":{"self":[{"href":"https:\/\/www.treatwell.fr\/inspiration\/wp-json\/wp\/v2\/pages\/8744","targetHints":{"allow":["GET"]}}],"collection":[{"href":"https:\/\/www.treatwell.fr\/inspiration\/wp-json\/wp\/v2\/pages"}],"about":[{"href":"https:\/\/www.treatwell.fr\/inspiration\/wp-json\/wp\/v2\/types\/page"}],"author":[{"embeddable":true,"href":"https:\/\/www.treatwell.fr\/inspiration\/wp-json\/wp\/v2\/users\/158"}],"replies":[{"embeddable":true,"href":"https:\/\/www.treatwell.fr\/inspiration\/wp-json\/wp\/v2\/comments?post=8744"}],"version-history":[{"count":0,"href":"https:\/\/www.treatwell.fr\/inspiration\/wp-json\/wp\/v2\/pages\/8744\/revisions"}],"wp:attachment":[{"href":"https:\/\/www.treatwell.fr\/inspiration\/wp-json\/wp\/v2\/media?parent=8744"}],"curies":[{"name":"wp","href":"https:\/\/api.w.org\/{rel}","templated":true}]}}