{"id":8774,"date":"2016-03-11T12:56:39","date_gmt":"2016-03-11T12:56:39","guid":{"rendered":"https:\/\/www.treatwell.fr\/inspiration\/?page_id=8774"},"modified":"2019-03-15T11:43:24","modified_gmt":"2019-03-15T11:43:24","slug":"so-girly-c","status":"publish","type":"page","link":"https:\/\/www.treatwell.fr/inspiration\/so-girly-c\/","title":{"rendered":"So Girly C"},"content":{"rendered":"<p>\t\t\t\t<a href=\"https:\/\/www.treatwell.fr\/salons\/offre-type-local\/dans-paris-france\/sous-emplacement-paris-10-france,paris-11-france,paris-12-france,paris-19-france,paris-20-france\/?mkt_params=GC~x_LC~parisbeautytour_PM~LP-slot_CM~Lp%20So%20girly%20C%20header\" target=\"_blank\"><br \/>\n\t\t\t\t<img decoding=\"async\" src=\"https:\/\/www.treatwell.fr/inspiration\/wp-content\/uploads\/sites\/4\/2019\/03\/SogirlyC_header_001_mobile.jpg\" alt=\"SogirlyC_header_001_mobile\" \/><br \/>\n\t\t\t\t<\/a><br \/>\n\t\t\t\t<a href=\"https:\/\/www.treatwell.fr\/salons\/offre-type-local\/dans-paris-france\/sous-emplacement-paris-10-france,paris-11-france,paris-12-france,paris-19-france,paris-20-france\/?mkt_params=GC~x_LC~parisbeautytour_PM~LP-slot_CM~Lp%20So%20girly%20C%20header\" target=\"_blank\"><br \/>\n\t\t\t\t<img decoding=\"async\" src=\"https:\/\/www.treatwell.fr/inspiration\/wp-content\/uploads\/sites\/4\/2019\/03\/SogirlyC_header_001.jpg\" alt=\"SogirlyC_header_001\" \/><br \/>\n\t\t\t\t<\/a><br \/>\n\t\t\t\t<a href=\"https:\/\/www.treatwell.fr\/salons\/offre-type-local\/dans-paris-france\/sous-emplacement-paris-10-france,paris-11-france,paris-12-france,paris-19-france,paris-20-france\/?mkt_params=GC~x_LC~parisbeautytour_PM~LP-slot_CM~Lp%20So%20girly%20C%20header\" target=\"_blank\"><br \/>\n\t\t\t\t<img decoding=\"async\" src=\"https:\/\/www.treatwell.fr/inspiration\/wp-content\/uploads\/sites\/4\/2019\/03\/SogirlyC_header_002.jpg\" alt=\"SogirlyC_header_002\" \/><br \/>\n\t\t\t\t<\/a><\/p>\n<blockquote>\n<p style=\"text-align: center\"><b>\u00a0 \u00a0 \u00a0 \u00a0 <\/b><b>\u00a0 \u00a0 \u00a0 \u00a0 \u00a0 \u00a0 \u00a0 \u00a0 \u00a0 \u00a0 <\/b><\/p>\n<p style=\"text-align: center\"><b>\u00a0 \u00a0 \u00a0 \u00a0 \u00a0 \u00a0 \u00a0 \u00a0 \u00a0 \u00a0 \u00a0C&rsquo;est la solution innovante qu&rsquo;il me manquait pour simplifier mon quotidien \u00e0 1000 \u00e0 l&rsquo;heure !<\/b><\/p>\n<p style=\"text-align: center\"><\/blockquote>\n<blockquote>\n<p><b>\u00a0 \u00a0 \u00a0 \u00a0 \u00a0 \u00a0 \u00a0 \u00a0 \u00a0 \u00a0 \u00a0 \u00a0 \u00a0 \u00a0 \u00a0 \u00a0 \u00a0 \u00a0 \u00a0 \u00a0 \u00a0 \u00a0 \u00a0 \u00a0 \u00a0 \u00a0 \u00a0 \u00a0 C&rsquo;est la solution innovante qu&rsquo;il me manquait\u00a0 \u00a0 \u00a0 \u00a0 \u00a0 \u00a0 \u00a0 \u00a0 \u00a0 \u00a0 \u00a0 \u00a0 \u00a0 \u00a0 \u00a0 \u00a0 \u00a0 \u00a0 \u00a0 \u00a0 \u00a0 \u00a0 \u00a0 \u00a0 \u00a0 \u00a0 \u00a0 \u00a0 \u00a0 pour simplifier mon quotidien \u00e0 1000 \u00e0 l&rsquo;heure !<\/b><\/p>\n<\/blockquote>\n<p><strong>Carine.<\/strong> J\u2019ai ador\u00e9 mon passage chez\u00a0<a href=\"https:\/\/www.treatwell.fr\/salon\/nail-club\/\">Nail Club\u00a0<\/a>dans le quartier de Parmentier dans le 11e arrondissement de Paris. J\u2019ai re\u00e7u un accueil tr\u00e8s convivial et j\u2019ai pu d\u00e9connecter imm\u00e9diatement notamment gr\u00e2ce \u00e0 la d\u00e9co de dingue qui s\u2019y trouve. On se retrouve au coeur d\u2019un loft style New-Yorkais avec un espace caf\u00e9 tr\u00e8s sympa. Cela m\u2019a m\u00eame donn\u00e9 quelques id\u00e9es d\u00e9co \u00e0 reproduire chez moi. Je suis sortie avec une beaut\u00e9 des mains et des pieds parfaite et j\u2019ai m\u00eame innov\u00e9 en optant pour une couleur que je n\u2019ai pas l\u2019habitude de porter et dont je raffole. J\u2019ai \u00e9galement confi\u00e9 ma crini\u00e8re chez <a href=\"https:\/\/www.treatwell.fr\/salon\/le-quatre-maison-de-coiffure\/\">Le Quatre Maison de coiffure<\/a>\u00a0qui a fait preuve d\u2019un tr\u00e8s grand professionnalisme ce qui est appr\u00e9ciable surtout quand tu flippes compl\u00e8tement \u00e0 l\u2019id\u00e9e de changer de t\u00eate. Honn\u00eatement c\u2019est tr\u00e8s difficile de choisir ! J\u2019ai aim\u00e9 tous les instituts\/salons d\u00e9nich\u00e9s gr\u00e2ce \u00e0 Treatwell.<\/p>\n<p>\t\t\t\t<img decoding=\"async\" src=\"https:\/\/www.treatwell.fr/inspiration\/wp-content\/uploads\/sites\/4\/2019\/03\/SoGirlyC_hair_001.jpg\" alt=\"SoGirlyC_hair_001\" \/><br \/>\n\t\t\t\t<img decoding=\"async\" src=\"https:\/\/www.treatwell.fr/inspiration\/wp-content\/uploads\/sites\/4\/2019\/03\/SoGirlyC_hair_001.jpg\" alt=\"SoGirlyC_hair_001\" \/><\/p>\n<p><strong>Carine<\/strong>. Mon meilleur souvenir beaut\u00e9 est de loin une mise en beaut\u00e9 de mes sourcils auxquels j\u2019accorde une tr\u00e8s grande importance (vous l\u2019aurez compris). J\u2019ai succomb\u00e9 \u00e0 la tendance du \u00a0microblading &#8211; maquillage semi-permanent des sourcils- et j\u2019ai tout simplement ador\u00e9 ! Cette technique permet d\u2019avoir une ligne canon au quotidien. Une petite \u00e9pilation au fil pour les restructurer de fa\u00e7on hyper naturelle et le tour est jou\u00e9 !<br \/>\nIroniquement, mon pire souvenir beaut\u00e9 est \u00e9galement li\u00e9 \u00e0 mes sourcils, lorsqu\u2019il y a quelques ann\u00e9es j\u2019ai suivi la mode de l\u2019\u00e9pilation excessive. Il m\u2019a fallu du temps pour rattraper cette erreur &#8211; un v\u00e9ritable traumatisme.<\/p>\n<p>\t\t\t\t<img decoding=\"async\" src=\"https:\/\/www.treatwell.fr/inspiration\/wp-content\/uploads\/sites\/4\/2019\/03\/SoGirlyC_nails_001.jpg\" alt=\"SoGirlyC_nails_001\" \/><br \/>\n\t\t\t\t<img decoding=\"async\" src=\"https:\/\/www.treatwell.fr/inspiration\/wp-content\/uploads\/sites\/4\/2019\/03\/SoGirlyC_nails_001.jpg\" alt=\"SoGirlyC_nails_001\" \/><\/p>\n<p><strong>Carine.<\/strong> J\u2019ai la chance (ou pas) d\u2019avoir une pilosit\u00e9 assez importante au niveau des sourcils avec des poils qui repoussent beaucoup trop vite ! J\u2019ai donc syst\u00e9matiquement besoin de m\u2019en occuper avant de sortir : je d\u00e9teste avoir des poils de travers, je trouve que cela d\u00e9structure totalement mon visage. En plus de l\u2019\u00e9pilation au fil que je r\u00e9serve sur Treatwell toutes les 3 semaines, je ne peux plus me passer du gel fixateur pour les sourcils. Petite astuce quand je n\u2019ai pas de produit sp\u00e9cifique sous la main : un petit goupillon, un peu de laque, et hop c\u2019est parfait ! Autre tip beaut\u00e9 : un bon bain d\u00e9lassant pour mes pieds au moins une fois par mois et une beaut\u00e9 des pieds r\u00e9alis\u00e9e par un pro pour retrouver des pieds de b\u00e9b\u00e9 : un vrai bonheur !<\/p>\n<p>\t\t\t\t<img decoding=\"async\" src=\"https:\/\/www.treatwell.fr/inspiration\/wp-content\/uploads\/sites\/4\/2019\/03\/SoGirlyC_facial_001R.jpg\" alt=\"SoGirlyC_facial_001R\" \/><br \/>\n\t\t\t\t<img decoding=\"async\" src=\"https:\/\/www.treatwell.fr/inspiration\/wp-content\/uploads\/sites\/4\/2019\/03\/SoGirlyC_facial_001R.jpg\" alt=\"SoGirlyC_facial_001R\" \/><br \/>\n\t\t\t<a href=\"https:\/\/www.treatwell.fr\/salons\/recompense-top-rated-2018\/offre-type-local\/dans-france\/?mkt_params=GC~x_LC~parisbeautytour_PM~LP-slot_CM~Lp%20So%20girly%20C%20top%20rated\" target=\"_blank\" role=\"button\"><br \/>\n\t\t\t\t\t\t\tNos plus belles adresses<br \/>\n\t\t\t\t\t<\/a><\/p>\n","protected":false},"excerpt":{"rendered":"<p>\u00a0 \u00a0 \u00a0 \u00a0 \u00a0 \u00a0 \u00a0 \u00a0 \u00a0 \u00a0 \u00a0 \u00a0 \u00a0 \u00a0 \u00a0 \u00a0 \u00a0 \u00a0 \u00a0 \u00a0 \u00a0 \u00a0 \u00a0 \u00a0 \u00a0C&rsquo;est la solution innovante qu&rsquo;il me manquait pour simplifier mon quotidien \u00e0 1000 \u00e0 l&rsquo;heure ! \u00a0 \u00a0 \u00a0 \u00a0 \u00a0 \u00a0 \u00a0 \u00a0 \u00a0 \u00a0 \u00a0 \u00a0 \u00a0 \u00a0 \u00a0&hellip;<\/p>\n","protected":false},"author":158,"featured_media":0,"parent":0,"menu_order":0,"comment_status":"closed","ping_status":"closed","template":"","meta":{"inline_featured_image":false,"footnotes":""},"class_list":["post-8774","page","type-page","status-publish","hentry"],"yoast_head":"<!-- This site is optimized with the Yoast SEO plugin v27.5 - https:\/\/yoast.com\/product\/yoast-seo-wordpress\/ -->\n<title>So Girly C - Treatwell FR<\/title>\n<meta name=\"robots\" content=\"index, follow, max-snippet:-1, max-image-preview:large, max-video-preview:-1\" \/>\n<link rel=\"canonical\" href=\"https:\/\/www.treatwell.fr/inspiration\/so-girly-c\/\" \/>\n<meta property=\"og:locale\" content=\"fr_FR\" \/>\n<meta property=\"og:type\" content=\"article\" \/>\n<meta property=\"og:title\" content=\"So Girly C - Treatwell FR\" \/>\n<meta property=\"og:description\" content=\"\u00a0 \u00a0 \u00a0 \u00a0 \u00a0 \u00a0 \u00a0 \u00a0 \u00a0 \u00a0 \u00a0 \u00a0 \u00a0 \u00a0 \u00a0 \u00a0 \u00a0 \u00a0 \u00a0 \u00a0 \u00a0 \u00a0 \u00a0 \u00a0 \u00a0C&rsquo;est la solution innovante qu&rsquo;il me manquait pour simplifier mon quotidien \u00e0 1000 \u00e0 l&rsquo;heure ! \u00a0 \u00a0 \u00a0 \u00a0 \u00a0 \u00a0 \u00a0 \u00a0 \u00a0 \u00a0 \u00a0 \u00a0 \u00a0 \u00a0 \u00a0&hellip;\" \/>\n<meta property=\"og:url\" content=\"https:\/\/www.treatwell.fr/inspiration\/so-girly-c\/\" \/>\n<meta property=\"og:site_name\" content=\"Treatwell FR\" \/>\n<meta property=\"article:modified_time\" content=\"2019-03-15T11:43:24+00:00\" \/>\n<meta property=\"og:image\" content=\"https:\/\/www.treatwell.fr/inspiration\/wp-content\/uploads\/sites\/4\/2019\/03\/SogirlyC_header_001_mobile.jpg\" \/>\n<meta name=\"twitter:card\" content=\"summary_large_image\" \/>\n<meta name=\"twitter:label1\" content=\"Dur\u00e9e de lecture estim\u00e9e\" \/>\n\t<meta name=\"twitter:data1\" content=\"2 minutes\" \/>\n<script type=\"application\/ld+json\" class=\"yoast-schema-graph\">{\"@context\":\"https:\\\/\\\/schema.org\",\"@graph\":[{\"@type\":\"WebPage\",\"@id\":\"https:\\\/\\\/www.treatwell.fr/inspiration\\\/so-girly-c\\\/\",\"url\":\"https:\\\/\\\/www.treatwell.fr/inspiration\\\/so-girly-c\\\/\",\"name\":\"So Girly C - Treatwell FR\",\"isPartOf\":{\"@id\":\"https:\\\/\\\/www.treatwell.fr/inspiration\\\/#website\"},\"primaryImageOfPage\":{\"@id\":\"https:\\\/\\\/www.treatwell.fr/inspiration\\\/so-girly-c\\\/#primaryimage\"},\"image\":{\"@id\":\"https:\\\/\\\/www.treatwell.fr/inspiration\\\/so-girly-c\\\/#primaryimage\"},\"thumbnailUrl\":\"https:\\\/\\\/www.treatwell.fr/inspiration\\\/wp-content\\\/uploads\\\/sites\\\/4\\\/2019\\\/03\\\/SogirlyC_header_001_mobile.jpg\",\"datePublished\":\"2016-03-11T12:56:39+00:00\",\"dateModified\":\"2019-03-15T11:43:24+00:00\",\"breadcrumb\":{\"@id\":\"https:\\\/\\\/www.treatwell.fr/inspiration\\\/so-girly-c\\\/#breadcrumb\"},\"inLanguage\":\"fr-FR\",\"potentialAction\":[{\"@type\":\"ReadAction\",\"target\":[\"https:\\\/\\\/www.treatwell.fr/inspiration\\\/so-girly-c\\\/\"]}]},{\"@type\":\"ImageObject\",\"inLanguage\":\"fr-FR\",\"@id\":\"https:\\\/\\\/www.treatwell.fr/inspiration\\\/so-girly-c\\\/#primaryimage\",\"url\":\"https:\\\/\\\/www.treatwell.fr/inspiration\\\/wp-content\\\/uploads\\\/sites\\\/4\\\/2019\\\/03\\\/SogirlyC_header_001_mobile.jpg\",\"contentUrl\":\"https:\\\/\\\/www.treatwell.fr/inspiration\\\/wp-content\\\/uploads\\\/sites\\\/4\\\/2019\\\/03\\\/SogirlyC_header_001_mobile.jpg\",\"width\":960,\"height\":340},{\"@type\":\"BreadcrumbList\",\"@id\":\"https:\\\/\\\/www.treatwell.fr/inspiration\\\/so-girly-c\\\/#breadcrumb\",\"itemListElement\":[{\"@type\":\"ListItem\",\"position\":1,\"name\":\"Home\",\"item\":\"https:\\\/\\\/www.treatwell.fr/inspiration\\\/\"},{\"@type\":\"ListItem\",\"position\":2,\"name\":\"So Girly C\"}]},{\"@type\":\"WebSite\",\"@id\":\"https:\\\/\\\/www.treatwell.fr/inspiration\\\/#website\",\"url\":\"https:\\\/\\\/www.treatwell.fr/inspiration\\\/\",\"name\":\"Treatwell FR\",\"description\":\"\",\"potentialAction\":[{\"@type\":\"SearchAction\",\"target\":{\"@type\":\"EntryPoint\",\"urlTemplate\":\"https:\\\/\\\/www.treatwell.fr/inspiration\\\/?s={search_term_string}\"},\"query-input\":{\"@type\":\"PropertyValueSpecification\",\"valueRequired\":true,\"valueName\":\"search_term_string\"}}],\"inLanguage\":\"fr-FR\"}]}<\/script>\n<!-- \/ Yoast SEO plugin. -->","yoast_head_json":{"title":"So Girly C - Treatwell FR","robots":{"index":"index","follow":"follow","max-snippet":"max-snippet:-1","max-image-preview":"max-image-preview:large","max-video-preview":"max-video-preview:-1"},"canonical":"https:\/\/www.treatwell.fr/inspiration\/so-girly-c\/","og_locale":"fr_FR","og_type":"article","og_title":"So Girly C - Treatwell FR","og_description":"\u00a0 \u00a0 \u00a0 \u00a0 \u00a0 \u00a0 \u00a0 \u00a0 \u00a0 \u00a0 \u00a0 \u00a0 \u00a0 \u00a0 \u00a0 \u00a0 \u00a0 \u00a0 \u00a0 \u00a0 \u00a0 \u00a0 \u00a0 \u00a0 \u00a0C&rsquo;est la solution innovante qu&rsquo;il me manquait pour simplifier mon quotidien \u00e0 1000 \u00e0 l&rsquo;heure ! \u00a0 \u00a0 \u00a0 \u00a0 \u00a0 \u00a0 \u00a0 \u00a0 \u00a0 \u00a0 \u00a0 \u00a0 \u00a0 \u00a0 \u00a0&hellip;","og_url":"https:\/\/www.treatwell.fr/inspiration\/so-girly-c\/","og_site_name":"Treatwell FR","article_modified_time":"2019-03-15T11:43:24+00:00","og_image":[{"url":"https:\/\/www.treatwell.fr/inspiration\/wp-content\/uploads\/sites\/4\/2019\/03\/SogirlyC_header_001_mobile.jpg","type":"","width":"","height":""}],"twitter_card":"summary_large_image","twitter_misc":{"Dur\u00e9e de lecture estim\u00e9e":"2 minutes"},"schema":{"@context":"https:\/\/schema.org","@graph":[{"@type":"WebPage","@id":"https:\/\/www.treatwell.fr/inspiration\/so-girly-c\/","url":"https:\/\/www.treatwell.fr/inspiration\/so-girly-c\/","name":"So Girly C - Treatwell FR","isPartOf":{"@id":"https:\/\/www.treatwell.fr/inspiration\/#website"},"primaryImageOfPage":{"@id":"https:\/\/www.treatwell.fr/inspiration\/so-girly-c\/#primaryimage"},"image":{"@id":"https:\/\/www.treatwell.fr/inspiration\/so-girly-c\/#primaryimage"},"thumbnailUrl":"https:\/\/www.treatwell.fr/inspiration\/wp-content\/uploads\/sites\/4\/2019\/03\/SogirlyC_header_001_mobile.jpg","datePublished":"2016-03-11T12:56:39+00:00","dateModified":"2019-03-15T11:43:24+00:00","breadcrumb":{"@id":"https:\/\/www.treatwell.fr/inspiration\/so-girly-c\/#breadcrumb"},"inLanguage":"fr-FR","potentialAction":[{"@type":"ReadAction","target":["https:\/\/www.treatwell.fr/inspiration\/so-girly-c\/"]}]},{"@type":"ImageObject","inLanguage":"fr-FR","@id":"https:\/\/www.treatwell.fr/inspiration\/so-girly-c\/#primaryimage","url":"https:\/\/www.treatwell.fr/inspiration\/wp-content\/uploads\/sites\/4\/2019\/03\/SogirlyC_header_001_mobile.jpg","contentUrl":"https:\/\/www.treatwell.fr/inspiration\/wp-content\/uploads\/sites\/4\/2019\/03\/SogirlyC_header_001_mobile.jpg","width":960,"height":340},{"@type":"BreadcrumbList","@id":"https:\/\/www.treatwell.fr/inspiration\/so-girly-c\/#breadcrumb","itemListElement":[{"@type":"ListItem","position":1,"name":"Home","item":"https:\/\/www.treatwell.fr/inspiration\/"},{"@type":"ListItem","position":2,"name":"So Girly C"}]},{"@type":"WebSite","@id":"https:\/\/www.treatwell.fr/inspiration\/#website","url":"https:\/\/www.treatwell.fr/inspiration\/","name":"Treatwell FR","description":"","potentialAction":[{"@type":"SearchAction","target":{"@type":"EntryPoint","urlTemplate":"https:\/\/www.treatwell.fr/inspiration\/?s={search_term_string}"},"query-input":{"@type":"PropertyValueSpecification","valueRequired":true,"valueName":"search_term_string"}}],"inLanguage":"fr-FR"}]}},"_links":{"self":[{"href":"https:\/\/www.treatwell.fr\/inspiration\/wp-json\/wp\/v2\/pages\/8774","targetHints":{"allow":["GET"]}}],"collection":[{"href":"https:\/\/www.treatwell.fr\/inspiration\/wp-json\/wp\/v2\/pages"}],"about":[{"href":"https:\/\/www.treatwell.fr\/inspiration\/wp-json\/wp\/v2\/types\/page"}],"author":[{"embeddable":true,"href":"https:\/\/www.treatwell.fr\/inspiration\/wp-json\/wp\/v2\/users\/158"}],"replies":[{"embeddable":true,"href":"https:\/\/www.treatwell.fr\/inspiration\/wp-json\/wp\/v2\/comments?post=8774"}],"version-history":[{"count":0,"href":"https:\/\/www.treatwell.fr\/inspiration\/wp-json\/wp\/v2\/pages\/8774\/revisions"}],"wp:attachment":[{"href":"https:\/\/www.treatwell.fr\/inspiration\/wp-json\/wp\/v2\/media?parent=8774"}],"curies":[{"name":"wp","href":"https:\/\/api.w.org\/{rel}","templated":true}]}}