{"id":9092,"date":"2016-04-17T12:19:02","date_gmt":"2016-04-17T12:19:02","guid":{"rendered":"https:\/\/www.treatwell.co.uk\/inspiration\/?page_id=9092"},"modified":"2020-02-07T15:42:40","modified_gmt":"2020-02-07T15:42:40","slug":"showcasing-the-app-ss19","status":"publish","type":"page","link":"https:\/\/www.treatwell.fr/inspiration\/showcasing-the-app-ss19\/","title":{"rendered":"Showcasing the App SS19"},"content":{"rendered":"<p>\t\t\t\t<img loading=\"lazy\" decoding=\"async\" src=\"https:\/\/www.treatwell.fr/inspiration\/wp-content\/uploads\/sites\/4\/2019\/08\/hero-desktop-02.png\" alt=\"hero desktop 02\" height=\"502\" width=\"1999\" title=\"hero desktop 02\" \/><\/p>\n<p><strong>Avec l&rsquo;app, <\/strong><\/p>\n<p><strong>c&rsquo;est tellement<\/strong><\/p>\n<p><strong>facile de r\u00e9server,<\/strong><\/p>\n<p><strong>re-r\u00e9server et <\/strong><\/p>\n<p><strong>replanifier<\/strong><\/p>\n<p>\t\t\t\t<a href=\"https:\/\/treatwell.onelink.me\/32083905?pid=internal-link&amp;c=FreeFieldTest1&amp;af_ad=FR&amp;af_dp=treatwell%3A%2F%2Fwww.treatwell.fr%2F&amp;af_web_dp=%22https%3A%2F%2Fwww.treatwell.fr%2F%3Futm_source%3Dpotatoe&amp;is_retargeting=true\" target=\"_self\"><br \/>\n\t\t\t\t<img loading=\"lazy\" decoding=\"async\" src=\"https:\/\/www.treatwell.fr/inspiration\/wp-content\/uploads\/sites\/4\/2019\/08\/Download_on_the_App_Store_Badge_FR_RGB_blk_100517.png\" alt=\"Download_on_the_App_Store_Badge_FR_RGB_blk_100517\" height=\"167\" width=\"528\" title=\"Download_on_the_App_Store_Badge_FR_RGB_blk_100517\" \/><br \/>\n\t\t\t\t<\/a><br \/>\n\t\t\t\t<a href=\"https:\/\/treatwell.onelink.me\/32083905?pid=internal-link&amp;c=FreeFieldTest1&amp;af_ad=FR&amp;af_dp=treatwell%3A%2F%2Fwww.treatwell.fr%2F&amp;af_web_dp=%22https%3A%2F%2Fwww.treatwell.fr%2F%3Futm_source%3Dpotatoe&amp;is_retargeting=true\" target=\"_self\"><br \/>\n\t\t\t\t<img loading=\"lazy\" decoding=\"async\" src=\"https:\/\/www.treatwell.fr/inspiration\/wp-content\/uploads\/sites\/4\/2019\/08\/FR_google-play-badge.png\" alt=\"FR_google-play-badge\" height=\"168\" width=\"564\" title=\"FR_google-play-badge\" \/><br \/>\n\t\t\t\t<\/a><br \/>\n\t\t\t\t<img loading=\"lazy\" decoding=\"async\" src=\"https:\/\/www.treatwell.fr/inspiration\/wp-content\/uploads\/sites\/4\/2019\/07\/hero-mobile.png\" alt=\"hero mobile\" height=\"896\" width=\"1080\" title=\"hero mobile\" \/><\/p>\n<p><strong>Qu&rsquo;est-ce que les gens<\/strong><\/p>\n<p><strong>aiment \u00e0 propos de l&rsquo;app ?<\/strong><\/p>\n<p><strong>Qu&rsquo;est-ce que\u00a0<\/strong><\/p>\n<p><strong>les gens aiment \u00e0<\/strong><\/p>\n<p><strong>propos de l&rsquo;app ?<\/strong><\/p>\n<p>\t\t\t\t<img loading=\"lazy\" decoding=\"async\" src=\"https:\/\/en-gb.twinspiration.wpengine.treatwell.com\/wp-content\/uploads\/sites\/9\/2019\/04\/app.png\" alt=\"app\" height=\"167\" width=\"488\" title=\"app\" \/><br \/>\n\t\t\t\t<img loading=\"lazy\" decoding=\"async\" src=\"https:\/\/en-gb.twinspiration.wpengine.treatwell.com\/wp-content\/uploads\/sites\/9\/2019\/04\/review-1.png\" alt=\"review 1\" height=\"225\" width=\"345\" title=\"review 1\" \/><br \/>\n\t\t\t\t<img loading=\"lazy\" decoding=\"async\" src=\"https:\/\/en-gb.twinspiration.wpengine.treatwell.com\/wp-content\/uploads\/sites\/9\/2019\/04\/review-1.png\" alt=\"review 1\" height=\"225\" width=\"345\" title=\"review 1\" \/><br \/>\n\t\t\t\t<img loading=\"lazy\" decoding=\"async\" src=\"https:\/\/en-gb.twinspiration.wpengine.treatwell.com\/wp-content\/uploads\/sites\/9\/2019\/04\/review-2.png\" alt=\"review 2\" height=\"222\" width=\"347\" title=\"review 2\" \/><br \/>\n\t\t\t\t<img loading=\"lazy\" decoding=\"async\" src=\"https:\/\/en-gb.twinspiration.wpengine.treatwell.com\/wp-content\/uploads\/sites\/9\/2019\/04\/review-2.png\" alt=\"review 2\" height=\"222\" width=\"347\" title=\"review 2\" \/><\/p>\n<p><strong>Changez d&rsquo;heure<\/strong><\/p>\n<p><strong>en quelques<\/strong><\/p>\n<p><strong>clics,<\/strong><\/p>\n<p>sans avoir \u00e0 parler \u00e0 qui que ce soit<\/p>\n<p>\t\t\t\t<img loading=\"lazy\" decoding=\"async\" src=\"https:\/\/en-gb.twinspiration.wpengine.treatwell.com\/wp-content\/uploads\/sites\/9\/2019\/04\/1-1.png\" alt=\"1\" height=\"390\" width=\"480\" title=\"1\" \/><\/p>\n<p><strong>Ajoutez des<\/strong><\/p>\n<p><strong>adresses beaut\u00e9\u00a0<\/strong><\/p>\n<p><strong>dans\u00a0vos favoris\u00a0<\/strong><\/p>\n<p>Si c&rsquo;est votre coup de coeur, ne le laissez pas filer<\/p>\n<p>\t\t\t\t<img loading=\"lazy\" decoding=\"async\" src=\"https:\/\/en-gb.twinspiration.wpengine.treatwell.com\/wp-content\/uploads\/sites\/9\/2019\/04\/b.png\" alt=\"b\" height=\"390\" width=\"480\" title=\"b\" \/><\/p>\n<p><strong>Cherchez des<\/strong><\/p>\n<p><strong>adresses\u00a0beaut\u00e9\u00a0<\/strong><\/p>\n<p><strong>sur le plan <\/strong><\/p>\n<p>Le meilleur moyen de trouver des p\u00e9pites beaut\u00e9<\/p>\n<p>\t\t\t\t<img loading=\"lazy\" decoding=\"async\" src=\"https:\/\/en-gb.twinspiration.wpengine.treatwell.com\/wp-content\/uploads\/sites\/9\/2019\/04\/c.png\" alt=\"c\" height=\"389\" width=\"480\" title=\"c\" \/><\/p>\n<p><strong>Recevez des rappels\u00a0de <\/strong><\/p>\n<p><strong>Recevez des\u00a0<\/strong><\/p>\n<p><strong>rappels\u00a0de vos<\/strong><\/p>\n<p><strong>rendez-vous<\/strong><\/p>\n<p><strong>vos rendez-vous<\/strong><\/p>\n<p>Vous n&rsquo;aurez plus besoin de regarder<\/p>\n<p>votre agenda<\/p>\n<p>\t\t\t\t<img loading=\"lazy\" decoding=\"async\" src=\"https:\/\/en-gb.twinspiration.wpengine.treatwell.com\/wp-content\/uploads\/sites\/9\/2019\/04\/4-mobile.png\" alt=\"4 mobile\" height=\"391\" width=\"482\" title=\"4 mobile\" \/><br \/>\n\t\t\t\t<img loading=\"lazy\" decoding=\"async\" src=\"https:\/\/en-gb.twinspiration.wpengine.treatwell.com\/wp-content\/uploads\/sites\/9\/2019\/04\/d.png\" alt=\"d\" height=\"298\" width=\"735\" title=\"d\" \/><\/p>\n<p><strong>Modifiez la date et l&rsquo;heure<\/strong><\/p>\n<p><strong>Modifiez la date et<\/strong><\/p>\n<p><strong>l&rsquo;heur en quelques<\/strong><\/p>\n<p><strong>en quelques clics<\/strong><\/p>\n<p><strong>clics<\/strong><\/p>\n<p>Les programmes changent, c&rsquo;est la vie<\/p>\n<p>\t\t\t\t<img loading=\"lazy\" decoding=\"async\" src=\"https:\/\/en-gb.twinspiration.wpengine.treatwell.com\/wp-content\/uploads\/sites\/9\/2019\/04\/5-mobile.png\" alt=\"5 mobile\" height=\"401\" width=\"482\" title=\"5 mobile\" \/><br \/>\n\t\t\t\t<img loading=\"lazy\" decoding=\"async\" src=\"https:\/\/en-gb.twinspiration.wpengine.treatwell.com\/wp-content\/uploads\/sites\/9\/2019\/04\/e.png\" alt=\"e\" height=\"329\" width=\"735\" title=\"e\" \/><\/p>\n<p><strong>Allez-y,<\/strong><\/p>\n<p><strong>Allez-y,<\/strong><\/p>\n<p><strong>t\u00e9l\u00e9chargez<\/strong><\/p>\n<p><strong>l&rsquo;app<\/strong><\/p>\n<p><strong>t\u00e9l\u00e9chargez<\/strong><\/p>\n<p><strong>l&rsquo;app<\/strong><\/p>\n<p>\t\t\t\t<a href=\"https:\/\/treatwell.onelink.me\/32083905?pid=internal-link&amp;c=FreeFieldTest1&amp;af_ad=FR&amp;af_dp=treatwell%3A%2F%2Fwww.treatwell.fr%2F&amp;af_web_dp=%22https%3A%2F%2Fwww.treatwell.fr%2F%3Futm_source%3Dpotatoe&amp;is_retargeting=true\" target=\"_self\"><br \/>\n\t\t\t\t<img loading=\"lazy\" decoding=\"async\" src=\"https:\/\/www.treatwell.fr/inspiration\/wp-content\/uploads\/sites\/4\/2019\/08\/Download_on_the_App_Store_Badge_FR_RGB_blk_100517.png\" alt=\"Download_on_the_App_Store_Badge_FR_RGB_blk_100517\" height=\"167\" width=\"528\" title=\"Download_on_the_App_Store_Badge_FR_RGB_blk_100517\" \/><br \/>\n\t\t\t\t<\/a><br \/>\n\t\t\t\t<a href=\"https:\/\/treatwell.onelink.me\/32083905?pid=internal-link&amp;c=FreeFieldTest1&amp;af_ad=FR&amp;af_dp=treatwell%3A%2F%2Fwww.treatwell.fr%2F&amp;af_web_dp=%22https%3A%2F%2Fwww.treatwell.fr%2F%3Futm_source%3Dpotatoe&amp;is_retargeting=true\" target=\"_self\"><br \/>\n\t\t\t\t<img loading=\"lazy\" decoding=\"async\" src=\"https:\/\/www.treatwell.fr/inspiration\/wp-content\/uploads\/sites\/4\/2019\/08\/FR_google-play-badge.png\" alt=\"FR_google-play-badge\" height=\"168\" width=\"564\" title=\"FR_google-play-badge\" \/><br \/>\n\t\t\t\t<\/a><\/p>\n","protected":false},"excerpt":{"rendered":"<p>Avec l&rsquo;app, c&rsquo;est tellement facile de r\u00e9server, re-r\u00e9server et replanifier Qu&rsquo;est-ce que les gens aiment \u00e0 propos de l&rsquo;app ? Qu&rsquo;est-ce que\u00a0 les gens aiment \u00e0 propos de l&rsquo;app ? Changez d&rsquo;heure en quelques clics, sans avoir \u00e0 parler \u00e0 qui que ce soit Ajoutez des adresses beaut\u00e9\u00a0 dans\u00a0vos favoris\u00a0 Si c&rsquo;est votre coup de&hellip;<\/p>\n","protected":false},"author":10,"featured_media":0,"parent":0,"menu_order":0,"comment_status":"closed","ping_status":"closed","template":"","meta":{"inline_featured_image":false,"footnotes":""},"class_list":["post-9092","page","type-page","status-publish","hentry"],"yoast_head":"<!-- This site is optimized with the Yoast SEO plugin v27.3 - https:\/\/yoast.com\/product\/yoast-seo-wordpress\/ -->\n<title>Showcasing the App SS19 - Treatwell FR<\/title>\n<meta name=\"robots\" content=\"index, follow, max-snippet:-1, max-image-preview:large, max-video-preview:-1\" \/>\n<link rel=\"canonical\" href=\"https:\/\/www.treatwell.fr/inspiration\/showcasing-the-app-ss19\/\" \/>\n<meta property=\"og:locale\" content=\"fr_FR\" \/>\n<meta property=\"og:type\" content=\"article\" \/>\n<meta property=\"og:title\" content=\"Showcasing the App SS19 - Treatwell FR\" \/>\n<meta property=\"og:description\" content=\"Avec l&rsquo;app, c&rsquo;est tellement facile de r\u00e9server, re-r\u00e9server et replanifier Qu&rsquo;est-ce que les gens aiment \u00e0 propos de l&rsquo;app ? Qu&rsquo;est-ce que\u00a0 les gens aiment \u00e0 propos de l&rsquo;app ? Changez d&rsquo;heure en quelques clics, sans avoir \u00e0 parler \u00e0 qui que ce soit Ajoutez des adresses beaut\u00e9\u00a0 dans\u00a0vos favoris\u00a0 Si c&rsquo;est votre coup de&hellip;\" \/>\n<meta property=\"og:url\" content=\"https:\/\/www.treatwell.fr/inspiration\/showcasing-the-app-ss19\/\" \/>\n<meta property=\"og:site_name\" content=\"Treatwell FR\" \/>\n<meta property=\"article:modified_time\" content=\"2020-02-07T15:42:40+00:00\" \/>\n<meta property=\"og:image\" content=\"https:\/\/www.treatwell.fr/inspiration\/wp-content\/uploads\/sites\/4\/2019\/08\/hero-desktop-02.png\" \/>\n<meta name=\"twitter:card\" content=\"summary_large_image\" \/>\n<meta name=\"twitter:label1\" content=\"Dur\u00e9e de lecture estim\u00e9e\" \/>\n\t<meta name=\"twitter:data1\" content=\"1 minute\" \/>\n<script type=\"application\/ld+json\" class=\"yoast-schema-graph\">{\"@context\":\"https:\\\/\\\/schema.org\",\"@graph\":[{\"@type\":\"WebPage\",\"@id\":\"https:\\\/\\\/www.treatwell.fr/inspiration\\\/showcasing-the-app-ss19\\\/\",\"url\":\"https:\\\/\\\/www.treatwell.fr/inspiration\\\/showcasing-the-app-ss19\\\/\",\"name\":\"Showcasing the App SS19 - Treatwell FR\",\"isPartOf\":{\"@id\":\"https:\\\/\\\/www.treatwell.fr/inspiration\\\/#website\"},\"primaryImageOfPage\":{\"@id\":\"https:\\\/\\\/www.treatwell.fr/inspiration\\\/showcasing-the-app-ss19\\\/#primaryimage\"},\"image\":{\"@id\":\"https:\\\/\\\/www.treatwell.fr/inspiration\\\/showcasing-the-app-ss19\\\/#primaryimage\"},\"thumbnailUrl\":\"https:\\\/\\\/www.treatwell.fr/inspiration\\\/wp-content\\\/uploads\\\/sites\\\/4\\\/2019\\\/08\\\/hero-desktop-02.png\",\"datePublished\":\"2016-04-17T12:19:02+00:00\",\"dateModified\":\"2020-02-07T15:42:40+00:00\",\"breadcrumb\":{\"@id\":\"https:\\\/\\\/www.treatwell.fr/inspiration\\\/showcasing-the-app-ss19\\\/#breadcrumb\"},\"inLanguage\":\"fr-FR\",\"potentialAction\":[{\"@type\":\"ReadAction\",\"target\":[\"https:\\\/\\\/www.treatwell.fr/inspiration\\\/showcasing-the-app-ss19\\\/\"]}]},{\"@type\":\"ImageObject\",\"inLanguage\":\"fr-FR\",\"@id\":\"https:\\\/\\\/www.treatwell.fr/inspiration\\\/showcasing-the-app-ss19\\\/#primaryimage\",\"url\":\"https:\\\/\\\/www.treatwell.fr/inspiration\\\/wp-content\\\/uploads\\\/sites\\\/4\\\/2019\\\/08\\\/hero-desktop-02.png\",\"contentUrl\":\"https:\\\/\\\/www.treatwell.fr/inspiration\\\/wp-content\\\/uploads\\\/sites\\\/4\\\/2019\\\/08\\\/hero-desktop-02.png\",\"width\":1999,\"height\":502},{\"@type\":\"BreadcrumbList\",\"@id\":\"https:\\\/\\\/www.treatwell.fr/inspiration\\\/showcasing-the-app-ss19\\\/#breadcrumb\",\"itemListElement\":[{\"@type\":\"ListItem\",\"position\":1,\"name\":\"Home\",\"item\":\"https:\\\/\\\/www.treatwell.fr/inspiration\\\/\"},{\"@type\":\"ListItem\",\"position\":2,\"name\":\"Showcasing the App SS19\"}]},{\"@type\":\"WebSite\",\"@id\":\"https:\\\/\\\/www.treatwell.fr/inspiration\\\/#website\",\"url\":\"https:\\\/\\\/www.treatwell.fr/inspiration\\\/\",\"name\":\"Treatwell FR\",\"description\":\"\",\"potentialAction\":[{\"@type\":\"SearchAction\",\"target\":{\"@type\":\"EntryPoint\",\"urlTemplate\":\"https:\\\/\\\/www.treatwell.fr/inspiration\\\/?s={search_term_string}\"},\"query-input\":{\"@type\":\"PropertyValueSpecification\",\"valueRequired\":true,\"valueName\":\"search_term_string\"}}],\"inLanguage\":\"fr-FR\"}]}<\/script>\n<!-- \/ Yoast SEO plugin. -->","yoast_head_json":{"title":"Showcasing the App SS19 - Treatwell FR","robots":{"index":"index","follow":"follow","max-snippet":"max-snippet:-1","max-image-preview":"max-image-preview:large","max-video-preview":"max-video-preview:-1"},"canonical":"https:\/\/www.treatwell.fr/inspiration\/showcasing-the-app-ss19\/","og_locale":"fr_FR","og_type":"article","og_title":"Showcasing the App SS19 - Treatwell FR","og_description":"Avec l&rsquo;app, c&rsquo;est tellement facile de r\u00e9server, re-r\u00e9server et replanifier Qu&rsquo;est-ce que les gens aiment \u00e0 propos de l&rsquo;app ? Qu&rsquo;est-ce que\u00a0 les gens aiment \u00e0 propos de l&rsquo;app ? Changez d&rsquo;heure en quelques clics, sans avoir \u00e0 parler \u00e0 qui que ce soit Ajoutez des adresses beaut\u00e9\u00a0 dans\u00a0vos favoris\u00a0 Si c&rsquo;est votre coup de&hellip;","og_url":"https:\/\/www.treatwell.fr/inspiration\/showcasing-the-app-ss19\/","og_site_name":"Treatwell FR","article_modified_time":"2020-02-07T15:42:40+00:00","og_image":[{"url":"https:\/\/www.treatwell.fr/inspiration\/wp-content\/uploads\/sites\/4\/2019\/08\/hero-desktop-02.png","type":"","width":"","height":""}],"twitter_card":"summary_large_image","twitter_misc":{"Dur\u00e9e de lecture estim\u00e9e":"1 minute"},"schema":{"@context":"https:\/\/schema.org","@graph":[{"@type":"WebPage","@id":"https:\/\/www.treatwell.fr/inspiration\/showcasing-the-app-ss19\/","url":"https:\/\/www.treatwell.fr/inspiration\/showcasing-the-app-ss19\/","name":"Showcasing the App SS19 - Treatwell FR","isPartOf":{"@id":"https:\/\/www.treatwell.fr/inspiration\/#website"},"primaryImageOfPage":{"@id":"https:\/\/www.treatwell.fr/inspiration\/showcasing-the-app-ss19\/#primaryimage"},"image":{"@id":"https:\/\/www.treatwell.fr/inspiration\/showcasing-the-app-ss19\/#primaryimage"},"thumbnailUrl":"https:\/\/www.treatwell.fr/inspiration\/wp-content\/uploads\/sites\/4\/2019\/08\/hero-desktop-02.png","datePublished":"2016-04-17T12:19:02+00:00","dateModified":"2020-02-07T15:42:40+00:00","breadcrumb":{"@id":"https:\/\/www.treatwell.fr/inspiration\/showcasing-the-app-ss19\/#breadcrumb"},"inLanguage":"fr-FR","potentialAction":[{"@type":"ReadAction","target":["https:\/\/www.treatwell.fr/inspiration\/showcasing-the-app-ss19\/"]}]},{"@type":"ImageObject","inLanguage":"fr-FR","@id":"https:\/\/www.treatwell.fr/inspiration\/showcasing-the-app-ss19\/#primaryimage","url":"https:\/\/www.treatwell.fr/inspiration\/wp-content\/uploads\/sites\/4\/2019\/08\/hero-desktop-02.png","contentUrl":"https:\/\/www.treatwell.fr/inspiration\/wp-content\/uploads\/sites\/4\/2019\/08\/hero-desktop-02.png","width":1999,"height":502},{"@type":"BreadcrumbList","@id":"https:\/\/www.treatwell.fr/inspiration\/showcasing-the-app-ss19\/#breadcrumb","itemListElement":[{"@type":"ListItem","position":1,"name":"Home","item":"https:\/\/www.treatwell.fr/inspiration\/"},{"@type":"ListItem","position":2,"name":"Showcasing the App SS19"}]},{"@type":"WebSite","@id":"https:\/\/www.treatwell.fr/inspiration\/#website","url":"https:\/\/www.treatwell.fr/inspiration\/","name":"Treatwell FR","description":"","potentialAction":[{"@type":"SearchAction","target":{"@type":"EntryPoint","urlTemplate":"https:\/\/www.treatwell.fr/inspiration\/?s={search_term_string}"},"query-input":{"@type":"PropertyValueSpecification","valueRequired":true,"valueName":"search_term_string"}}],"inLanguage":"fr-FR"}]}},"_links":{"self":[{"href":"https:\/\/www.treatwell.fr\/inspiration\/wp-json\/wp\/v2\/pages\/9092","targetHints":{"allow":["GET"]}}],"collection":[{"href":"https:\/\/www.treatwell.fr\/inspiration\/wp-json\/wp\/v2\/pages"}],"about":[{"href":"https:\/\/www.treatwell.fr\/inspiration\/wp-json\/wp\/v2\/types\/page"}],"author":[{"embeddable":true,"href":"https:\/\/www.treatwell.fr\/inspiration\/wp-json\/wp\/v2\/users\/10"}],"replies":[{"embeddable":true,"href":"https:\/\/www.treatwell.fr\/inspiration\/wp-json\/wp\/v2\/comments?post=9092"}],"version-history":[{"count":0,"href":"https:\/\/www.treatwell.fr\/inspiration\/wp-json\/wp\/v2\/pages\/9092\/revisions"}],"wp:attachment":[{"href":"https:\/\/www.treatwell.fr\/inspiration\/wp-json\/wp\/v2\/media?parent=9092"}],"curies":[{"name":"wp","href":"https:\/\/api.w.org\/{rel}","templated":true}]}}