{"id":9101,"date":"2019-06-25T13:29:50","date_gmt":"2019-06-25T13:29:50","guid":{"rendered":"https:\/\/www.treatwell.fr\/inspiration\/?page_id=9101"},"modified":"2021-07-08T12:17:32","modified_gmt":"2021-07-08T12:17:32","slug":"offres-exclusives","status":"publish","type":"page","link":"https:\/\/www.treatwell.fr/inspiration\/offres-exclusives\/","title":{"rendered":"FR OFFRES EXCLUSIVES"},"content":{"rendered":"<p>&nbsp;<\/p>\n<p>&nbsp;<\/p>\n<p>&nbsp;<\/p>\n<p>&nbsp;<\/p>\n<p>&nbsp;<\/p>\n<p>D\u00e9couvrez de nouveaux salons<br \/>\net soins \u00e0 -15%<br \/>\navec le code NOUVEAU15<\/p>\n<p>C&rsquo;est l&rsquo;occasion de d\u00e9couvrir cette nouvelle adresse au coin de votre rue ou ce nouveau soin qui vous fait de l&rsquo;\u0153il depuis plusieurs semaines !<\/p>\n<p>Profitez de 15% de r\u00e9duction sur les prestations propos\u00e9es par ces belles adresses avec le code NOUVEAU15*.<\/p>\n<p>\t\t\t<a href=\"https:\/\/www.treatwell.fr\/salons\/etiquette-offres-exclusives\/\" target=\"_self\" role=\"button\"><br \/>\n\t\t\t\t\t\t\tD\u00e9couvrir les nouveaut\u00e9s<br \/>\n\t\t\t\t\t<\/a><\/p>\n<p>*Ce code de r\u00e9duction est valable depuis l&rsquo;App et le site Treatwell sur toutes les r\u00e9servations jusqu&rsquo;\u00e0 70\u20ac jusqu&rsquo;au 31 d\u00e9cembre 2021. Ce code n&rsquo;est valable qu&rsquo;une fois par personne.<\/p>\n","protected":false},"excerpt":{"rendered":"<p>&nbsp; &nbsp; &nbsp; &nbsp; &nbsp; D\u00e9couvrez de nouveaux salons et soins \u00e0 -15% avec le code NOUVEAU15 C&rsquo;est l&rsquo;occasion de d\u00e9couvrir cette nouvelle adresse au coin de votre rue ou ce nouveau soin qui vous fait de l&rsquo;\u0153il depuis plusieurs semaines ! Profitez de 15% de r\u00e9duction sur les prestations propos\u00e9es par ces belles adresses&hellip;<\/p>\n","protected":false},"author":1,"featured_media":0,"parent":0,"menu_order":0,"comment_status":"closed","ping_status":"closed","template":"","meta":{"inline_featured_image":false,"footnotes":""},"class_list":["post-9101","page","type-page","status-publish","hentry"],"yoast_head":"<!-- This site is optimized with the Yoast SEO plugin v27.3 - https:\/\/yoast.com\/product\/yoast-seo-wordpress\/ -->\n<title>Offres exclusives | D\u00e9couvrez de nouveaux salons et soins<\/title>\n<meta name=\"description\" content=\"C&#039;est l&#039;occasion de d\u00e9couvrir de nouveaux salons et soins, profitez nos offres exclusives : 15% de r\u00e9duction sur les prestations de ces belles adresses.\" \/>\n<meta name=\"robots\" content=\"index, follow, max-snippet:-1, max-image-preview:large, max-video-preview:-1\" \/>\n<link rel=\"canonical\" href=\"https:\/\/www.treatwell.fr/inspiration\/offres-exclusives\/\" \/>\n<meta property=\"og:locale\" content=\"fr_FR\" \/>\n<meta property=\"og:type\" content=\"article\" \/>\n<meta property=\"og:title\" content=\"New Salon Discount | Discover new hair and beauty salons near you\" \/>\n<meta property=\"og:description\" content=\"Join the welcome party! Check out the expert boutiques that have joined our ranks of feel-good beauty givers and get 15% off as a welcome party treat!\" \/>\n<meta property=\"og:url\" content=\"https:\/\/www.treatwell.fr/inspiration\/offres-exclusives\/\" \/>\n<meta property=\"og:site_name\" content=\"Treatwell FR\" \/>\n<meta property=\"article:modified_time\" content=\"2021-07-08T12:17:32+00:00\" \/>\n<meta name=\"twitter:card\" content=\"summary_large_image\" \/>\n<meta name=\"twitter:title\" content=\"New Salon Discount | Discover new hair and beauty salons near you\" \/>\n<meta name=\"twitter:description\" content=\"Join the welcome party! Check out the expert boutiques that have joined our ranks of feel-good beauty givers and get 15% off as a welcome party treat!\" \/>\n<script type=\"application\/ld+json\" class=\"yoast-schema-graph\">{\"@context\":\"https:\\\/\\\/schema.org\",\"@graph\":[{\"@type\":\"WebPage\",\"@id\":\"https:\\\/\\\/www.treatwell.fr/inspiration\\\/offres-exclusives\\\/\",\"url\":\"https:\\\/\\\/www.treatwell.fr/inspiration\\\/offres-exclusives\\\/\",\"name\":\"Offres exclusives | D\u00e9couvrez de nouveaux salons et soins\",\"isPartOf\":{\"@id\":\"https:\\\/\\\/www.treatwell.fr/inspiration\\\/#website\"},\"datePublished\":\"2019-06-25T13:29:50+00:00\",\"dateModified\":\"2021-07-08T12:17:32+00:00\",\"description\":\"C'est l'occasion de d\u00e9couvrir de nouveaux salons et soins, profitez nos offres exclusives : 15% de r\u00e9duction sur les prestations de ces belles adresses.\",\"breadcrumb\":{\"@id\":\"https:\\\/\\\/www.treatwell.fr/inspiration\\\/offres-exclusives\\\/#breadcrumb\"},\"inLanguage\":\"fr-FR\",\"potentialAction\":[{\"@type\":\"ReadAction\",\"target\":[\"https:\\\/\\\/www.treatwell.fr/inspiration\\\/offres-exclusives\\\/\"]}]},{\"@type\":\"BreadcrumbList\",\"@id\":\"https:\\\/\\\/www.treatwell.fr/inspiration\\\/offres-exclusives\\\/#breadcrumb\",\"itemListElement\":[{\"@type\":\"ListItem\",\"position\":1,\"name\":\"Home\",\"item\":\"https:\\\/\\\/www.treatwell.fr/inspiration\\\/\"},{\"@type\":\"ListItem\",\"position\":2,\"name\":\"FR OFFRES EXCLUSIVES\"}]},{\"@type\":\"WebSite\",\"@id\":\"https:\\\/\\\/www.treatwell.fr/inspiration\\\/#website\",\"url\":\"https:\\\/\\\/www.treatwell.fr/inspiration\\\/\",\"name\":\"Treatwell FR\",\"description\":\"\",\"potentialAction\":[{\"@type\":\"SearchAction\",\"target\":{\"@type\":\"EntryPoint\",\"urlTemplate\":\"https:\\\/\\\/www.treatwell.fr/inspiration\\\/?s={search_term_string}\"},\"query-input\":{\"@type\":\"PropertyValueSpecification\",\"valueRequired\":true,\"valueName\":\"search_term_string\"}}],\"inLanguage\":\"fr-FR\"}]}<\/script>\n<!-- \/ Yoast SEO plugin. -->","yoast_head_json":{"title":"Offres exclusives | D\u00e9couvrez de nouveaux salons et soins","description":"C'est l'occasion de d\u00e9couvrir de nouveaux salons et soins, profitez nos offres exclusives : 15% de r\u00e9duction sur les prestations de ces belles adresses.","robots":{"index":"index","follow":"follow","max-snippet":"max-snippet:-1","max-image-preview":"max-image-preview:large","max-video-preview":"max-video-preview:-1"},"canonical":"https:\/\/www.treatwell.fr/inspiration\/offres-exclusives\/","og_locale":"fr_FR","og_type":"article","og_title":"New Salon Discount | Discover new hair and beauty salons near you","og_description":"Join the welcome party! Check out the expert boutiques that have joined our ranks of feel-good beauty givers and get 15% off as a welcome party treat!","og_url":"https:\/\/www.treatwell.fr/inspiration\/offres-exclusives\/","og_site_name":"Treatwell FR","article_modified_time":"2021-07-08T12:17:32+00:00","twitter_card":"summary_large_image","twitter_title":"New Salon Discount | Discover new hair and beauty salons near you","twitter_description":"Join the welcome party! Check out the expert boutiques that have joined our ranks of feel-good beauty givers and get 15% off as a welcome party treat!","schema":{"@context":"https:\/\/schema.org","@graph":[{"@type":"WebPage","@id":"https:\/\/www.treatwell.fr/inspiration\/offres-exclusives\/","url":"https:\/\/www.treatwell.fr/inspiration\/offres-exclusives\/","name":"Offres exclusives | D\u00e9couvrez de nouveaux salons et soins","isPartOf":{"@id":"https:\/\/www.treatwell.fr/inspiration\/#website"},"datePublished":"2019-06-25T13:29:50+00:00","dateModified":"2021-07-08T12:17:32+00:00","description":"C'est l'occasion de d\u00e9couvrir de nouveaux salons et soins, profitez nos offres exclusives : 15% de r\u00e9duction sur les prestations de ces belles adresses.","breadcrumb":{"@id":"https:\/\/www.treatwell.fr/inspiration\/offres-exclusives\/#breadcrumb"},"inLanguage":"fr-FR","potentialAction":[{"@type":"ReadAction","target":["https:\/\/www.treatwell.fr/inspiration\/offres-exclusives\/"]}]},{"@type":"BreadcrumbList","@id":"https:\/\/www.treatwell.fr/inspiration\/offres-exclusives\/#breadcrumb","itemListElement":[{"@type":"ListItem","position":1,"name":"Home","item":"https:\/\/www.treatwell.fr/inspiration\/"},{"@type":"ListItem","position":2,"name":"FR OFFRES EXCLUSIVES"}]},{"@type":"WebSite","@id":"https:\/\/www.treatwell.fr/inspiration\/#website","url":"https:\/\/www.treatwell.fr/inspiration\/","name":"Treatwell FR","description":"","potentialAction":[{"@type":"SearchAction","target":{"@type":"EntryPoint","urlTemplate":"https:\/\/www.treatwell.fr/inspiration\/?s={search_term_string}"},"query-input":{"@type":"PropertyValueSpecification","valueRequired":true,"valueName":"search_term_string"}}],"inLanguage":"fr-FR"}]}},"_links":{"self":[{"href":"https:\/\/www.treatwell.fr\/inspiration\/wp-json\/wp\/v2\/pages\/9101","targetHints":{"allow":["GET"]}}],"collection":[{"href":"https:\/\/www.treatwell.fr\/inspiration\/wp-json\/wp\/v2\/pages"}],"about":[{"href":"https:\/\/www.treatwell.fr\/inspiration\/wp-json\/wp\/v2\/types\/page"}],"author":[{"embeddable":true,"href":"https:\/\/www.treatwell.fr\/inspiration\/wp-json\/wp\/v2\/users\/1"}],"replies":[{"embeddable":true,"href":"https:\/\/www.treatwell.fr\/inspiration\/wp-json\/wp\/v2\/comments?post=9101"}],"version-history":[{"count":0,"href":"https:\/\/www.treatwell.fr\/inspiration\/wp-json\/wp\/v2\/pages\/9101\/revisions"}],"wp:attachment":[{"href":"https:\/\/www.treatwell.fr\/inspiration\/wp-json\/wp\/v2\/media?parent=9101"}],"curies":[{"name":"wp","href":"https:\/\/api.w.org\/{rel}","templated":true}]}}