{"id":5561,"date":"2022-06-27T15:58:23","date_gmt":"2022-06-27T15:58:23","guid":{"rendered":"https:\/\/www.treatwell.fr/partenaires\/?page_id=5561"},"modified":"2025-11-18T10:30:01","modified_gmt":"2025-11-18T10:30:01","slug":"programme-de-parrainage-treatwell-pro-termes-et-conditions","status":"publish","type":"page","link":"https:\/\/www.treatwell.fr/partenaires\/recommander-un-salon-partner\/programme-de-parrainage-treatwell-pro-termes-et-conditions\/","title":{"rendered":"Programme de parrainage Treatwell PRO &#8211; Termes et Conditions"},"content":{"rendered":"\n<section  class=\"pt-[calc(var(--top-header)+var(--site-header-h-mobile)+40px)] lg:pt-[calc(var(--top-header)+var(--site-header-h-desktop)+48px)] bg-ethereal-white pb-10 lg:pb-12 xl:pb-16\">\n    <div class=\"container\">\n                    <h1 class=\"text-h2 md:text-5xl lg:text-6xl leading-none tracking-tighter font-bold text-center max-w-3xl mx-auto\">\n                Programme de parrainage du logiciel Treatwell &#8211; Conditions g\u00e9n\u00e9rales d&#8217;utilisation Derni\u00e8re mise \u00e0 jour            <\/h1>\n        \n                    <h2 class=\"text-base md:text-xl lg:text-2xl leading-tight text-center md:max-w-xl xl:max-w-3xl mx-auto mt-6 lg:mt-4\">\n                Septembre 2025            <\/h2>\n            <\/div>\n<\/section>\n\n\n    <section  class=\"\">\n        <div class=\"container\">\n            <article class=\"single-post-container\">\n                <div class=\"entry-content\">\n                    <p>Veuillez lire attentivement les pr\u00e9sentes conditions g\u00e9n\u00e9rales avant de participer au programme de parrainage de Treatwell (ci-apr\u00e8s d\u00e9sign\u00e9 le \u00ab programme \u00bb), car elles vous sont applicables. Si vous n&#8217;acceptez pas ces conditions, vous ne devez pas participer au programme. Veuillez noter que nos Conditions et Politiques, telles qu&#8217;\u00e9nonc\u00e9es dans la section \u00ab Mentions l\u00e9gales \u00bb de notre site web, continueront de s&#8217;appliquer \u00e0 votre utilisation de notre site internet et du logiciel de gestion Treatwell. Le programme est promu et g\u00e9r\u00e9 par :<\/p>\n<ul>\n<li>En Grande-Bretagne \u2013 Treatwell Limited: First Floor, 6 St Andrew St, City of London, Londres EC4A 3AE, Grande-Bretagne<\/li>\n<li>En Irlande \u2013 Treatwell IE, branch of Treatwell Limited: First Floor, 6 St Andrew St, City of London, Londres EC4A 3AE, Grande-Bretagne<\/li>\n<li>En Lituanie \u2013 Treatwell LT UAB: J. Basanavi\u010diaus g. 15, 03108 Vilnius<\/li>\n<li>En Espagne \u2013 Treatwell Spain s.l.: Calle de Magallanes 3, Planta 10, 28015, Madrid, Espagne<\/li>\n<li>En Italie \u2013 Treatwell IT s.r.l.: Via Carlo Farini 41, 20159 Milan, Italie<\/li>\n<li>En France \u2013 Treatwell FR: 33 rue du Louvre, 75002 Paris, France<\/li>\n<li>Aux Pays-Bas et en Belgique \u2013 Treatwell BNL B.V.: Vijzelstraat 79, 1017 HG Amsterdam, Pays-Bas<\/li>\n<li>En Allemagne \u2013 Treatwell DACH GmbH: Greifswalder Str. 212, 10405 Berlin, Allemagne<\/li>\n<li>En Suisse \u2013 Treatwell DACH GmbH, Zweigniederlassung Z\u00fcrich: Haggenholzstrasse 83b, 8050 Z\u00fcrich, Suisse<\/li>\n<li>En Autriche \u2013 Treatwell DACH GmbH, Zweigniederlassung Wien: Karl-Popper-Strasse 22, 1100 Vienna, Autriche<\/li>\n<li>Au Portugal \u2013 Treatwell PT, Unipessoal, Lda: Av. Defensores de Chaves n\u00ba4, 1000-117 Lisboa, Portugal<br \/>\n(\u201cTreatwell\u201d).<\/li>\n<\/ul>\n<h2>\u00c9LIGIBILIT\u00c9, SOUMISSION ET RESTRICTIONS<\/h2>\n<p>Le programme est ouvert aux utilisateurs \u00e9ligibles du logiciel de salon int\u00e9gr\u00e9 Treatwell (\u00ab R\u00e9f\u00e9rent \u00bb) qui \u00ab recommandent un ami \u00bb pour souscrire \u00e0 un abonnement au logiciel Treatwell, sous r\u00e9serve des conditions et restrictions suivantes :<br \/>\nAux fins des pr\u00e9sentes conditions g\u00e9n\u00e9rales, le terme \u00ab Logiciel Treatwell \u00bb d\u00e9signe Treatwell Pro ou Treatwell Connect, en fonction du logiciel auquel le partenaire Treatwell parrain\u00e9 (\u00ab R\u00e9f\u00e9r\u00e9 \u00bb) s&#8217;est inscrit.<\/p>\n<ul>\n<li>Les R\u00e9f\u00e9rents doivent \u00eatre des partenaires Treatwell existants avec un abonnement actif.<\/li>\n<li>Les R\u00e9f\u00e9rents ne seront pas \u00e9ligibles si :\n<ul>\n<li>l&#8217;abonnement n&#8217;est plus en vigueur pour quelque raison que ce soit ; ou<\/li>\n<li>le R\u00e9f\u00e9rent a donn\u00e9 un avis de r\u00e9siliation de son abonnement ; ou<\/li>\n<li>le R\u00e9f\u00e9rent enfreint l&#8217;une des conditions de son contrat.<\/li>\n<\/ul>\n<\/li>\n<li>Seul le propri\u00e9taire du compte Treatwell (TW Pro &amp; TW Connect) peut \u00eatre un R\u00e9f\u00e9rent (ou bien vous \u00eates un employ\u00e9 d\u2019un partenaire et avez l&#8217;autorisation du propri\u00e9taire pour effectuer la recommandation).<\/li>\n<li>Les R\u00e9f\u00e9rents doivent fournir toutes les informations demand\u00e9es concernant le R\u00e9f\u00e9r\u00e9 via le formulaire de soumission en ligne pour \u00eatre \u00e9ligibles (\u00ab Recommandation \u00bb). Toute inscription effectu\u00e9e en dehors du formulaire de soumission en ligne ne sera pas incluse.<\/li>\n<li>Les R\u00e9f\u00e9rents et les R\u00e9f\u00e9r\u00e9s doivent \u00eatre r\u00e9sidents d\u2019un pays o\u00f9 Treatwell op\u00e8re actuellement au moment de la recommandation.<\/li>\n<li>Toute personne r\u00e9f\u00e9r\u00e9e dont Treatwell s&#8217;occupe d\u00e9j\u00e0 activement n&#8217;est pas admissible dans ce programme de parrainage.<\/li>\n<li>Les Recommandations effectu\u00e9es par les R\u00e9f\u00e9rents pour des R\u00e9f\u00e9r\u00e9s dans lesquels le R\u00e9f\u00e9rent d\u00e9tient un int\u00e9r\u00eat l\u00e9gal ou b\u00e9n\u00e9fique (directement ou indirectement) ne seront pas \u00e9ligibles.<\/li>\n<li>Aucun R\u00e9f\u00e9r\u00e9 ne doit :\n<ul>\n<li>(i) avoir \u00e9t\u00e9 auparavant un partenaire ayant \u00e9t\u00e9 r\u00e9sili\u00e9 par Treatwell pour violation des Conditions G\u00e9n\u00e9rales du Partenaire ; ou<\/li>\n<li>(ii) \u00eatre autrement jug\u00e9 in\u00e9ligible par Treatwell \u00e0 sa seule discr\u00e9tion.<\/li>\n<\/ul>\n<\/li>\n<li>Si de nombreuses recommandations sont faites pour le m\u00eame R\u00e9f\u00e9r\u00e9, seul un R\u00e9f\u00e9rent sera \u00e9ligible pour cette recommandation, et cela sera d\u00e9cid\u00e9 \u00e0 la seule discr\u00e9tion de Treatwell.<\/li>\n<li>Les R\u00e9f\u00e9rents et les R\u00e9f\u00e9r\u00e9s (le cas \u00e9ch\u00e9ant) doivent \u00eatre \u00e2g\u00e9s de 18 ans ou plus.<\/li>\n<li>Le programme est actif \u00e0 compter de la date de sa communication \u00e0 un R\u00e9f\u00e9rent potentiel.<\/li>\n<li>Le programme exclut les employ\u00e9s, les sous-traitants ou les travailleurs de Treatwell ou de toute soci\u00e9t\u00e9 du groupe, ainsi que leurs familles imm\u00e9diates, et toute personne ayant un lien professionnel avec le programme.<\/li>\n<li>Le R\u00e9f\u00e9rent ou le R\u00e9f\u00e9r\u00e9 peut \u00eatre amen\u00e9 \u00e0 fournir une pi\u00e8ce d&#8217;identit\u00e9.<\/li>\n<li>Les soumissions provenant de groupes commerciaux, de groupes de consommateurs, de tiers, d&#8217;agents ou de soumissions g\u00e9n\u00e9r\u00e9es automatiquement par un ordinateur ne seront pas accept\u00e9es.<\/li>\n<li>Treatwell se r\u00e9serve le droit de retirer le programme (ou de modifier ces conditions g\u00e9n\u00e9rales) \u00e0 tout moment et pour toute raison. Toute recommandation effectu\u00e9e apr\u00e8s le retrait du programme ne sera pas valide.<\/li>\n<\/ul>\n<h2>\nLE BON D&#8217;ACHAT :<\/h2>\n<ul>\n<li>Le R\u00e9f\u00e9rent sera \u00e9ligible pour recevoir un bon d&#8217;achat Amazon eGift (le \u00ab Bon \u00bb).<\/li>\n<li>Le R\u00e9f\u00e9rent ne deviendra \u00e9ligible \u00e0 un Bon qu&#8217;une fois que le R\u00e9f\u00e9r\u00e9 aura sign\u00e9 un contrat pour un engagement annuel envers le logiciel Treatwell (\u00ab Recommandation Compl\u00e9t\u00e9e \u00bb).<\/li>\n<li>La Recommandation compl\u00e9t\u00e9e doit avoir lieu dans les 60 jours suivant la recommandation.<\/li>\n<li>Le R\u00e9f\u00e9rent sera \u00e9ligible pour recevoir 1 (un) bon Amazon pour chaque Recommandation compl\u00e9t\u00e9e.<\/li>\n<li>La valeur du Bon d\u2019achat fourni sera calcul\u00e9e conform\u00e9ment au tableau ci-dessous en fonction de la localisation du compte Treatwell du R\u00e9f\u00e9rent et du nombre de salari\u00e9s d\u00e9clar\u00e9s pour le compte Treatwell du R\u00e9f\u00e9r\u00e9 :\n<ul>\n<li><strong>Nombre de salari\u00e9s : 0-2<\/strong> | Valeur du Bon 50\u20ac<\/li>\n<li><strong>Nombre de salari\u00e9s : 3-5<\/strong> | Valeur du Bon 100\u20ac<\/li>\n<li><strong>Nombre de salari\u00e9s : 6+<\/strong> | Valeur du Bon 300\u20ac<\/li>\n<\/ul>\n<\/li>\n<li>Le Bon sera valable sur la plateforme Amazon o\u00f9 le R\u00e9f\u00e9rent est r\u00e9sident. Le Bon sera dans la devise utilis\u00e9e par le pays dans lequel le R\u00e9f\u00e9rent est r\u00e9sident (\u00a3GBP ou \u20acEUR).<\/li>\n<li>L&#8217;utilisation du Bon est soumise aux Conditions G\u00e9n\u00e9rales d&#8217;Amazon. Il incombe au R\u00e9f\u00e9rent de se conformer \u00e0 ces conditions.<\/li>\n<li>Le Bon ne peut pas \u00eatre cumul\u00e9 avec une autre offre ou un autre programme.<\/li>\n<li>Aucune alternative en esp\u00e8ces n&#8217;est disponible.<\/li>\n<li>L&#8217;\u00e9change du Bon est soumis \u00e0 la disponibilit\u00e9.<\/li>\n<li>Treatwell se r\u00e9serve le droit de remplacer le Bon par un autre de la m\u00eame valeur.<\/li>\n<li>La soci\u00e9t\u00e9 Treatwell se r\u00e9serve le droit de refuser de fournir un Bon si elle croit raisonnablement qu&#8217;il y a eu une violation de ces Conditions G\u00e9n\u00e9rales ou toute activit\u00e9 ill\u00e9gale li\u00e9e au programme.<\/li>\n<\/ul>\n<h2>LIVRAISON<\/h2>\n<ul>\n<li>Le R\u00e9f\u00e9rent recevra automatiquement le(s) Bon(s) par e-mail dans les 60 jours suivant une Recommandation Compl\u00e9t\u00e9e. Si l&#8217;abonnement du R\u00e9f\u00e9rent est annul\u00e9 pendant cette p\u00e9riode de 60 jours, l&#8217;\u00e9ligibilit\u00e9 du R\u00e9f\u00e9rent \u00e0 recevoir le(s) Bon(s) sera annul\u00e9e.<\/li>\n<li>Le Bon sera envoy\u00e9 uniquement \u00e0 l&#8217;adresse e-mail du propri\u00e9taire associ\u00e9e au compte du R\u00e9f\u00e9rent. Les R\u00e9f\u00e9rents sont responsables de s&#8217;assurer que leur adresse e-mail dans leur logiciel de gestion Treatwell est \u00e0 jour. Treatwell ne sera pas tenu responsable de l&#8217;absence de livraison si l&#8217;adresse e-mail est incorrecte.<\/li>\n<li>Treatwell ne sera pas responsable de l&#8217;absence de livraison des Bon(s), des retards ou des d\u00e9fauts de livraison pour quelque raison que ce soit, ou de la perte du Bon.<\/li>\n<li>Treatwell ne sera pas tenu responsable de tout dommage, perte ou pr\u00e9judice r\u00e9sultant des achats effectu\u00e9s en utilisant le Bon.<\/li>\n<\/ul>\n<h2>PROTECTION DES DONN\u00c9ES<\/h2>\n<p>Si vous choisissez de participer au programme, Treatwell vous demandera de soumettre votre : nom complet, adresse email, num\u00e9ro de t\u00e9l\u00e9phone et adresse postale.<\/p>\n<p>En participant au programme et en fournissant les informations personnelles ci-dessus, vous acceptez de recevoir des communications concernant le programme et votre\/vos Bon(s) de la part de Treatwell et\/ou Amazon. Treatwell pourra \u00eatre amen\u00e9e \u00e0 partager vos informations personnelles avec Amazon afin que vos Bon(s) soient \u00e9chang\u00e9s par vous ou envoy\u00e9s directement par Amazon.<\/p>\n<p>Vous devrez \u00e9galement soumettre les informations du R\u00e9f\u00e9r\u00e9 : nom complet, adresse email, num\u00e9ro de t\u00e9l\u00e9phone et adresse postale.<br \/>\nVous devez vous assurer d&#8217;avoir obtenu le consentement du R\u00e9f\u00e9r\u00e9 pour fournir ces informations \u00e0 Treatwell et informer le R\u00e9f\u00e9r\u00e9 de ces Conditions G\u00e9n\u00e9rales. Vous serez responsable aupr\u00e8s de Treatwell de toute perte subie en cas de non-respect de ces exigences.<\/p>\n<p>Les informations personnelles seront collect\u00e9es, trait\u00e9es et utilis\u00e9es par Treatwell en tant que responsable du traitement des donn\u00e9es conform\u00e9ment \u00e0 la Politique de Confidentialit\u00e9 et Cookies de Treatwell, que vous pouvez consulter ici : <a href=\"https:\/\/www.treatwell.fr\/\" target=\"_blank\" rel=\"noopener\">https:\/\/www.treatwell.fr\/<\/a> en s\u00e9lectionnant la juridiction pertinente en bas \u00e0 droite.<\/p>\n<p>Tous les R\u00e9f\u00e9rents et R\u00e9f\u00e9r\u00e9s ont le droit d&#8217;acc\u00e9der, de modifier, de rectifier et de supprimer les donn\u00e9es les concernant. Le R\u00e9f\u00e9rent ou le R\u00e9f\u00e9r\u00e9 peut exercer ce droit en \u00e9crivant \u00e0 l&#8217;adresse e-mail indiqu\u00e9e en haut de ces Conditions G\u00e9n\u00e9rales.<\/p>\n<h2>LIMITATION DE RESPONSABILIT\u00c9<\/h2>\n<p>Treatwell ne peut \u00eatre tenue responsable de la non-r\u00e9ception des recommandations en raison de probl\u00e8mes techniques ou de difficult\u00e9s r\u00e9seau. La preuve de soumission ne constitue pas une preuve de livraison. En participant au programme, vous acceptez de participer \u00e0 vos risques et p\u00e9rils. \u00c0 l&#8217;exception de la responsabilit\u00e9 de Treatwell pour les blessures corporelles ou le d\u00e9c\u00e8s caus\u00e9s par sa n\u00e9gligence ou pour une fausse d\u00e9claration frauduleuse, ou toute autre responsabilit\u00e9 qui ne peut, selon la loi, \u00eatre limit\u00e9e ou exclue, Treatwell n&#8217;accepte aucune responsabilit\u00e9 relative \u00e0 la participation d&#8217;un individu (ou son incapacit\u00e9 \u00e0 participer) au programme, dans la mesure maximale autoris\u00e9e par la loi, y compris les dommages directs, indirects, accessoires, cons\u00e9cutifs, ou tout autre type de dommages li\u00e9s au programme ou \u00e0 votre participation.<\/p>\n<h2>DIVISIBILIT\u00c9<\/h2>\n<p>Si une partie de ces Conditions G\u00e9n\u00e9rales est jug\u00e9e inapplicable au regard de la loi, toutes les autres parties de ces Conditions G\u00e9n\u00e9rales resteront inchang\u00e9es et en vigueur.<\/p>\n<h2>LOI APPLICABLE<\/h2>\n<p>Le programme et ces Conditions G\u00e9n\u00e9rales seront r\u00e9gis et interpr\u00e9t\u00e9s conform\u00e9ment aux lois du pays de la soci\u00e9t\u00e9 Treatwell concern\u00e9e. Vous et nous convenons que les tribunaux de ce pays auront une comp\u00e9tence non exclusive sur toute r\u00e9clamation ou dispute d\u00e9coulant de, ou li\u00e9e au programme ou \u00e0 ces Conditions G\u00e9n\u00e9rales.<\/p>\n<h2>QUESTIONS<\/h2>\n<p>Si vous avez des questions concernant le programme ou son fonctionnement, veuillez contacter votre charg\u00e9 de compte local si vous en avez un, ou envoyer un email \u00e0 l&#8217;adresse de votre juridiction indiqu\u00e9e en haut de ces Conditions G\u00e9n\u00e9rales.<\/p>\n                <\/div>\n            <\/article>\n        <\/div>\n    <\/section>\n","protected":false},"excerpt":{"rendered":"","protected":false},"author":81,"featured_media":0,"parent":5559,"menu_order":0,"comment_status":"closed","ping_status":"closed","template":"templates\/base.php","meta":{"_acf_changed":true,"_editorskit_title_hidden":false,"_editorskit_reading_time":1,"_editorskit_is_block_options_detached":false,"_editorskit_block_options_position":"{}","footnotes":""},"class_list":["post-5561","page","type-page","status-publish","hentry"],"acf":[],"yoast_head":"<!-- This site is optimized with the Yoast SEO plugin v27.3 - https:\/\/yoast.com\/product\/yoast-seo-wordpress\/ -->\n<title>Conditions du Programme de Parrainage du Logiciel Treatwell<\/title>\n<meta name=\"description\" content=\"Lisez les Conditions G\u00e9n\u00e9rales officielles du Programme de Parrainage Treatwell. D\u00e9couvrez comment vous pouvez \u00eatre r\u00e9compens\u00e9 en parrainant un salon.\" \/>\n<meta name=\"robots\" content=\"index, follow, max-snippet:-1, max-image-preview:large, max-video-preview:-1\" \/>\n<link rel=\"canonical\" href=\"https:\/\/www.treatwell.fr/partenaires\/recommander-un-salon-partner\/programme-de-parrainage-treatwell-pro-termes-et-conditions\/\" \/>\n<meta property=\"og:locale\" content=\"fr_FR\" \/>\n<meta property=\"og:type\" content=\"article\" \/>\n<meta property=\"og:title\" content=\"Conditions du Programme de Parrainage du Logiciel Treatwell\" \/>\n<meta property=\"og:description\" content=\"Lisez les Conditions G\u00e9n\u00e9rales officielles du Programme de Parrainage Treatwell. D\u00e9couvrez comment vous pouvez \u00eatre r\u00e9compens\u00e9 en parrainant un salon.\" \/>\n<meta property=\"og:url\" content=\"https:\/\/www.treatwell.fr/partenaires\/recommander-un-salon-partner\/programme-de-parrainage-treatwell-pro-termes-et-conditions\/\" \/>\n<meta property=\"og:site_name\" content=\"Treatwell Business\" \/>\n<meta property=\"article:modified_time\" content=\"2025-11-18T10:30:01+00:00\" \/>\n<meta property=\"og:image\" content=\"https:\/\/www.treatwell.fr/partenaires\/wp-content\/uploads\/sites\/6\/2025\/01\/fb-share.png\" \/>\n\t<meta property=\"og:image:width\" content=\"1200\" \/>\n\t<meta property=\"og:image:height\" content=\"630\" \/>\n\t<meta property=\"og:image:type\" content=\"image\/png\" \/>\n<meta name=\"twitter:card\" content=\"summary_large_image\" \/>\n<script type=\"application\/ld+json\" class=\"yoast-schema-graph\">{\"@context\":\"https:\\\/\\\/schema.org\",\"@graph\":[{\"@type\":\"WebPage\",\"@id\":\"https:\\\/\\\/www.treatwell.fr/partenaires\\\/recommander-un-salon-partner\\\/programme-de-parrainage-treatwell-pro-termes-et-conditions\\\/\",\"url\":\"https:\\\/\\\/www.treatwell.fr/partenaires\\\/recommander-un-salon-partner\\\/programme-de-parrainage-treatwell-pro-termes-et-conditions\\\/\",\"name\":\"Conditions du Programme de Parrainage du Logiciel Treatwell\",\"isPartOf\":{\"@id\":\"https:\\\/\\\/www.treatwell.fr/partenaires\\\/#website\"},\"datePublished\":\"2022-06-27T15:58:23+00:00\",\"dateModified\":\"2025-11-18T10:30:01+00:00\",\"description\":\"Lisez les Conditions G\u00e9n\u00e9rales officielles du Programme de Parrainage Treatwell. D\u00e9couvrez comment vous pouvez \u00eatre r\u00e9compens\u00e9 en parrainant un salon.\",\"breadcrumb\":{\"@id\":\"https:\\\/\\\/www.treatwell.fr/partenaires\\\/recommander-un-salon-partner\\\/programme-de-parrainage-treatwell-pro-termes-et-conditions\\\/#breadcrumb\"},\"inLanguage\":\"fr-FR\",\"potentialAction\":[{\"@type\":\"ReadAction\",\"target\":[\"https:\\\/\\\/www.treatwell.fr/partenaires\\\/recommander-un-salon-partner\\\/programme-de-parrainage-treatwell-pro-termes-et-conditions\\\/\"]}]},{\"@type\":\"BreadcrumbList\",\"@id\":\"https:\\\/\\\/www.treatwell.fr/partenaires\\\/recommander-un-salon-partner\\\/programme-de-parrainage-treatwell-pro-termes-et-conditions\\\/#breadcrumb\",\"itemListElement\":[{\"@type\":\"ListItem\",\"position\":1,\"name\":\"Home\",\"item\":\"https:\\\/\\\/www.treatwell.fr/partenaires\\\/\"},{\"@type\":\"ListItem\",\"position\":2,\"name\":\"Recommander un salon partner\",\"item\":\"https:\\\/\\\/www.treatwell.fr/partenaires\\\/recommander-un-salon-partner\\\/\"},{\"@type\":\"ListItem\",\"position\":3,\"name\":\"Programme de parrainage Treatwell PRO &#8211; Termes et Conditions\"}]},{\"@type\":\"WebSite\",\"@id\":\"https:\\\/\\\/www.treatwell.fr/partenaires\\\/#website\",\"url\":\"https:\\\/\\\/www.treatwell.fr/partenaires\\\/\",\"name\":\"Treatwell Business\",\"description\":\"\",\"publisher\":{\"@id\":\"https:\\\/\\\/www.treatwell.fr/partenaires\\\/#organization\"},\"potentialAction\":[{\"@type\":\"SearchAction\",\"target\":{\"@type\":\"EntryPoint\",\"urlTemplate\":\"https:\\\/\\\/www.treatwell.fr/partenaires\\\/?s={search_term_string}\"},\"query-input\":{\"@type\":\"PropertyValueSpecification\",\"valueRequired\":true,\"valueName\":\"search_term_string\"}}],\"inLanguage\":\"fr-FR\"},{\"@type\":\"Organization\",\"@id\":\"https:\\\/\\\/www.treatwell.fr/partenaires\\\/#organization\",\"name\":\"Treatwell\",\"url\":\"https:\\\/\\\/www.treatwell.fr/partenaires\\\/\",\"logo\":{\"@type\":\"ImageObject\",\"inLanguage\":\"fr-FR\",\"@id\":\"https:\\\/\\\/www.treatwell.fr/partenaires\\\/#\\\/schema\\\/logo\\\/image\\\/\",\"url\":\"https:\\\/\\\/www.treatwell.fr/partenaires\\\/wp-content\\\/uploads\\\/sites\\\/6\\\/2020\\\/04\\\/treatwell-logotype-navy-rgb@2x.png\",\"contentUrl\":\"https:\\\/\\\/www.treatwell.fr/partenaires\\\/wp-content\\\/uploads\\\/sites\\\/6\\\/2020\\\/04\\\/treatwell-logotype-navy-rgb@2x.png\",\"width\":302,\"height\":56,\"caption\":\"Treatwell\"},\"image\":{\"@id\":\"https:\\\/\\\/www.treatwell.fr/partenaires\\\/#\\\/schema\\\/logo\\\/image\\\/\"}}]}<\/script>\n<!-- \/ Yoast SEO plugin. -->","yoast_head_json":{"title":"Conditions du Programme de Parrainage du Logiciel Treatwell","description":"Lisez les Conditions G\u00e9n\u00e9rales officielles du Programme de Parrainage Treatwell. D\u00e9couvrez comment vous pouvez \u00eatre r\u00e9compens\u00e9 en parrainant un salon.","robots":{"index":"index","follow":"follow","max-snippet":"max-snippet:-1","max-image-preview":"max-image-preview:large","max-video-preview":"max-video-preview:-1"},"canonical":"https:\/\/www.treatwell.fr/partenaires\/recommander-un-salon-partner\/programme-de-parrainage-treatwell-pro-termes-et-conditions\/","og_locale":"fr_FR","og_type":"article","og_title":"Conditions du Programme de Parrainage du Logiciel Treatwell","og_description":"Lisez les Conditions G\u00e9n\u00e9rales officielles du Programme de Parrainage Treatwell. D\u00e9couvrez comment vous pouvez \u00eatre r\u00e9compens\u00e9 en parrainant un salon.","og_url":"https:\/\/www.treatwell.fr/partenaires\/recommander-un-salon-partner\/programme-de-parrainage-treatwell-pro-termes-et-conditions\/","og_site_name":"Treatwell Business","article_modified_time":"2025-11-18T10:30:01+00:00","og_image":[{"width":1200,"height":630,"url":"https:\/\/www.treatwell.fr/partenaires\/wp-content\/uploads\/sites\/6\/2025\/01\/fb-share.png","type":"image\/png"}],"twitter_card":"summary_large_image","schema":{"@context":"https:\/\/schema.org","@graph":[{"@type":"WebPage","@id":"https:\/\/www.treatwell.fr/partenaires\/recommander-un-salon-partner\/programme-de-parrainage-treatwell-pro-termes-et-conditions\/","url":"https:\/\/www.treatwell.fr/partenaires\/recommander-un-salon-partner\/programme-de-parrainage-treatwell-pro-termes-et-conditions\/","name":"Conditions du Programme de Parrainage du Logiciel Treatwell","isPartOf":{"@id":"https:\/\/www.treatwell.fr/partenaires\/#website"},"datePublished":"2022-06-27T15:58:23+00:00","dateModified":"2025-11-18T10:30:01+00:00","description":"Lisez les Conditions G\u00e9n\u00e9rales officielles du Programme de Parrainage Treatwell. D\u00e9couvrez comment vous pouvez \u00eatre r\u00e9compens\u00e9 en parrainant un salon.","breadcrumb":{"@id":"https:\/\/www.treatwell.fr/partenaires\/recommander-un-salon-partner\/programme-de-parrainage-treatwell-pro-termes-et-conditions\/#breadcrumb"},"inLanguage":"fr-FR","potentialAction":[{"@type":"ReadAction","target":["https:\/\/www.treatwell.fr/partenaires\/recommander-un-salon-partner\/programme-de-parrainage-treatwell-pro-termes-et-conditions\/"]}]},{"@type":"BreadcrumbList","@id":"https:\/\/www.treatwell.fr/partenaires\/recommander-un-salon-partner\/programme-de-parrainage-treatwell-pro-termes-et-conditions\/#breadcrumb","itemListElement":[{"@type":"ListItem","position":1,"name":"Home","item":"https:\/\/www.treatwell.fr/partenaires\/"},{"@type":"ListItem","position":2,"name":"Recommander un salon partner","item":"https:\/\/www.treatwell.fr/partenaires\/recommander-un-salon-partner\/"},{"@type":"ListItem","position":3,"name":"Programme de parrainage Treatwell PRO &#8211; Termes et Conditions"}]},{"@type":"WebSite","@id":"https:\/\/www.treatwell.fr/partenaires\/#website","url":"https:\/\/www.treatwell.fr/partenaires\/","name":"Treatwell Business","description":"","publisher":{"@id":"https:\/\/www.treatwell.fr/partenaires\/#organization"},"potentialAction":[{"@type":"SearchAction","target":{"@type":"EntryPoint","urlTemplate":"https:\/\/www.treatwell.fr/partenaires\/?s={search_term_string}"},"query-input":{"@type":"PropertyValueSpecification","valueRequired":true,"valueName":"search_term_string"}}],"inLanguage":"fr-FR"},{"@type":"Organization","@id":"https:\/\/www.treatwell.fr/partenaires\/#organization","name":"Treatwell","url":"https:\/\/www.treatwell.fr/partenaires\/","logo":{"@type":"ImageObject","inLanguage":"fr-FR","@id":"https:\/\/www.treatwell.fr/partenaires\/#\/schema\/logo\/image\/","url":"https:\/\/www.treatwell.fr/partenaires\/wp-content\/uploads\/sites\/6\/2020\/04\/treatwell-logotype-navy-rgb@2x.png","contentUrl":"https:\/\/www.treatwell.fr/partenaires\/wp-content\/uploads\/sites\/6\/2020\/04\/treatwell-logotype-navy-rgb@2x.png","width":302,"height":56,"caption":"Treatwell"},"image":{"@id":"https:\/\/www.treatwell.fr/partenaires\/#\/schema\/logo\/image\/"}}]}},"_links":{"self":[{"href":"https:\/\/www.treatwell.fr\/partenaires\/wp-json\/wp\/v2\/pages\/5561","targetHints":{"allow":["GET"]}}],"collection":[{"href":"https:\/\/www.treatwell.fr\/partenaires\/wp-json\/wp\/v2\/pages"}],"about":[{"href":"https:\/\/www.treatwell.fr\/partenaires\/wp-json\/wp\/v2\/types\/page"}],"author":[{"embeddable":true,"href":"https:\/\/www.treatwell.fr\/partenaires\/wp-json\/wp\/v2\/users\/81"}],"replies":[{"embeddable":true,"href":"https:\/\/www.treatwell.fr\/partenaires\/wp-json\/wp\/v2\/comments?post=5561"}],"version-history":[{"count":0,"href":"https:\/\/www.treatwell.fr\/partenaires\/wp-json\/wp\/v2\/pages\/5561\/revisions"}],"up":[{"embeddable":true,"href":"https:\/\/www.treatwell.fr\/partenaires\/wp-json\/wp\/v2\/pages\/5559"}],"wp:attachment":[{"href":"https:\/\/www.treatwell.fr\/partenaires\/wp-json\/wp\/v2\/media?parent=5561"}],"curies":[{"name":"wp","href":"https:\/\/api.w.org\/{rel}","templated":true}]}}